{"id":160694,"date":"2025-12-05T12:30:05","date_gmt":"2025-12-05T11:30:05","guid":{"rendered":"https:\/\/secureus.se\/?post_type=product&#038;p=160694"},"modified":"2026-03-13T10:54:10","modified_gmt":"2026-03-13T09:54:10","slug":"usb-eco-usb-programmerare-for-asc-larmsandare","status":"publish","type":"product","link":"https:\/\/secureus.se\/pl\/usb-eco-usb-programmerare-for-asc-larmsandare\/","title":{"rendered":"USB Eco \u2013 programator USB do nadajnik\u00f3w alarmowych ASC"},"content":{"rendered":"<p data-start=\"91\" data-end=\"282\">Prosta i kompaktowa konstrukcja.<br data-start=\"134\" data-end=\"137\" \/>Kable i p\u0142yta instalacyjna nie s\u0105 do\u0142\u0105czone.<br data-start=\"175\" data-end=\"178\" \/>Sterownik USB mo\u017cna pobra\u0107 z naszej strony internetowej.<br data-start=\"226\" data-end=\"229\" \/>Zapewnia zasilanie i umo\u017cliwia programowanie modu\u0142u GSM.<\/p>\n<p data-start=\"284\" data-end=\"423\"><strong data-start=\"284\" data-end=\"328\">Kompatybilny z oprogramowaniem ProRead dla:<\/strong><br data-start=\"328\" data-end=\"331\" \/>\u2013 EasyCon GSM<br data-start=\"344\" data-end=\"347\" \/>\u2013 ProCon GSM \/ Chmura \/ 4G<br data-start=\"372\" data-end=\"375\" \/>\u2013 ProLine GSM<br data-start=\"388\" data-end=\"391\" \/>\u2013 InterCom GSM<br data-start=\"405\" data-end=\"408\" \/>\u2013 Modu\u0142 Exp 8IO<\/p>\n<p data-start=\"425\" data-end=\"502\" data-is-last-node=\"\" data-is-only-node=\"\"><strong data-start=\"425\" data-end=\"446\">Obszar zastosowania<\/strong><br data-start=\"446\" data-end=\"449\" \/>S\u0142u\u017cy do kompleksowego programowania modu\u0142\u00f3w GSM.<\/p>","protected":false},"excerpt":{"rendered":"<ul>\n<li>Prosta i kompaktowa konstrukcja. Pod\u0142\u0105cz bezpo\u015brednio do nadajnika alarmowego.<\/li>\n<li>Kable i p\u0142yta instalacyjna nie s\u0105 do\u0142\u0105czone.<\/li>\n<li>Sterownik USB mo\u017cna pobra\u0107 ze strony internetowej dostawcy.<\/li>\n<li>Zapewnia zasilanie i umo\u017cliwia programowanie modu\u0142u GSM ASC.<\/li>\n<\/ul>","protected":false},"featured_media":160692,"template":"","meta":{"_acf_changed":false},"product_brand":[],"product_cat":[1551],"product_tag":[],"class_list":{"0":"post-160694","1":"product","2":"type-product","3":"status-publish","4":"has-post-thumbnail","6":"product_cat-larmoverforing","7":"pa_brands-asc","8":"tm-no-options","10":"first","11":"instock","12":"taxable","13":"shipping-taxable","14":"purchasable","15":"product-type-simple"},"acf":[],"_links":{"self":[{"href":"https:\/\/secureus.se\/pl\/wp-json\/wp\/v2\/product\/160694","targetHints":{"allow":["GET"]}}],"collection":[{"href":"https:\/\/secureus.se\/pl\/wp-json\/wp\/v2\/product"}],"about":[{"href":"https:\/\/secureus.se\/pl\/wp-json\/wp\/v2\/types\/product"}],"wp:featuredmedia":[{"embeddable":true,"href":"https:\/\/secureus.se\/pl\/wp-json\/wp\/v2\/media\/160692"}],"wp:attachment":[{"href":"https:\/\/secureus.se\/pl\/wp-json\/wp\/v2\/media?parent=160694"}],"wp:term":[{"taxonomy":"product_brand","embeddable":true,"href":"https:\/\/secureus.se\/pl\/wp-json\/wp\/v2\/product_brand?post=160694"},{"taxonomy":"product_cat","embeddable":true,"href":"https:\/\/secureus.se\/pl\/wp-json\/wp\/v2\/product_cat?post=160694"},{"taxonomy":"product_tag","embeddable":true,"href":"https:\/\/secureus.se\/pl\/wp-json\/wp\/v2\/product_tag?post=160694"}],"curies":[{"name":"wp","href":"https:\/\/api.w.org\/{rel}","templated":true}]}}