{"id":160784,"date":"2025-10-02T11:32:28","date_gmt":"2025-10-02T09:32:28","guid":{"rendered":"https:\/\/secureus.se\/temperatur-fuktsensor-for-wifi-vaderstation\/"},"modified":"2026-04-09T15:51:09","modified_gmt":"2026-04-09T13:51:09","slug":"temperatur-fuktsensor-for-wifi-vaderstation","status":"publish","type":"product","link":"https:\/\/secureus.se\/pl\/temperatur-fuktsensor-for-wifi-vaderstation\/","title":{"rendered":"Czujnik temperatury i wilgotno\u015bci do stacji pogodowej Wifi"},"content":{"rendered":"<h1 data-start=\"342\" data-end=\"661\">Czujnik temperatury i wilgotno\u015bci do stacji pogodowej Wifi<\/h1>\n<p data-start=\"342\" data-end=\"661\">Ten dodatkowy czujnik temperatury i wilgotno\u015bci jest idealnym uzupe\u0142nieniem Twojej stacji pogodowej WiFi (SMH-WEATHER).<\/p>\n<p data-start=\"342\" data-end=\"661\">Dzi\u0119ki stabilnej transmisji bezprzewodowej na odleg\u0142o\u015b\u0107 do 100 metr\u00f3w mo\u017cesz \u0142atwo umie\u015bci\u0107 czujnik w r\u00f3\u017cnych \u015brodowiskach i uzyska\u0107 dok\u0142adne odczyty bezpo\u015brednio na jednostce wewn\u0119trznej pod\u0142\u0105czonej do systemu.<\/p>\n<p data-start=\"663\" data-end=\"950\">Czujnik rejestruje temperatur\u0119 i wilgotno\u015b\u0107 w czasie rzeczywistym i przesy\u0142a te dane do stacji pogodowej. Dzi\u0119ki obs\u0142udze wielu kana\u0142\u00f3w (CH1, CH2, CH3) mo\u017cesz u\u017cywa\u0107 wielu czujnik\u00f3w jednocze\u015bnie do monitorowania np. sypialni, salon\u00f3w, piwnic, oran\u017cerii lub klimatu zewn\u0119trznego.<\/p>\n<p data-start=\"952\" data-end=\"1308\">Monta\u017c i instalacja s\u0105 \u0142atwe \u2013 czujnik mo\u017cna umie\u015bci\u0107 lub zawiesi\u0107 na \u015bcianie. Jest energooszcz\u0119dny i zaprojektowany z my\u015bl\u0105 o niezawodnej pracy przez d\u0142ugi czas. Po\u0142\u0105czenie wielu czujnik\u00f3w zapewnia pe\u0142ny obraz \u015brodowiska wewn\u0119trznego i zewn\u0119trznego, co jest szczeg\u00f3lnie cenne dla os\u00f3b, kt\u00f3re chc\u0105 monitorowa\u0107 komfort, oszcz\u0119dno\u015b\u0107 energii i warunki pogodowe.<\/p>\n<p data-start=\"1310\" data-end=\"1348\"><strong data-start=\"1310\" data-end=\"1346\">Korzy\u015bci i zastosowania:<\/strong><\/p>\n<ul data-start=\"1349\" data-end=\"1612\">\n<li data-start=\"1349\" data-end=\"1390\">\n<p data-start=\"1351\" data-end=\"1390\">Uzyskaj dane pomiarowe z wielu pomieszcze\u0144 lub stref<\/p>\n<\/li>\n<li data-start=\"1391\" data-end=\"1430\">\n<p data-start=\"1393\" data-end=\"1430\">Zasi\u0119g bezprzewodowy do 100 metr\u00f3w<\/p>\n<\/li>\n<li data-start=\"1431\" data-end=\"1467\">\n<p data-start=\"1433\" data-end=\"1467\">Obs\u0142uga wielu kana\u0142\u00f3w (CH1\u2013CH3)<\/p>\n<\/li>\n<li data-start=\"1468\" data-end=\"1511\">\n<p data-start=\"1470\" data-end=\"1511\">Mierzy temperatur\u0119 i wilgotno\u015b\u0107<\/p>\n<\/li>\n<li data-start=\"1512\" data-end=\"1567\">\n<p data-start=\"1514\" data-end=\"1567\">\u0141atwy monta\u017c \u2013 mo\u017cna zawiesi\u0107 lub postawi\u0107 pionowo<\/p>\n<\/li>\n<li data-start=\"1568\" data-end=\"1612\">\n<p data-start=\"1570\" data-end=\"1612\">Nadaje si\u0119 do domu, biura, oran\u017cerii, szklarni itp.<\/p>\n<\/li>\n<\/ul>\n<p data-start=\"1614\" data-end=\"1645\"><strong data-start=\"1614\" data-end=\"1643\">Dane techniczne:<\/strong><\/p>\n<ul data-start=\"1646\" data-end=\"1790\">\n<li data-start=\"1646\" data-end=\"1687\">\n<p data-start=\"1648\" data-end=\"1687\">Funkcje: Pomiar temperatury i wilgotno\u015bci<\/p>\n<\/li>\n<li data-start=\"1688\" data-end=\"1724\">\n<p data-start=\"1690\" data-end=\"1724\">Zasi\u0119g bezprzewodowy: do 100 m<\/p>\n<\/li>\n<li data-start=\"1725\" data-end=\"1751\">\n<p data-start=\"1727\" data-end=\"1751\">Kana\u0142y: CH1, CH2, CH3<\/p>\n<\/li>\n<li data-start=\"1752\" data-end=\"1790\">\n<p data-start=\"1754\" data-end=\"1790\">Kompatybilny ze stacjami pogodowymi WiFi<\/p>\n<\/li>\n<li data-start=\"1752\" data-end=\"1790\">Baterie do dzia\u0142ania: 2 x AA (brak w zestawie, nale\u017cy je zakupi\u0107 osobno)<\/li>\n<\/ul>","protected":false},"excerpt":{"rendered":"<p>Dodatkowy czujnik temperatury i wilgotno\u015bci, kt\u00f3ry \u0142atwo \u0142\u0105czy si\u0119 ze stacj\u0105 pogodow\u0105 WiFi o numerze SKU: SMH-WEATHER (nie dotyczy modelu SMH-WEATHER-Pro)<\/p>\n<p>Zapewnia dok\u0142adne pomiary w wielu pomieszczeniach lub na zewn\u0105trz, z zasi\u0119giem do 100 metr\u00f3w. Idealny do domu, biura, szklarni lub oran\u017cerii.<\/p>","protected":false},"featured_media":161320,"template":"","meta":{"_acf_changed":false},"product_brand":[],"product_cat":[4767],"product_tag":[],"class_list":{"0":"post-160784","1":"product","2":"type-product","3":"status-publish","4":"has-post-thumbnail","6":"product_cat-smart-klimat-vader","7":"product_shipping_class-postnord-varubrev","8":"tm-no-options","10":"first","11":"instock","12":"sale","13":"taxable","14":"shipping-taxable","15":"purchasable","16":"product-type-simple"},"acf":[],"_links":{"self":[{"href":"https:\/\/secureus.se\/pl\/wp-json\/wp\/v2\/product\/160784","targetHints":{"allow":["GET"]}}],"collection":[{"href":"https:\/\/secureus.se\/pl\/wp-json\/wp\/v2\/product"}],"about":[{"href":"https:\/\/secureus.se\/pl\/wp-json\/wp\/v2\/types\/product"}],"wp:featuredmedia":[{"embeddable":true,"href":"https:\/\/secureus.se\/pl\/wp-json\/wp\/v2\/media\/161320"}],"wp:attachment":[{"href":"https:\/\/secureus.se\/pl\/wp-json\/wp\/v2\/media?parent=160784"}],"wp:term":[{"taxonomy":"product_brand","embeddable":true,"href":"https:\/\/secureus.se\/pl\/wp-json\/wp\/v2\/product_brand?post=160784"},{"taxonomy":"product_cat","embeddable":true,"href":"https:\/\/secureus.se\/pl\/wp-json\/wp\/v2\/product_cat?post=160784"},{"taxonomy":"product_tag","embeddable":true,"href":"https:\/\/secureus.se\/pl\/wp-json\/wp\/v2\/product_tag?post=160784"}],"curies":[{"name":"wp","href":"https:\/\/api.w.org\/{rel}","templated":true}]}}