{"id":160832,"date":"2025-12-11T13:46:44","date_gmt":"2025-12-11T12:46:44","guid":{"rendered":"https:\/\/secureus.se\/slutbleck-easy-fix-22mm-mattsvart\/"},"modified":"2026-04-08T15:05:07","modified_gmt":"2026-04-08T13:05:07","slug":"slutbleck-easy-fix-22mm-mattsvart","status":"publish","type":"product","link":"https:\/\/secureus.se\/pl\/slutbleck-easy-fix-22mm-mattsvart\/","title":{"rendered":"P\u0142ytka ko\u0144cowa Easy-Fix 2,2 mm Matowa czer\u0144"},"content":{"rendered":"<p>AGB Easy-Fix XT to blacha zaczepowa zaprojektowana z my\u015bl\u0105 o u\u0142atwieniu monta\u017cu drzwi producentom i instalatorom. Blacha zaczepowa to prosta p\u0142yta czo\u0142owa uzupe\u0142niona o \u0142atwo montowan\u0105 os\u0142on\u0119. Os\u0142ona nie jest do\u0142\u0105czona do zestawu, patrz sekcja \u201ePo\u0142\u0105cz z\u201d. Pasuje do obud\u00f3w zamk\u00f3w Polaris 2XT i Revolution XT.<\/p>\n<p><b>W\u0142a\u015bciwo\u015bci:<\/b><\/p>\n<ul>\n<li>\u0141atwe do p\u00f3\u017aniejszego zmielenia<\/li>\n<li>Klikalny p\u0142aszcz<\/li>\n<li>Szeroko\u015b\u0107: 22 mm<\/li>\n<li>D\u0142ugo\u015b\u0107: 82mm<\/li>\n<li>Grubo\u015b\u0107: 2,2 mm<\/li>\n<li>Rozmiar j\u0119zyka: 3 lub 5 mm bez os\u0142ony<\/li>\n<\/ul>","protected":false},"excerpt":{"rendered":"<p>AGB Easy-Fix XT \u00e4r ett slutbleck designats f\u00f6r att g\u00f6ra det enkelt f\u00f6r d\u00f6rrtillverkare och m\u00f6nt\u00f6rer. Slutblecket \u00e4r en enkel front pl\u00e5t som kompletteras med en kappa som enkelt klickas<\/p>","protected":false},"featured_media":160831,"template":"","meta":{"_acf_changed":false},"product_brand":[],"product_cat":[4891],"product_tag":[],"class_list":{"0":"post-160832","1":"product","2":"type-product","3":"status-publish","4":"has-post-thumbnail","6":"product_cat-slutbleck-och-tillbehor","7":"pa_brands-agb","8":"tm-no-options","10":"first","11":"instock","12":"taxable","13":"shipping-taxable","14":"purchasable","15":"product-type-simple"},"acf":[],"_links":{"self":[{"href":"https:\/\/secureus.se\/pl\/wp-json\/wp\/v2\/product\/160832","targetHints":{"allow":["GET"]}}],"collection":[{"href":"https:\/\/secureus.se\/pl\/wp-json\/wp\/v2\/product"}],"about":[{"href":"https:\/\/secureus.se\/pl\/wp-json\/wp\/v2\/types\/product"}],"wp:featuredmedia":[{"embeddable":true,"href":"https:\/\/secureus.se\/pl\/wp-json\/wp\/v2\/media\/160831"}],"wp:attachment":[{"href":"https:\/\/secureus.se\/pl\/wp-json\/wp\/v2\/media?parent=160832"}],"wp:term":[{"taxonomy":"product_brand","embeddable":true,"href":"https:\/\/secureus.se\/pl\/wp-json\/wp\/v2\/product_brand?post=160832"},{"taxonomy":"product_cat","embeddable":true,"href":"https:\/\/secureus.se\/pl\/wp-json\/wp\/v2\/product_cat?post=160832"},{"taxonomy":"product_tag","embeddable":true,"href":"https:\/\/secureus.se\/pl\/wp-json\/wp\/v2\/product_tag?post=160832"}],"curies":[{"name":"wp","href":"https:\/\/api.w.org\/{rel}","templated":true}]}}