{"id":160835,"date":"2025-12-11T13:46:39","date_gmt":"2025-12-11T12:46:39","guid":{"rendered":"https:\/\/secureus.se\/kappa-easy-fix-xt-mattsvart\/"},"modified":"2026-04-08T15:05:11","modified_gmt":"2026-04-08T13:05:11","slug":"kappa-easy-fix-xt-mattsvart","status":"publish","type":"product","link":"https:\/\/secureus.se\/pl\/kappa-easy-fix-xt-mattsvart\/","title":{"rendered":"Kappa Easy-Fix XT Matte Black"},"content":{"rendered":"<p>Os\u0142ona z regulowanym magnesem, dostosowana do blach zaczepowych z serii Easy-Fix. Mocowana na zatrzask z ty\u0142u s\u0142upka blachy zaczepowej. Pasuje do skrzynek zamk\u00f3w Polaris 2XT i Revolution XT.<\/p>\n<p><b>W\u0142a\u015bciwo\u015bci:<\/b><\/p>\n<ul>\n<li>Wystarczy klikn\u0105\u0107 na p\u0142yt\u0119 ko\u0144cow\u0105<\/li>\n<li>Szeroko\u015b\u0107: 14 mm<\/li>\n<li>G\u0142\u0119boko\u015b\u0107: 14 mm<\/li>\n<li>Wysoko\u015b\u0107: 44mm<\/li>\n<\/ul>","protected":false},"excerpt":{"rendered":"<p>Kappa med justerbar magnet anpassad f\u00f6r slutbleck i Easy-Fix serien. Klickas fast p\u00e5 baksidan av slutblecksstolpen. Passar l\u00e5shus Polaris 2XT och Revolution XT. Egenskaper: Klickas enkelt p\u00e5 slutblecken Bredd: 14<\/p>","protected":false},"featured_media":160833,"template":"","meta":{"_acf_changed":false},"product_brand":[],"product_cat":[4891],"product_tag":[],"class_list":{"0":"post-160835","1":"product","2":"type-product","3":"status-publish","4":"has-post-thumbnail","6":"product_cat-slutbleck-och-tillbehor","7":"pa_brands-agb","8":"tm-no-options","10":"first","11":"instock","12":"taxable","13":"shipping-taxable","14":"purchasable","15":"product-type-simple"},"acf":[],"_links":{"self":[{"href":"https:\/\/secureus.se\/pl\/wp-json\/wp\/v2\/product\/160835","targetHints":{"allow":["GET"]}}],"collection":[{"href":"https:\/\/secureus.se\/pl\/wp-json\/wp\/v2\/product"}],"about":[{"href":"https:\/\/secureus.se\/pl\/wp-json\/wp\/v2\/types\/product"}],"wp:featuredmedia":[{"embeddable":true,"href":"https:\/\/secureus.se\/pl\/wp-json\/wp\/v2\/media\/160833"}],"wp:attachment":[{"href":"https:\/\/secureus.se\/pl\/wp-json\/wp\/v2\/media?parent=160835"}],"wp:term":[{"taxonomy":"product_brand","embeddable":true,"href":"https:\/\/secureus.se\/pl\/wp-json\/wp\/v2\/product_brand?post=160835"},{"taxonomy":"product_cat","embeddable":true,"href":"https:\/\/secureus.se\/pl\/wp-json\/wp\/v2\/product_cat?post=160835"},{"taxonomy":"product_tag","embeddable":true,"href":"https:\/\/secureus.se\/pl\/wp-json\/wp\/v2\/product_tag?post=160835"}],"curies":[{"name":"wp","href":"https:\/\/api.w.org\/{rel}","templated":true}]}}