{"id":160945,"date":"2025-12-16T12:42:00","date_gmt":"2025-12-16T11:42:00","guid":{"rendered":"https:\/\/secureus.se\/?post_type=product&#038;p=160945"},"modified":"2026-04-23T12:28:32","modified_gmt":"2026-04-23T10:28:32","slug":"zebra-800010-101-black-monochrome-ribbon-2000-prints","status":"publish","type":"product","link":"https:\/\/secureus.se\/pl\/zebra-800010-101-black-monochrome-ribbon-2000-prints\/","title":{"rendered":"Wst\u0105\u017cka zebra \u2013 800010-101, czarna monochromatyczna (2000 wydruk\u00f3w)"},"content":{"rendered":"<h1>Wst\u0105\u017cka<br \/>\n  Zebra - 800010-101, Czarny monochromatyczny (2000 wydruk\u00f3w)<\/h1>\n<p>Ta\u015bma Zebra \u2013 800010-101, czarna monochromatyczna (2000 wydruk\u00f3w)<br \/>\n  Opaska KO z czarnym panelem i nak\u0142adk\u0105 ochronn\u0105. To dobry wyb\u00f3r, je\u015bli<br \/>\n  wymaga wyra\u017anego tekstu, kod\u00f3w kreskowych i dodatkowej ochrony na powierzchni karty.<\/p>\n<p>Nadaje si\u0119 do dowod\u00f3w osobistych, kart dost\u0119pu, kart cz\u0142onkowskich i innych<br \/>\n  karty plastikowe, gdzie liczy si\u0119 wysoka jako\u015b\u0107 druku i niezawodno\u015b\u0107<br \/>\n  wa\u017cny.<\/p>\n<ul>\n<li>Pojemno\u015b\u0107: do 2000 wydruk\u00f3w<\/li>\n<li>Typ zespo\u0142u: KO<\/li>\n<li>Oryginalny produkt<\/li>\n<li>Numer artyku\u0142u: 800010-101<\/li>\n<\/ul>\n<p><strong>Waga produktu:<\/strong> 2,00 kg<\/p>","protected":false},"excerpt":{"rendered":"<p>Zebra 800010-101 Black Monochrome Ribbon to wysokiej jako\u015bci ta\u015bma, kt\u00f3ra zapewnia wyra\u017ane czarne wydruki tekstu, linii i kod\u00f3w kreskowych.<\/p>\n<p>Ta\u015bma zapewnia do 2000 wydruk\u00f3w i idealnie nadaje si\u0119 do du\u017cych identyfikator\u00f3w dla go\u015bci, przepustek VIP i kart eventowych na konferencje, festiwale, imprezy sportowe i inne wydarzenia specjalne z Zebra ZC10L.<\/p>","protected":false},"featured_media":160944,"template":"","meta":{"_acf_changed":false},"product_brand":[],"product_cat":[3218],"product_tag":[],"class_list":{"0":"post-160945","1":"product","2":"type-product","3":"status-publish","4":"has-post-thumbnail","6":"product_cat-zebra-fargband-retransfer","7":"pa_brands-zebra","8":"tm-has-options","10":"first","11":"outofstock","12":"sale","13":"taxable","14":"shipping-taxable","15":"purchasable","16":"product-type-simple"},"acf":[],"_links":{"self":[{"href":"https:\/\/secureus.se\/pl\/wp-json\/wp\/v2\/product\/160945","targetHints":{"allow":["GET"]}}],"collection":[{"href":"https:\/\/secureus.se\/pl\/wp-json\/wp\/v2\/product"}],"about":[{"href":"https:\/\/secureus.se\/pl\/wp-json\/wp\/v2\/types\/product"}],"wp:featuredmedia":[{"embeddable":true,"href":"https:\/\/secureus.se\/pl\/wp-json\/wp\/v2\/media\/160944"}],"wp:attachment":[{"href":"https:\/\/secureus.se\/pl\/wp-json\/wp\/v2\/media?parent=160945"}],"wp:term":[{"taxonomy":"product_brand","embeddable":true,"href":"https:\/\/secureus.se\/pl\/wp-json\/wp\/v2\/product_brand?post=160945"},{"taxonomy":"product_cat","embeddable":true,"href":"https:\/\/secureus.se\/pl\/wp-json\/wp\/v2\/product_cat?post=160945"},{"taxonomy":"product_tag","embeddable":true,"href":"https:\/\/secureus.se\/pl\/wp-json\/wp\/v2\/product_tag?post=160945"}],"curies":[{"name":"wp","href":"https:\/\/api.w.org\/{rel}","templated":true}]}}