{"id":160947,"date":"2025-12-16T12:42:01","date_gmt":"2025-12-16T11:42:01","guid":{"rendered":"https:\/\/secureus.se\/?post_type=product&#038;p=160947"},"modified":"2026-04-08T16:38:02","modified_gmt":"2026-04-08T14:38:02","slug":"zebra-800010-140-ymco-ribbon-400-prints","status":"publish","type":"product","link":"https:\/\/secureus.se\/pl\/zebra-800010-140-ymco-ribbon-400-prints\/","title":{"rendered":"F\u00e4rgband Zebra YMCO &#8211; 800010-140 (400 utskrifter)"},"content":{"rendered":"<h1>Wst\u0105\u017cka<br \/>\n  Zebra YMCO &#8211; 800010-140 (400 utskrifter)<\/h1>\n<p>F\u00e4rgband Zebra YMCO &#8211; 800010-140 (400 utskrifter) \u00e4r ett f\u00e4rgband<br \/>\n  do drukowania kart plastikowych o ostrych kolorach, wyra\u017anym tek\u015bcie i dobrej jako\u015bci<br \/>\n  detalj\u00e5tergivning. Bandtypen YMCO ger r\u00e4tt kombination av f\u00e4rgpaneler och<br \/>\n  Pow\u0142oka ochronna do profesjonalnego druku kart.<\/p>\n<p>Nadaje si\u0119 do dowod\u00f3w osobistych, kart dost\u0119pu, kart cz\u0142onkowskich i innych<br \/>\n  karty plastikowe, gdzie liczy si\u0119 wysoka jako\u015b\u0107 druku i niezawodno\u015b\u0107<br \/>\n  wa\u017cny.<\/p>\n<ul>\n<li>Pojemno\u015b\u0107: do 400 wydruk\u00f3w<\/li>\n<li>Bandtyp: YMCO<\/li>\n<li>Oryginalny produkt<\/li>\n<li>Artikelnummer: 800010-140<\/li>\n<\/ul>\n<p><strong>Waga produktu:<\/strong> 0,20 kg<\/p>","protected":false},"excerpt":{"rendered":"<p>Zebra 800010-140 YMCO Ribbon to wysokiej jako\u015bci 4-panelowa ta\u015bma barwi\u0105ca zaprojektowana specjalnie do drukarki kart Zebra ZC10L.<\/p>\n<p>Ta\u015bma zapewnia 400 wydruk\u00f3w w jasnych kolorach i nak\u0142adk\u0119 ochronn\u0105, dzi\u0119ki czemu idealnie nadaje si\u0119 do drukowania du\u017cych identyfikator\u00f3w dla go\u015bci i przepustek VIP na konferencje, festiwale, imprezy sportowe i inne wydarzenia specjalne.<\/p>","protected":false},"featured_media":160946,"template":"","meta":{"_acf_changed":false},"product_brand":[],"product_cat":[3218],"product_tag":[],"class_list":{"0":"post-160947","1":"product","2":"type-product","3":"status-publish","4":"has-post-thumbnail","6":"product_cat-zebra-fargband-retransfer","7":"pa_brands-zebra","8":"tm-has-options","10":"first","11":"instock","12":"sale","13":"taxable","14":"shipping-taxable","15":"purchasable","16":"product-type-simple"},"acf":[],"_links":{"self":[{"href":"https:\/\/secureus.se\/pl\/wp-json\/wp\/v2\/product\/160947","targetHints":{"allow":["GET"]}}],"collection":[{"href":"https:\/\/secureus.se\/pl\/wp-json\/wp\/v2\/product"}],"about":[{"href":"https:\/\/secureus.se\/pl\/wp-json\/wp\/v2\/types\/product"}],"wp:featuredmedia":[{"embeddable":true,"href":"https:\/\/secureus.se\/pl\/wp-json\/wp\/v2\/media\/160946"}],"wp:attachment":[{"href":"https:\/\/secureus.se\/pl\/wp-json\/wp\/v2\/media?parent=160947"}],"wp:term":[{"taxonomy":"product_brand","embeddable":true,"href":"https:\/\/secureus.se\/pl\/wp-json\/wp\/v2\/product_brand?post=160947"},{"taxonomy":"product_cat","embeddable":true,"href":"https:\/\/secureus.se\/pl\/wp-json\/wp\/v2\/product_cat?post=160947"},{"taxonomy":"product_tag","embeddable":true,"href":"https:\/\/secureus.se\/pl\/wp-json\/wp\/v2\/product_tag?post=160947"}],"curies":[{"name":"wp","href":"https:\/\/api.w.org\/{rel}","templated":true}]}}