{"id":160962,"date":"2025-12-16T12:42:02","date_gmt":"2025-12-16T11:42:02","guid":{"rendered":"https:\/\/secureus.se\/zebra-106000-10l1-media-kit-400-cards-with-1-slot-400-ymco-prints\/"},"modified":"2026-04-08T16:37:49","modified_gmt":"2026-04-08T14:37:49","slug":"zebra-106000-10l1-media-kit-400-cards-with-1-slot-400-ymco-prints","status":"publish","type":"product","link":"https:\/\/secureus.se\/pl\/zebra-106000-10l1-media-kit-400-cards-with-1-slot-400-ymco-prints\/","title":{"rendered":"Pakiet kart Zebra \u2013 106000-10L1 (400 kart, 1 slot)"},"content":{"rendered":"<h1>Pakiet kart<br \/>\n  Zebra \u2013 106000-10L1 (400 kart, 1 gniazdo)<\/h1>\n<p>Zestaw kart Zebra \u2013 106000-10L1 (400 kart, 1 gniazdo) to kompletny zestaw<br \/>\n  zestaw no\u015bnik\u00f3w do druku kart, kt\u00f3ry \u0142\u0105czy karty i materia\u0142y eksploatacyjne w jednym<br \/>\n  Zestaw doskonale nadaje si\u0119 do drukowania kart identyfikacyjnych, kart dost\u0119pu i<br \/>\n  karta wydarzenia.<\/p>\n<p>To dobry wyb\u00f3r dla firm, kt\u00f3re chc\u0105<br \/>\n  Oryginalne materia\u0142y eksploatacyjne o sta\u0142ej jako\u015bci i \u0142atwej obs\u0142udze.<\/p>\n<ul>\n<li>Pojemno\u015b\u0107: do 400 wydruk\u00f3w<\/li>\n<li>Zawiera 400 kart plastikowych<\/li>\n<li>Zawiera wst\u0105\u017ck\u0119 YMCO<\/li>\n<li>Oryginalny produkt<\/li>\n<\/ul>","protected":false},"excerpt":{"rendered":"<p>Zestaw materia\u0142\u00f3w eksploatacyjnych Zebra 106000-10L1 to kompletny pakiet materia\u0142\u00f3w eksploatacyjnych do drukowania na imprezach za pomoc\u0105 drukarki kart Zebra ZC10L.<\/p>\n<p>Zestaw zawiera 400 du\u017cych kart plastikowych z przygotowanym miejscem na smycz oraz wst\u0105\u017ck\u0119 YMCO pozwalaj\u0105c\u0105 na wykonanie 400 wydruk\u00f3w.<\/p>\n<p>Doskonale nadaj\u0105 si\u0119 do profesjonalnych przepustek VIP, identyfikator\u00f3w go\u015bcinnych i kart eventowych na konferencje, targi, festiwale i inne tymczasowe wydarzenia.<\/p>","protected":false},"featured_media":160958,"template":"","meta":{"_acf_changed":false},"product_brand":[],"product_cat":[3218],"product_tag":[],"class_list":{"0":"post-160962","1":"product","2":"type-product","3":"status-publish","4":"has-post-thumbnail","6":"product_cat-zebra-fargband-retransfer","7":"pa_brands-zebra","8":"tm-has-options","10":"first","11":"instock","12":"sale","13":"taxable","14":"shipping-taxable","15":"purchasable","16":"product-type-simple"},"acf":[],"_links":{"self":[{"href":"https:\/\/secureus.se\/pl\/wp-json\/wp\/v2\/product\/160962","targetHints":{"allow":["GET"]}}],"collection":[{"href":"https:\/\/secureus.se\/pl\/wp-json\/wp\/v2\/product"}],"about":[{"href":"https:\/\/secureus.se\/pl\/wp-json\/wp\/v2\/types\/product"}],"wp:featuredmedia":[{"embeddable":true,"href":"https:\/\/secureus.se\/pl\/wp-json\/wp\/v2\/media\/160958"}],"wp:attachment":[{"href":"https:\/\/secureus.se\/pl\/wp-json\/wp\/v2\/media?parent=160962"}],"wp:term":[{"taxonomy":"product_brand","embeddable":true,"href":"https:\/\/secureus.se\/pl\/wp-json\/wp\/v2\/product_brand?post=160962"},{"taxonomy":"product_cat","embeddable":true,"href":"https:\/\/secureus.se\/pl\/wp-json\/wp\/v2\/product_cat?post=160962"},{"taxonomy":"product_tag","embeddable":true,"href":"https:\/\/secureus.se\/pl\/wp-json\/wp\/v2\/product_tag?post=160962"}],"curies":[{"name":"wp","href":"https:\/\/api.w.org\/{rel}","templated":true}]}}