{"id":161081,"date":"2025-11-21T12:45:37","date_gmt":"2025-11-21T11:45:37","guid":{"rendered":"https:\/\/secureus.se\/rokpatron-testifire-tes3\/"},"modified":"2026-04-23T12:57:47","modified_gmt":"2026-04-23T10:57:47","slug":"rokpatron-testifire-tes3","status":"publish","type":"product","link":"https:\/\/secureus.se\/pl\/rokpatron-testifire-tes3\/","title":{"rendered":"Wk\u0142ad dymny Testifire-TES3"},"content":{"rendered":"<h1>Wk\u0142ad dymny Testifire-TES3<\/h1>\n<h3 data-start=\"364\" data-end=\"413\">Bezpieczne i niezawodne testowanie czujnik\u00f3w dymu<\/h3>\n<p data-start=\"414\" data-end=\"729\">Wk\u0142ad dymny TES3 zosta\u0142 specjalnie opracowany do stosowania z testerem wielokryterialnym Testifire XTR2 i umo\u017cliwia dok\u0142adne i zgodne z przepisami testowanie czujnik\u00f3w dymu.<\/p>\n<p data-start=\"414\" data-end=\"729\">Dzi\u0119ki symulacji prawdziwego dymu po\u017carowego mo\u017cliwe jest wiarygodne sprawdzenie dzia\u0142ania i reakcji urz\u0105dzenia, bez nara\u017cania u\u017cytkownik\u00f3w i \u015brodowiska na ryzyko.<\/p>\n<h3 data-start=\"731\" data-end=\"765\">Realistyczny dym \u2013 bez pozosta\u0142o\u015bci<\/h3>\n<p data-start=\"766\" data-end=\"1055\">TES3 zawiera \u017cel na bazie glicerolu, kt\u00f3ry jest podgrzewany w urz\u0105dzeniu Testifire XTR2 i emituje dym, kt\u00f3ry skutecznie aktywuje zar\u00f3wno optyczne, jak i jonizacyjne czujniki dymu.<\/p>\n<p data-start=\"766\" data-end=\"1055\">Po zako\u0144czeniu testu dym zostaje ca\u0142kowicie usuni\u0119ty i nie pozostawia \u017cadnych pozosta\u0142o\u015bci w detektorze, co minimalizuje potrzeb\u0119 p\u00f3\u017aniejszego przetwarzania i czyszczenia.<\/p>\n<h3 data-start=\"1057\" data-end=\"1097\">Dostosowane do udokumentowanych test\u00f3w<\/h3>\n<p data-start=\"1098\" data-end=\"1350\">W po\u0142\u0105czeniu z aplikacj\u0105 Testifire XTR2 i portalem w chmurze, ka\u017cdy test mo\u017ce by\u0107 automatycznie rejestrowany w czasie rzeczywistym.<\/p>\n<p data-start=\"1098\" data-end=\"1350\">Dzi\u0119ki temu osoby zarz\u0105dzaj\u0105ce po\u017carami, instalatorzy i w\u0142a\u015bciciele nieruchomo\u015bci maj\u0105 dost\u0119p do przejrzystej dokumentacji i mo\u017cliwo\u015bci \u015bledzenia, co spe\u0142nia aktualne wymagania dotycz\u0105ce nadzoru i samokontroli.<\/p>\n<h3 data-start=\"1352\" data-end=\"1376\">Zalety w skr\u00f3cie<\/h3>\n<ul data-start=\"1377\" data-end=\"1662\">\n<li data-start=\"1377\" data-end=\"1431\">\n<p data-start=\"1379\" data-end=\"1431\">Bezpieczny i nieszkodliwy wk\u0142ad dymny bez ci\u015bnienia<\/p>\n<\/li>\n<li data-start=\"1432\" data-end=\"1487\">\n<p data-start=\"1434\" data-end=\"1487\">Zapewnia bardzo realistyczny dym, umo\u017cliwiaj\u0105cy wiarygodne testowanie<\/p>\n<\/li>\n<li data-start=\"1488\" data-end=\"1530\">\n<p data-start=\"1490\" data-end=\"1530\">Brak wp\u0142ywu na detektor po testowaniu<\/p>\n<\/li>\n<li data-start=\"1531\" data-end=\"1595\">\n<p data-start=\"1533\" data-end=\"1595\">Skuteczne rozwi\u0105zanie dla profesjonalnych i cyklicznych przegl\u0105d\u00f3w<\/p>\n<\/li>\n<li data-start=\"1596\" data-end=\"1662\">\n<p data-start=\"1598\" data-end=\"1662\">Pe\u0142na kompatybilno\u015b\u0107 z Testifire XTR2 i jego cyfrowym rejestrowaniem<\/p>\n<\/li>\n<\/ul>\n<p data-start=\"1664\" data-end=\"1691\">SPECYFIKACJA TECHNICZNA:<\/p>\n<ul data-start=\"1692\" data-end=\"1994\">\n<li data-start=\"1692\" data-end=\"1737\">\n<p data-start=\"1694\" data-end=\"1737\">Typ produktu: Wk\u0142ad dymny do testowania czujnik\u00f3w dymu<\/p>\n<\/li>\n<li data-start=\"1738\" data-end=\"1754\">\n<p data-start=\"1740\" data-end=\"1754\">Model: TES3<\/p>\n<\/li>\n<li data-start=\"1755\" data-end=\"1789\">\n<p data-start=\"1757\" data-end=\"1789\">Kompatybilno\u015b\u0107: Testifire XTR2<\/p>\n<\/li>\n<li data-start=\"1790\" data-end=\"1824\">\n<p data-start=\"1792\" data-end=\"1824\">Medium testowe: Dym na bazie glicerolu<\/p>\n<\/li>\n<li data-start=\"1825\" data-end=\"1881\">\n<p data-start=\"1827\" data-end=\"1881\">Typy czujnik\u00f3w: Czujniki dymu optyczne i jonizacyjne<\/p>\n<\/li>\n<li data-start=\"1882\" data-end=\"1924\">\n<p data-start=\"1884\" data-end=\"1924\">Pojemno\u015b\u0107: oko\u0142o 800 test\u00f3w na wk\u0142ad<\/p>\n<\/li>\n<li data-start=\"1925\" data-end=\"1952\">\n<p data-start=\"1927\" data-end=\"1952\">Pozosta\u0142o\u015bci po testach: Brak<\/p>\n<\/li>\n<li data-start=\"1953\" data-end=\"1994\">\n<p data-start=\"1955\" data-end=\"1994\">Bezpiecze\u0144stwo: Nieszkodliwe i przyjazne dla \u015brodowiska<\/p>\n<\/li>\n<\/ul>","protected":false},"excerpt":{"rendered":"<p>Kartrid\u017c dymowy testifire-TES3 jest bezpiecznym i nieszkodliwym kartrid\u017cem dymowym przeznaczonym do testowania funkcjonalnego czujek dymu za pomoc\u0105 Testifire XTR2.<\/p>\n<p>Generuje realistyczny dym testowy, kt\u00f3ry aktywuje zar\u00f3wno optyczne, jak i jonizuj\u0105ce czujki dymu bez pozostawiania \u015blad\u00f3w.<\/p>\n<p>Produkt jest przeznaczony do profesjonalnego testowania w budynkach i obiektach.<\/p>","protected":false},"featured_media":161080,"template":"","meta":{"_acf_changed":false},"product_brand":[],"product_cat":[4757,5069,2946],"product_tag":[],"class_list":{"0":"post-161081","1":"product","2":"type-product","3":"status-publish","4":"has-post-thumbnail","6":"product_cat-xtr2","7":"product_cat-kassetter-rok-co","8":"product_cat-testifire","9":"pa_brands-testifire","10":"tm-no-options","12":"first","13":"instock","14":"taxable","15":"shipping-taxable","16":"purchasable","17":"product-type-simple"},"acf":[],"_links":{"self":[{"href":"https:\/\/secureus.se\/pl\/wp-json\/wp\/v2\/product\/161081","targetHints":{"allow":["GET"]}}],"collection":[{"href":"https:\/\/secureus.se\/pl\/wp-json\/wp\/v2\/product"}],"about":[{"href":"https:\/\/secureus.se\/pl\/wp-json\/wp\/v2\/types\/product"}],"wp:featuredmedia":[{"embeddable":true,"href":"https:\/\/secureus.se\/pl\/wp-json\/wp\/v2\/media\/161080"}],"wp:attachment":[{"href":"https:\/\/secureus.se\/pl\/wp-json\/wp\/v2\/media?parent=161081"}],"wp:term":[{"taxonomy":"product_brand","embeddable":true,"href":"https:\/\/secureus.se\/pl\/wp-json\/wp\/v2\/product_brand?post=161081"},{"taxonomy":"product_cat","embeddable":true,"href":"https:\/\/secureus.se\/pl\/wp-json\/wp\/v2\/product_cat?post=161081"},{"taxonomy":"product_tag","embeddable":true,"href":"https:\/\/secureus.se\/pl\/wp-json\/wp\/v2\/product_tag?post=161081"}],"curies":[{"name":"wp","href":"https:\/\/api.w.org\/{rel}","templated":true}]}}