{"id":161207,"date":"2022-07-04T07:51:01","date_gmt":"2022-07-04T05:51:01","guid":{"rendered":"https:\/\/secureus.se\/motorlas-6300-kpl-2\/"},"modified":"2026-02-26T17:34:51","modified_gmt":"2026-02-26T16:34:51","slug":"motorlas-6300-kpl-2","status":"publish","type":"product","link":"https:\/\/secureus.se\/pl\/motorlas-6300-kpl-2\/","title":{"rendered":"Blokada silnika Safetron 6300 kpl"},"content":{"rendered":"<p>Zamek silnikowy SAFETRON 6300 w zestawie. Zestaw zawiera: zamek silnikowy 6300, jednostk\u0119 steruj\u0105c\u0105 CU2, kabel po\u0142\u0105czeniowy C04 (10 m), p\u0142ytk\u0119 ko\u0144cow\u0105 106-5 i transfer ramy CT81.<\/p>\n<p>Zamek silnikowy 6300 o w\u0105skim profilu zwalnia si\u0119 w ci\u0105gu 0,2 sekundy, dlatego te\u017c w przypadku drzwi cz\u0119sto ucz\u0119szczanych zwykle nie jest wymagana osobna blokada dzienna. Typowe obszary zastosowa\u0144 to zamki dzienne, nocne i zabezpieczaj\u0105ce w handlu, biurach i przemy\u015ble, gdzie stawiane s\u0105 wysokie lub bardzo wysokie wymagania w zakresie bezpiecze\u0144stwa. Zamek silnikowy 6300 przystosowany jest do wsp\u00f3\u0142pracy z automatyk\u0105 drzwiow\u0105.<\/p>\n<p>Jednostka steruj\u0105ca CU2 ma najszerszy zakres zastosowa\u0144 na rynku, a jednocze\u015bnie jest najbardziej przyjazna dla u\u017cytkownika. Dzi\u0119ki CU2 mo\u017cna pod\u0142\u0105czy\u0107 dwa zamki silnikowe bez \u017cadnych ogranicze\u0144 w wymianie sygna\u0142\u00f3w, co oznacza, \u017ce CU2 to w rzeczywisto\u015bci dwie jednostki steruj\u0105ce w jednej. Mo\u017cliwe jest tak\u017ce zaprogramowanie przeka\u017anik\u00f3w AUX pod \u017c\u0105dan\u0105 funkcj\u0119, np.: pe\u0142na kontrola automatyzacji drzwi lub podstawowych funkcji.<\/p>\n<p>Jednostka steruj\u0105ca CU2 posiada funkcj\u0119 automatycznego skanowania, co sprawia, \u017ce instalacja jest typu plug-and-play. Nie jest wymagana inicjacja, natomiast parowanie pomi\u0119dzy urz\u0105dzeniami odbywa si\u0119 automatycznie po up\u0142ywie 12h, wtedy te\u017c cyfrowo w urz\u0105dzeniach ustawiana jest data instalacji, od kt\u00f3rej rozpoczyna si\u0119 bieg okresu gwarancji.<\/p>\n<p>Zar\u00f3wno obudowa zamka, jak i jednostka steruj\u0105ca posiadaj\u0105 wbudowany wy\u015bwietlacz z mo\u017cliwo\u015bci\u0105 nawigacji, kt\u00f3ry umo\u017cliwia dokonanie konfiguracji oraz odczytanie informacji m.in. wydarzenia i daty instalacji.<\/p>\n<p>\u2022 Certyfikowany zgodnie z klas\u0105 zamka SSF-3522 3, 4 i 5 oraz SS-EN 14846 klasa 7<\/p>\n<p>\u2022 Regu\u0142a haka<\/p>\n<p>\u2022 Przystosowany do automatyki bramowej<\/p>\n<p>\u2022 Kabel o d\u0142ugo\u015bci do 100 m<\/p>\n<p>\u2022 Automatyczna inicjalizacja<\/p>\n<p>\u2022 G\u0142\u0119boko\u015b\u0107 trzpienia 35 mm<\/p>\n<p>\u2022 Wy\u0142\u0105cza na 0,2 sekundy<\/p>\n<p>\u2022 Mo\u017cliwo\u015b\u0107 otwarcia za pomoc\u0105 klucza\/pokr\u0119t\u0142a (obr\u00f3t o 90 stopni)<\/p>\n<p>\u2022 Modu\u0142 serwisowy w jednostce steruj\u0105cej<\/p>\n<p>\u2022 Dziennik zdarze\u0144<\/p>\n<p>\u2022 Dziennik kod\u00f3w b\u0142\u0119d\u00f3w<\/p>\n<p>\u2022 Po\u0142\u0105czenie szeregowe, maksymalnie dwa zamki silnikowe do jednostki steruj\u0105cej<\/p>\n<p>\u2022 Napi\u0119cie: 10-48VDC, 8-35VAC, 60-300 mA<\/p>\n<p>\u2022 Temperatura: -30\u00b0C do +70\u00b0C<\/p>\n<p>\u2022 Pasuje do skandynawskich cylindr\u00f3w owalnych i okr\u0105g\u0142ych<\/p>","protected":false},"excerpt":{"rendered":"<p>SAFETRON motorl\u00e5s 6300 i satsf\u00f6rpackning. Satsf\u00f6rpackningen inneh\u00e5ller: motorl\u00e5s 6300, styrenhet CU2, anslutningskabel C04 (10m), slutbleck 106-5 samt karm\u00f6verf\u00f6ring CT81. Motorl\u00e5s 6300 i smalprofilutf\u00f6rande fr\u00e5nreglar under 0.2 sekunder och d\u00e4rf\u00f6r beh\u00f6vs<\/p>","protected":false},"featured_media":162720,"template":"","meta":{"_acf_changed":false},"product_brand":[],"product_cat":[2874],"product_tag":[4512,4542,4500,4866,4501],"class_list":{"0":"post-161207","1":"product","2":"type-product","3":"status-publish","4":"has-post-thumbnail","6":"product_cat-motorlas","7":"product_tag-motorlas-komplett-kpl","8":"product_tag-panikutrymning-nej","9":"product_tag-rel-safetron-motorlas","10":"product_tag-safetron-20","11":"product_tag-safetron-motorlas","12":"product_shipping_class-tunga-paket","13":"pa_brands-7safetron","14":"tm-has-options","16":"first","17":"instock","18":"sale","19":"featured","20":"taxable","21":"shipping-taxable","22":"purchasable","23":"product-type-simple"},"acf":[],"_links":{"self":[{"href":"https:\/\/secureus.se\/pl\/wp-json\/wp\/v2\/product\/161207","targetHints":{"allow":["GET"]}}],"collection":[{"href":"https:\/\/secureus.se\/pl\/wp-json\/wp\/v2\/product"}],"about":[{"href":"https:\/\/secureus.se\/pl\/wp-json\/wp\/v2\/types\/product"}],"wp:featuredmedia":[{"embeddable":true,"href":"https:\/\/secureus.se\/pl\/wp-json\/wp\/v2\/media\/162720"}],"wp:attachment":[{"href":"https:\/\/secureus.se\/pl\/wp-json\/wp\/v2\/media?parent=161207"}],"wp:term":[{"taxonomy":"product_brand","embeddable":true,"href":"https:\/\/secureus.se\/pl\/wp-json\/wp\/v2\/product_brand?post=161207"},{"taxonomy":"product_cat","embeddable":true,"href":"https:\/\/secureus.se\/pl\/wp-json\/wp\/v2\/product_cat?post=161207"},{"taxonomy":"product_tag","embeddable":true,"href":"https:\/\/secureus.se\/pl\/wp-json\/wp\/v2\/product_tag?post=161207"}],"curies":[{"name":"wp","href":"https:\/\/api.w.org\/{rel}","templated":true}]}}