{"id":161312,"date":"2026-01-07T12:51:13","date_gmt":"2026-01-07T11:51:13","guid":{"rendered":"https:\/\/secureus.se\/ajax-lockbridge-ajax-lasmodul-for-yale-doorman\/"},"modified":"2026-04-07T09:25:53","modified_gmt":"2026-04-07T07:25:53","slug":"ajax-lockbridge-ajax-lasmodul-for-yale-doorman","status":"publish","type":"product","link":"https:\/\/secureus.se\/pl\/ajax-lockbridge-ajax-lasmodul-for-yale-doorman\/","title":{"rendered":"Ajax LockBridge \u2013 modu\u0142 zamka Ajax dla Yale Doorman"},"content":{"rendered":"<p data-start=\"484\" data-end=\"745\"><strong data-start=\"484\" data-end=\"503\">Most Ajax LockBridge<\/strong> jest bezprzewodowym modu\u0142em blokuj\u0105cym s\u0142u\u017c\u0105cym do integracji <strong data-start=\"557\" data-end=\"573\">Drzwiarz Yale<\/strong> (V2N, Classic, L3 i L3S) z <strong data-start=\"605\" data-end=\"624\">System alarmowy Ajax<\/strong>Po zainstalowaniu LockBridge zamek Yale staje si\u0119 cz\u0119\u015bci\u0105 systemu Ajax i mo\u017cna nim sterowa\u0107 i monitorowa\u0107 go bezpo\u015brednio za pomoc\u0105 aplikacji Ajax.<\/p>\n<p data-start=\"747\" data-end=\"1025\">W przeciwie\u0144stwie do mostu WiFi firmy Yale, LockBridge komunikuje si\u0119 za po\u015brednictwem <strong data-start=\"812\" data-end=\"829\">Jubiler Ajax<\/strong>, co zapewnia znacznie lepszy zasi\u0119g i stabilniejsz\u0105 prac\u0119. Komunikacja dzia\u0142a r\u00f3wnie\u017c lokalnie, co oznacza, \u017ce podstawowe funkcje pozostaj\u0105 dost\u0119pne nawet w przypadku utraty po\u0142\u0105czenia internetowego.<\/p>\n<h3 data-start=\"1027\" data-end=\"1060\">Steruj zamkami i alarmami w tej samej aplikacji<\/h3>\n<p data-start=\"1061\" data-end=\"1126\">Po sparowaniu zamek pojawi si\u0119 jako urz\u0105dzenie w aplikacji Ajax. Mo\u017cesz:<\/p>\n<ul data-start=\"1127\" data-end=\"1273\">\n<li data-start=\"1127\" data-end=\"1163\">\n<p data-start=\"1129\" data-end=\"1163\">Zamykanie i otwieranie drzwi za pomoc\u0105 aplikacji<\/p>\n<\/li>\n<li data-start=\"1164\" data-end=\"1192\">\n<p data-start=\"1166\" data-end=\"1192\">Zobacz status zamka w czasie rzeczywistym<\/p>\n<\/li>\n<li data-start=\"1193\" data-end=\"1244\">\n<p data-start=\"1195\" data-end=\"1244\">Otrzymuj powiadomienia, gdy drzwi zostan\u0105 zablokowane lub odblokowane<\/p>\n<\/li>\n<li data-start=\"1245\" data-end=\"1273\">\n<p data-start=\"1247\" data-end=\"1273\">Wy\u015bwietl stan baterii zamka<\/p>\n<\/li>\n<\/ul>\n<p data-start=\"1275\" data-end=\"1308\">Wszystkie zdarzenia s\u0105 rejestrowane w systemie.<\/p>\n<h3 data-start=\"1310\" data-end=\"1343\">Automatyzacja mi\u0119dzy zamkiem a alarmem<\/h3>\n<p data-start=\"1344\" data-end=\"1419\">Dzi\u0119ki Ajax LockBridge mo\u017cesz tworzy\u0107 proste i przejrzyste scenariusze, takie jak:<\/p>\n<ul data-start=\"1420\" data-end=\"1563\">\n<li data-start=\"1420\" data-end=\"1457\">\n<p data-start=\"1422\" data-end=\"1457\">Gdy drzwi s\u0105 zamkni\u0119te \u2192 alarm jest aktywowany<\/p>\n<\/li>\n<li data-start=\"1458\" data-end=\"1501\">\n<p data-start=\"1460\" data-end=\"1501\">Po odblokowaniu drzwi \u2192 alarm zostaje wy\u0142\u0105czony<\/p>\n<\/li>\n<li data-start=\"1502\" data-end=\"1563\">\n<p data-start=\"1504\" data-end=\"1563\">Automatyczne odblokowanie drzwi po wy\u0142\u0105czeniu alarmu za pomoc\u0105 klawiatury<\/p>\n<\/li>\n<\/ul>\n<p data-start=\"1565\" data-end=\"1629\">Mo\u017cesz sam wybra\u0107 czy <strong data-start=\"1587\" data-end=\"1628\">zamek lub alarm powinien sterowa\u0107 systemem<\/strong>.<\/p>\n<h3 data-start=\"1631\" data-end=\"1653\">\u0141atwa instalacja<\/h3>\n<p data-start=\"1654\" data-end=\"1764\">LockBridge instaluje si\u0119 bezpo\u015brednio w zamku Yale i jest zasilany z baterii zamka. Nie jest wymagane dodatkowe \u017ar\u00f3d\u0142o zasilania.<\/p>\n<p data-start=\"1766\" data-end=\"1823\">Instalacja odbywa si\u0119 krok po kroku w aplikacji Ajax poprzez:<\/p>\n<ol data-start=\"1824\" data-end=\"1942\">\n<li data-start=\"1824\" data-end=\"1858\">\n<p data-start=\"1827\" data-end=\"1858\">Zeskanuj kod QR na LockBridge<\/p>\n<\/li>\n<li data-start=\"1859\" data-end=\"1893\">\n<p data-start=\"1862\" data-end=\"1893\">Post\u0119puj zgodnie z instrukcjami w aplikacji<\/p>\n<\/li>\n<li data-start=\"1894\" data-end=\"1942\">\n<p data-start=\"1897\" data-end=\"1942\">Wprowad\u017a \u017c\u0105dane ustawienia zamk\u00f3w i alarm\u00f3w<\/p>\n<\/li>\n<\/ol>\n<p data-start=\"1944\" data-end=\"1994\">Oprogramowanie sprz\u0119towe jest aktualizowane automatycznie poprzez system Ajax.<\/p>\n<hr data-start=\"2218\" data-end=\"2221\" \/>\n<h2 data-start=\"2223\" data-end=\"2250\">Specyfikacje techniczne<\/h2>\n<ul data-start=\"2252\" data-end=\"2702\">\n<li data-start=\"2252\" data-end=\"2302\">\n<p data-start=\"2254\" data-end=\"2302\"><strong data-start=\"2254\" data-end=\"2266\">Produkt:<\/strong> Ajax LockBridge \u2013 integracja Yale<\/p>\n<\/li>\n<li data-start=\"2303\" data-end=\"2353\">\n<p data-start=\"2305\" data-end=\"2353\"><strong data-start=\"2305\" data-end=\"2329\">Kompatybilne zamki Yale:<\/strong> V2N, Klasyczny, L3, L3S<\/p>\n<\/li>\n<li data-start=\"2354\" data-end=\"2519\">\n<p data-start=\"2356\" data-end=\"2519\"><strong data-start=\"2356\" data-end=\"2380\">Zgodno\u015b\u0107 z Ajaxem:<\/strong><br data-start=\"2380\" data-end=\"2383\" \/>Hub 2 (2G\/4G), Hub 2 Plus, Hub BP, Hub G3, Fire Hub, Hub Hybrid 2, MegaHub, ReX i ReX 2<br data-start=\"2474\" data-end=\"2477\" \/><em data-start=\"2479\" data-end=\"2517\">(Niekompatybilny z Hub Hybrid Fibra)<\/em><\/p>\n<\/li>\n<li data-start=\"2520\" data-end=\"2575\">\n<p data-start=\"2522\" data-end=\"2575\"><strong data-start=\"2522\" data-end=\"2543\">Zasi\u0119g bezprzewodowy:<\/strong> do 1400 m (teren otwarty)<\/p>\n<\/li>\n<li data-start=\"2576\" data-end=\"2627\">\n<p data-start=\"2578\" data-end=\"2627\"><strong data-start=\"2578\" data-end=\"2599\">Zasilanie:<\/strong> zasilany bateriami zamka<\/p>\n<\/li>\n<li data-start=\"2628\" data-end=\"2672\">\n<p data-start=\"2630\" data-end=\"2672\"><strong data-start=\"2630\" data-end=\"2651\">Zakres temperatur:<\/strong> \u221210\u00b0C do +40\u00b0C<\/p>\n<\/li>\n<li data-start=\"2673\" data-end=\"2702\">\n<p data-start=\"2675\" data-end=\"2702\"><strong data-start=\"2675\" data-end=\"2697\">Maksymalna wilgotno\u015b\u0107:<\/strong> 75 %<\/p>\n<\/li>\n<\/ul>","protected":false},"excerpt":{"rendered":"<p><strong data-start=\"230\" data-end=\"249\">Most Ajax LockBridge<\/strong> jest bezprzewodowym modu\u0142em blokuj\u0105cym, kt\u00f3ry integruje <strong data-start=\"288\" data-end=\"328\">Yale Doorman V2N\/Classic i L3\/L3S<\/strong> Bezpo\u015brednio z systemem alarmowym Ajax. Steruj i monitoruj zamek za pomoc\u0105 aplikacji Ajax, tw\u00f3rz inteligentne scenariusze mi\u0119dzy zamkiem a alarmem i uzyskaj stabiln\u0105 komunikacj\u0119 za po\u015brednictwem Ajax Jeweller.<\/p>","protected":false},"featured_media":161314,"template":"","meta":{"_acf_changed":false},"product_brand":[],"product_cat":[3170],"product_tag":[],"class_list":{"0":"post-161312","1":"product","2":"type-product","3":"status-publish","4":"has-post-thumbnail","6":"product_cat-integration","7":"product_shipping_class-postnord-varubrev","8":"pa_brands-ajax-systems","9":"tm-no-options","11":"first","12":"instock","13":"taxable","14":"shipping-taxable","15":"purchasable","16":"product-type-simple"},"acf":[],"_links":{"self":[{"href":"https:\/\/secureus.se\/pl\/wp-json\/wp\/v2\/product\/161312","targetHints":{"allow":["GET"]}}],"collection":[{"href":"https:\/\/secureus.se\/pl\/wp-json\/wp\/v2\/product"}],"about":[{"href":"https:\/\/secureus.se\/pl\/wp-json\/wp\/v2\/types\/product"}],"wp:featuredmedia":[{"embeddable":true,"href":"https:\/\/secureus.se\/pl\/wp-json\/wp\/v2\/media\/161314"}],"wp:attachment":[{"href":"https:\/\/secureus.se\/pl\/wp-json\/wp\/v2\/media?parent=161312"}],"wp:term":[{"taxonomy":"product_brand","embeddable":true,"href":"https:\/\/secureus.se\/pl\/wp-json\/wp\/v2\/product_brand?post=161312"},{"taxonomy":"product_cat","embeddable":true,"href":"https:\/\/secureus.se\/pl\/wp-json\/wp\/v2\/product_cat?post=161312"},{"taxonomy":"product_tag","embeddable":true,"href":"https:\/\/secureus.se\/pl\/wp-json\/wp\/v2\/product_tag?post=161312"}],"curies":[{"name":"wp","href":"https:\/\/api.w.org\/{rel}","templated":true}]}}