{"id":161368,"date":"2026-01-07T15:39:15","date_gmt":"2026-01-07T14:39:15","guid":{"rendered":"https:\/\/secureus.se\/usb-c-kabel-5m-a-till-c\/"},"modified":"2026-04-26T13:10:14","modified_gmt":"2026-04-26T11:10:14","slug":"usb-c-kabel-5m-a-till-c","status":"publish","type":"product","link":"https:\/\/secureus.se\/pl\/usb-c-kabel-5m-a-till-c\/","title":{"rendered":"Kabel USB C 5m - kabel zasilaj\u0105cy z USB-A na USB-C"},"content":{"rendered":"<h3 data-start=\"385\" data-end=\"434\">Kabel zasilaj\u0105cy USB-C zapewniaj\u0105cy bezpieczn\u0105 i stabiln\u0105 prac\u0119<\/h3>\n<p data-start=\"435\" data-end=\"669\">Ten 5-metrowy kabel zasilaj\u0105cy USB-C zosta\u0142 zaprojektowany do zasilania urz\u0105dze\u0144 wymagaj\u0105cych po\u0142\u0105czenia USB-C, ale nie wymagaj\u0105cych przesy\u0142ania danych. D\u0142ugi kabel pozwala na elastyczne rozmieszczenie urz\u0105dze\u0144 zar\u00f3wno w domach, firmach, jak i instalacjach technicznych.<\/p>\n<h3 data-start=\"671\" data-end=\"700\">Do czego s\u0142u\u017cy kabel?<\/h3>\n<p data-start=\"701\" data-end=\"872\">Kabel przeznaczony jest do ci\u0105g\u0142ego zasilania urz\u0105dze\u0144 USB-C o niskim poborze mocy, np. produkt\u00f3w zabezpieczaj\u0105cych, w kt\u00f3rych stabilna praca jest wa\u017cniejsza ni\u017c pr\u0119dko\u015b\u0107 \u0142adowania czy funkcja przesy\u0142ania danych.<\/p>\n<h3 data-start=\"874\" data-end=\"888\">Korzy\u015bci<\/h3>\n<ul data-start=\"889\" data-end=\"1060\">\n<li data-start=\"889\" data-end=\"937\">\n<p data-start=\"891\" data-end=\"937\">D\u0142ugo\u015b\u0107 kabla 5 metr\u00f3w zapewnia elastyczn\u0105 instalacj\u0119<\/p>\n<\/li>\n<li data-start=\"938\" data-end=\"968\">\n<p data-start=\"940\" data-end=\"968\">Stabilne zasilanie 5V<\/p>\n<\/li>\n<li data-start=\"969\" data-end=\"1017\">\n<p data-start=\"971\" data-end=\"1017\">Gruby kabel (3,5 mm) zapewniaj\u0105cy niezawodne u\u017cytkowanie<\/p>\n<\/li>\n<li data-start=\"1018\" data-end=\"1060\">\n<p data-start=\"1020\" data-end=\"1060\">Prosta instalacja typu \u201epod\u0142\u0105cz i u\u017cywaj\u201d bez konieczno\u015bci konfiguracji<\/p>\n<\/li>\n<\/ul>\n<h3 data-start=\"1062\" data-end=\"1086\">Wa\u017cne informacje<\/h3>\n<p data-start=\"1087\" data-end=\"1200\">To jest <strong data-start=\"1099\" data-end=\"1117\">czysty kabel zasilaj\u0105cy<\/strong>Kabel jest <strong data-start=\"1129\" data-end=\"1199\">nie jest przeznaczony do przesy\u0142ania danych, synchronizacji ani szybkiego \u0142adowania<\/strong>.<\/p>\n<h3 data-start=\"1202\" data-end=\"1226\">Obszary zastosowa\u0144<\/h3>\n<ul data-start=\"1227\" data-end=\"1364\">\n<li data-start=\"1227\" data-end=\"1250\">\n<p data-start=\"1229\" data-end=\"1250\">Kamery monitoruj\u0105ce<\/p>\n<\/li>\n<li data-start=\"1251\" data-end=\"1283\">\n<p data-start=\"1253\" data-end=\"1283\">Sprz\u0119t alarmowy i bezpiecze\u0144stwa<\/p>\n<\/li>\n<li data-start=\"1284\" data-end=\"1326\">\n<p data-start=\"1286\" data-end=\"1326\">Czujniki i akcesoria z zasilaniem USB-C<\/p>\n<\/li>\n<li data-start=\"1327\" data-end=\"1364\">\n<p data-start=\"1329\" data-end=\"1364\">Instalacja sta\u0142a lub p\u00f3\u0142sta\u0142a<\/p>\n<\/li>\n<\/ul>\n<hr data-start=\"1366\" data-end=\"1369\" \/>\n<p data-start=\"1371\" data-end=\"1402\"><strong data-start=\"1371\" data-end=\"1400\">SPECYFIKACJA TECHNICZNA:<\/strong><\/p>\n<ul data-start=\"1403\" data-end=\"1649\">\n<li data-start=\"1403\" data-end=\"1435\">\n<p data-start=\"1405\" data-end=\"1435\">Po\u0142\u0105czenie: USB-A do USB-C<\/p>\n<\/li>\n<li data-start=\"1436\" data-end=\"1475\">\n<p data-start=\"1438\" data-end=\"1475\">Funkcja: Tylko zasilanie<\/p>\n<\/li>\n<li data-start=\"1476\" data-end=\"1493\">\n<p data-start=\"1478\" data-end=\"1493\">Napi\u0119cie: 5V<\/p>\n<\/li>\n<li data-start=\"1494\" data-end=\"1516\">\n<p data-start=\"1496\" data-end=\"1516\">Pr\u0105d: 0,5 A<\/p>\n<\/li>\n<li data-start=\"1517\" data-end=\"1534\">\n<p data-start=\"1519\" data-end=\"1534\">Moc: 2,5 W<\/p>\n<\/li>\n<li data-start=\"1535\" data-end=\"1556\">\n<p data-start=\"1537\" data-end=\"1556\">D\u0142ugo\u015b\u0107 kabla: 5,0 m<\/p>\n<\/li>\n<li data-start=\"1557\" data-end=\"1587\">\n<p data-start=\"1559\" data-end=\"1587\">\u015arednica kabla (\u015brednica zewn\u0119trzna): 3,5 mm<\/p>\n<\/li>\n<li data-start=\"1588\" data-end=\"1601\">\n<p data-start=\"1590\" data-end=\"1601\">Kolor: bia\u0142y<\/p>\n<\/li>\n<li data-start=\"1602\" data-end=\"1628\">\n<p data-start=\"1604\" data-end=\"1628\">Opakowanie: Torba plastikowa<\/p>\n<\/li>\n<li data-start=\"1629\" data-end=\"1649\">\n<p data-start=\"1631\" data-end=\"1649\">Certyfikacja: CE<\/p>\n<\/li>\n<\/ul>","protected":false},"excerpt":{"rendered":"<p>Kabel zasilaj\u0105cy USB-C o d\u0142ugo\u015bci 5 metr\u00f3w, zapewniaj\u0105cy proste i stabilne zasilanie. Przeznaczony do urz\u0105dze\u0144 USB-C, takich jak aparaty fotograficzne, alarmy i inne urz\u0105dzenia o niskim poborze mocy. S\u0142u\u017cy wy\u0142\u0105cznie do zasilania, a nie do przesy\u0142ania danych.<\/p>","protected":false},"featured_media":161367,"template":"","meta":{"_acf_changed":false},"product_brand":[],"product_cat":[4959],"product_tag":[],"class_list":{"0":"post-161368","1":"product","2":"type-product","3":"status-publish","4":"has-post-thumbnail","6":"product_cat-stromforsorjning","7":"product_shipping_class-postnord-varubrev","8":"tm-no-options","10":"first","11":"instock","12":"taxable","13":"shipping-taxable","14":"purchasable","15":"product-type-simple"},"acf":[],"_links":{"self":[{"href":"https:\/\/secureus.se\/pl\/wp-json\/wp\/v2\/product\/161368","targetHints":{"allow":["GET"]}}],"collection":[{"href":"https:\/\/secureus.se\/pl\/wp-json\/wp\/v2\/product"}],"about":[{"href":"https:\/\/secureus.se\/pl\/wp-json\/wp\/v2\/types\/product"}],"wp:featuredmedia":[{"embeddable":true,"href":"https:\/\/secureus.se\/pl\/wp-json\/wp\/v2\/media\/161367"}],"wp:attachment":[{"href":"https:\/\/secureus.se\/pl\/wp-json\/wp\/v2\/media?parent=161368"}],"wp:term":[{"taxonomy":"product_brand","embeddable":true,"href":"https:\/\/secureus.se\/pl\/wp-json\/wp\/v2\/product_brand?post=161368"},{"taxonomy":"product_cat","embeddable":true,"href":"https:\/\/secureus.se\/pl\/wp-json\/wp\/v2\/product_cat?post=161368"},{"taxonomy":"product_tag","embeddable":true,"href":"https:\/\/secureus.se\/pl\/wp-json\/wp\/v2\/product_tag?post=161368"}],"curies":[{"name":"wp","href":"https:\/\/api.w.org\/{rel}","templated":true}]}}