{"id":161373,"date":"2026-01-07T15:44:02","date_gmt":"2026-01-07T14:44:02","guid":{"rendered":"https:\/\/secureus.se\/?post_type=product&#038;p=161373"},"modified":"2026-05-07T19:36:47","modified_gmt":"2026-05-07T17:36:47","slug":"stromadapter-12v-2a-5m-vit","status":"publish","type":"product","link":"https:\/\/secureus.se\/pl\/stromadapter-12v-2a-5m-vit\/","title":{"rendered":"Zasilacz 12 V 2 A \u2013 zasilacz AC\/DC \u2013 kabel 5 m \u2013 bia\u0142y"},"content":{"rendered":"<h3 data-start=\"2124\" data-end=\"2173\">Niezawodny zasilacz sieciowy do zasilania o du\u017cym zasi\u0119gu<\/h3>\n<p data-start=\"2174\" data-end=\"2366\">Ten zasilacz 12 V zapewnia nat\u0119\u017cenie do 2 A i jest przeznaczony do ci\u0105g\u0142ej pracy system\u00f3w bezpiecze\u0144stwa. Dzi\u0119ki 5-metrowemu kablowi instalacja staje si\u0119 elastyczna, nawet gdy gniazdko \u015bcienne znajduje si\u0119 w wi\u0119kszej odleg\u0142o\u015bci.<\/p>\n<h3 data-start=\"2368\" data-end=\"2382\">Korzy\u015bci<\/h3>\n<ul data-start=\"2383\" data-end=\"2530\">\n<li data-start=\"2383\" data-end=\"2406\">\n<p data-start=\"2385\" data-end=\"2406\">Stabilne zasilanie 12 V DC<\/p>\n<\/li>\n<li data-start=\"2407\" data-end=\"2448\">\n<p data-start=\"2409\" data-end=\"2448\">5-metrowy kabel umo\u017cliwiaj\u0105cy \u0142atw\u0105 instalacj\u0119<\/p>\n<\/li>\n<li data-start=\"2449\" data-end=\"2476\">\n<p data-start=\"2451\" data-end=\"2476\">Wtyczka DC wst\u0119pnie zmontowana<\/p>\n<\/li>\n<li data-start=\"2477\" data-end=\"2530\">\n<p data-start=\"2479\" data-end=\"2530\">Nadaje si\u0119 do dyskretnych instalacji dzi\u0119ki bia\u0142emu kolorowi<\/p>\n<\/li>\n<\/ul>\n<h3 data-start=\"2532\" data-end=\"2556\">Obszary zastosowa\u0144<\/h3>\n<p data-start=\"2557\" data-end=\"2656\">Stosowany do alarm\u00f3w, klawiatur i innego sprz\u0119tu zabezpieczaj\u0105cego wymagaj\u0105cego zewn\u0119trznego zasilania 12 V.<\/p>\n<h3 data-start=\"2658\" data-end=\"2678\">Zgodno\u015b\u0107<\/h3>\n<ul data-start=\"2679\" data-end=\"2737\">\n<li data-start=\"2679\" data-end=\"2711\">\n<p data-start=\"2681\" data-end=\"2711\">Sprz\u0119t z wej\u015bciem 12V DC<\/p>\n<\/li>\n<li data-start=\"2712\" data-end=\"2737\">\n<p data-start=\"2714\" data-end=\"2737\">Wtyczka DC 5,5 \u00d7 2,1 mm<\/p>\n<\/li>\n<\/ul>\n<hr data-start=\"2739\" data-end=\"2742\" \/>\n<p data-start=\"2744\" data-end=\"2775\"><strong data-start=\"2744\" data-end=\"2773\">SPECYFIKACJA TECHNICZNA:<\/strong><\/p>\n<ul data-start=\"2776\" data-end=\"3044\">\n<li data-start=\"2776\" data-end=\"2816\">\n<p data-start=\"2778\" data-end=\"2816\">Napi\u0119cie wej\u015bciowe: AC 100-240 V, 0,8 A<\/p>\n<\/li>\n<li data-start=\"2817\" data-end=\"2839\">\n<p data-start=\"2819\" data-end=\"2839\">Cz\u0119stotliwo\u015b\u0107: 50\/60 Hz<\/p>\n<\/li>\n<li data-start=\"2840\" data-end=\"2868\">\n<p data-start=\"2842\" data-end=\"2868\">Napi\u0119cie wyj\u015bciowe: DC 12V<\/p>\n<\/li>\n<li data-start=\"2869\" data-end=\"2900\">\n<p data-start=\"2871\" data-end=\"2900\">Pr\u0105d wyj\u015bciowy: 2 A (2000 mA)<\/p>\n<\/li>\n<li data-start=\"2901\" data-end=\"2917\">\n<p data-start=\"2903\" data-end=\"2917\">Moc: 24W<\/p>\n<\/li>\n<li data-start=\"2918\" data-end=\"2941\">\n<p data-start=\"2920\" data-end=\"2941\">Kontakt: Kontakt UE<\/p>\n<\/li>\n<li data-start=\"2942\" data-end=\"2987\">\n<p data-start=\"2944\" data-end=\"2987\">Wtyczka DC: 5,5 \u00d7 2,1 mm, d\u0142ugo\u015b\u0107 10 mm, 180\u00b0<\/p>\n<\/li>\n<li data-start=\"2988\" data-end=\"3009\">\n<p data-start=\"2990\" data-end=\"3009\">D\u0142ugo\u015b\u0107 kabla: 5,0 m<\/p>\n<\/li>\n<li data-start=\"3010\" data-end=\"3023\">\n<p data-start=\"3012\" data-end=\"3023\">Kolor: bia\u0142y<\/p>\n<\/li>\n<li data-start=\"3024\" data-end=\"3044\">\n<p data-start=\"3026\" data-end=\"3044\">Certyfikacja: CE<\/p>\n<\/li>\n<\/ul>","protected":false},"excerpt":{"rendered":"<p>Zasilacz 12 V z 5-metrowym kablem zapewniaj\u0105cy stabilne i bezpieczne zasilanie. Nadaje si\u0119 do system\u00f3w alarmowych i zabezpiecze\u0144 wymagaj\u0105cych napi\u0119cia sta\u0142ego 12 V. Dostarczany z wtyczk\u0105 EU i wtyczk\u0105 DC.<\/p>","protected":false},"featured_media":161374,"template":"","meta":{"_acf_changed":false},"product_brand":[],"product_cat":[4959],"product_tag":[4863],"class_list":{"0":"post-161373","1":"product","2":"type-product","3":"status-publish","4":"has-post-thumbnail","6":"product_cat-stromforsorjning","7":"product_tag-pf","8":"product_shipping_class-postnord-varubrev","9":"pa_brands-stonehouse-security","10":"pa_farg-vit","11":"tm-no-options","13":"first","14":"instock","15":"taxable","16":"shipping-taxable","17":"purchasable","18":"product-type-simple"},"acf":[],"_links":{"self":[{"href":"https:\/\/secureus.se\/pl\/wp-json\/wp\/v2\/product\/161373","targetHints":{"allow":["GET"]}}],"collection":[{"href":"https:\/\/secureus.se\/pl\/wp-json\/wp\/v2\/product"}],"about":[{"href":"https:\/\/secureus.se\/pl\/wp-json\/wp\/v2\/types\/product"}],"wp:featuredmedia":[{"embeddable":true,"href":"https:\/\/secureus.se\/pl\/wp-json\/wp\/v2\/media\/161374"}],"wp:attachment":[{"href":"https:\/\/secureus.se\/pl\/wp-json\/wp\/v2\/media?parent=161373"}],"wp:term":[{"taxonomy":"product_brand","embeddable":true,"href":"https:\/\/secureus.se\/pl\/wp-json\/wp\/v2\/product_brand?post=161373"},{"taxonomy":"product_cat","embeddable":true,"href":"https:\/\/secureus.se\/pl\/wp-json\/wp\/v2\/product_cat?post=161373"},{"taxonomy":"product_tag","embeddable":true,"href":"https:\/\/secureus.se\/pl\/wp-json\/wp\/v2\/product_tag?post=161373"}],"curies":[{"name":"wp","href":"https:\/\/api.w.org\/{rel}","templated":true}]}}