{"id":161491,"date":"2026-01-12T14:11:32","date_gmt":"2026-01-12T13:11:32","guid":{"rendered":"https:\/\/secureus.se\/safetron-ellas-sl620-rattvand-generations-2\/"},"modified":"2026-01-22T11:06:48","modified_gmt":"2026-01-22T10:06:48","slug":"safetron-ellas-sl620-rattvand-generations-2","status":"publish","type":"product","link":"https:\/\/secureus.se\/pl\/safetron-ellas-sl620-rattvand-generations-2\/","title":{"rendered":"Zamek elektryczny Safetron SL620 prawostronny (generacje 2)"},"content":{"rendered":"<p>SAFETRON SL620 Generacja 2 to nowa wersja wielofunkcyjnych elektrycznych zamk\u00f3w przyciskowych z funkcj\u0105 rozdzielon\u0105 i opatentowan\u0105 technologi\u0105 hybrydow\u0105. Technologia hybrydowa umo\u017cliwia regulacj\u0119 po\u0142o\u017cenia t\u0142oka mi\u0119dzy modu\u0142em ASSA Connect a modu\u0142em klasycznym. SL620 posiada funkcj\u0119 otwierania w prawo.<\/p>\n<p>Wybierz pomi\u0119dzy funkcj\u0105 dzielon\u0105 h\/w a funkcj\u0105 prost\u0105 za pomoc\u0105 selektora funkcji zamka. Funkcja podzia\u0142u oznacza, \u017ce ci\u015bnienie na zewn\u0105trz jest kontrolowane elektrycznie, podczas gdy ci\u015bnienie wewn\u0105trz jest zawsze po\u0142\u0105czone mechanicznie, dzi\u0119ki czemu zawsze umo\u017cliwia mechaniczne wyj\u015bcie. Prosta obs\u0142uga oznacza, \u017ce oba przyciski s\u0105 zablokowane i wymagana jest kontrola przej\u015bcia z obu stron drzwi.<\/p>\n<p>Wskazanie zamkni\u0119cia, ruchu nacisku, stanu drzwi poprzez styk magnetyczny i wskazanie pokr\u0119t\u0142a.<\/p>\n<p>\u2022 Funkcja dzielona lub pojedyncza<\/p>\n<p>\u2022 Technologia hybrydowa: Regulowane umiejscowienie t\u0142oka pomi\u0119dzy ASSA connect\/classic<\/p>\n<p>\u2022 Certyfikat przeciwpo\u017carowy: 120 min<\/p>\n<p>\u2022 Funkcja skierowana w prawo<\/p>\n<p>\u2022 Wskazania: zamkni\u0119cie, ruch nacisku, stan pokr\u0119t\u0142a i drzwi<\/p>\n<p>\u2022 Wielonapi\u0119ciowe: 10-30VDC<\/p>\n<p>\u2022 Pob\u00f3r pr\u0105du: 40mA przy 24VDC<\/p>\n<p>\u2022 Zatwierdzona ewakuacja awaryjna wraz ze sprz\u0119tem ratunkowym 793 i 794<\/p>\n<p>\u2022 Zatwierdzone z regu\u0142\u0105 rozdzielnicy typu T<\/p>","protected":false},"excerpt":{"rendered":"<p>SAFETRON SL620 Gneration 2 \u00e4r den nya version av multifunktionella eltryckesl\u00e5s med split funktion och patenterad hybridteknologi. Hybridteknologin ger m\u00f6jlighet att justera kolvplacering mellan ASSA connect och classic modul. SL620<\/p>","protected":false},"featured_media":142864,"template":"","meta":{"_acf_changed":false},"product_brand":[],"product_cat":[2429],"product_tag":[2286,4510,4866,4511],"class_list":{"0":"post-161491","1":"product","2":"type-product","3":"status-publish","4":"has-post-thumbnail","6":"product_cat-ellas","7":"product_tag-ellas-eltryckeslas","8":"product_tag-rel-safetron-eltryckeslas","9":"product_tag-safetron-20","10":"product_tag-safetron-eltryckeslas","11":"product_shipping_class-tunga-paket","12":"pa_brands-7safetron","13":"tm-no-options","15":"first","16":"instock","17":"sale","18":"featured","19":"taxable","20":"shipping-taxable","21":"purchasable","22":"product-type-simple"},"acf":[],"_links":{"self":[{"href":"https:\/\/secureus.se\/pl\/wp-json\/wp\/v2\/product\/161491","targetHints":{"allow":["GET"]}}],"collection":[{"href":"https:\/\/secureus.se\/pl\/wp-json\/wp\/v2\/product"}],"about":[{"href":"https:\/\/secureus.se\/pl\/wp-json\/wp\/v2\/types\/product"}],"wp:featuredmedia":[{"embeddable":true,"href":"https:\/\/secureus.se\/pl\/wp-json\/wp\/v2\/media\/142864"}],"wp:attachment":[{"href":"https:\/\/secureus.se\/pl\/wp-json\/wp\/v2\/media?parent=161491"}],"wp:term":[{"taxonomy":"product_brand","embeddable":true,"href":"https:\/\/secureus.se\/pl\/wp-json\/wp\/v2\/product_brand?post=161491"},{"taxonomy":"product_cat","embeddable":true,"href":"https:\/\/secureus.se\/pl\/wp-json\/wp\/v2\/product_cat?post=161491"},{"taxonomy":"product_tag","embeddable":true,"href":"https:\/\/secureus.se\/pl\/wp-json\/wp\/v2\/product_tag?post=161491"}],"curies":[{"name":"wp","href":"https:\/\/api.w.org\/{rel}","templated":true}]}}