{"id":161493,"date":"2022-07-04T07:50:02","date_gmt":"2022-07-04T05:50:02","guid":{"rendered":"https:\/\/secureus.se\/ellas-sl630\/"},"modified":"2026-03-18T12:11:00","modified_gmt":"2026-03-18T11:11:00","slug":"ellas-sl630","status":"publish","type":"product","link":"https:\/\/secureus.se\/pl\/ellas-sl630\/","title":{"rendered":"Zamek elektryczny Safetron SL630 (nowa generacja)"},"content":{"rendered":"<p>SAFETRON SL630 (nowa generacja) to zamek elektromechaniczny z technologi\u0105 docisku listwy, zg\u0142oszon\u0105 do opatentowania. Zamek ten ma szeroki i unikalny obszar zastosowa\u0144, obejmuj\u0105cy takie wymagania funkcjonalne, jak aktywacja elektryczna, automatyka drzwi, ewakuacja awaryjna, powstrzymywanie po\u017caru, funkcja rozdzielenia i ponowne zajmowanie pomieszcze\u0144. Nigdy wcze\u015bniej tak wiele z\u0142o\u017conych wymaga\u0144 funkcjonalnych nie zosta\u0142o spe\u0142nionych w jednej obudowie zamka.<\/p>\n<p>SAFETRON SL630 mo\u017cna z powodzeniem stosowa\u0107 w po\u0142\u0105czeniu z automatyk\u0105 drzwiow\u0105, ale jednocze\u015bnie jest on wyposa\u017cony w ci\u015bnienia aktywowane elektronicznie. Zamek wyposa\u017cony jest w podw\u00f3jne elektromagnesy, jeden steruje odblokowaniem obudowy dwufunkcyjnej, a drugi aktywacj\u0105 funkcji docisku. Oznacza to, \u017ce pod\u0142\u0105czenie mo\u017cna wykona\u0107 oddzielnie, odpowiednio do system\u00f3w automatyki bramowej i przej\u015b\u0107.<\/p>\n<p>\u2022 Obudowa dwufunkcyjna: skierowana w prawo<\/p>\n<p>\u2022 Naci\u015bni\u0119cie: funkcja cofania<\/p>\n<p>SAFETRON SL630 mo\u017cna ustawi\u0107 w trybie rozdzielonym lub pojedynczym, co oznacza, \u017ce przyciski otwieraj\u0105 si\u0119 poprzez aktywacj\u0119 elektroniczn\u0105 z obu stron.<\/p>\n<p>SAFETRON SL630 posiada certyfikat i znak CE do stosowania w granicach ogniw przeciwpo\u017carowych najwy\u017cszej ogniowej klasy technicznej: 120min.<\/p>\n<p>SAFETRON SL630 mo\u017cna wyposa\u017cy\u0107 w dwa r\u00f3\u017cne okucia ewakuacyjne: 793 lub 794. Wybierz 793 dla pozycji dociskowej, gdy zamek jest ustawiony w funkcji dzielonej lub 794 dla pozycji wk\u0142adki, gdy zamek jest ustawiony w trybie jednofunkcyjnym lub gdy klamka jest do u\u017cycia.<\/p>\n<p>SAFETRON SL630 spe\u0142nia r\u00f3wnie\u017c wymagania dotycz\u0105ce ponownej obudowy. Funkcja docisku zamka pe\u0142ni odwrotn\u0105 funkcj\u0119 i w ten spos\u00f3b aktywowane jest ponowne osadzanie poprzez zmniejszenie napi\u0119cia dzia\u0142aj\u0105cego na otoczenie drzwi. Awaria mo\u017ce nast\u0105pi\u0107 poprzez aktywacj\u0119 alarmu po\u017carowego lub aktywacj\u0119 oprawy awaryjnej 794 w po\u0142\u0105czeniu z kart\u0105 przeka\u017anikow\u0105 SAFETRON REC (karta ponownego wej\u015bcia).<\/p>\n<p>\u2022 Funkcja dzielona lub pojedyncza<\/p>\n<p>\u2022 Technologia drukowania listy<\/p>\n<p>\u2022 Certyfikat przeciwpo\u017carowy: 120 min<\/p>\n<p>\u2022 Przystosowany do automatyki bramowej<\/p>\n<p>\u2022 Nowoczesne rozmieszczenie t\u0142ok\u00f3w<\/p>\n<p>\u2022 Funkcja jazdy do przodu i do ty\u0142u<\/p>\n<p>\u2022 Ewakuacja awaryjna zgodnie z SS-EN 179<\/p>\n<p>\u2022 Wskazania: zamkni\u0119cie, ruch nacisku, stan cylindra i drzwi<\/p>\n<p>\u2022 Wielonapi\u0119ciowe: 10-30VDC<\/p>\n<p>\u2022 Zatwierdzona ewakuacja awaryjna wraz ze sprz\u0119tem ratunkowym 793 i 794<\/p>\n<p>\u2022 Ponowne zasiedlenie w wyniku awarii alarmu po\u017carowego lub poprzez SAFETRON REC (karta ponownego wej\u015bcia)<\/p>","protected":false},"excerpt":{"rendered":"<p>SAFETRON SL630 (nya geneationen)\u00a0 \u00e4r ett elektromekaniskt l\u00e5s med patents\u00f6kt listtrycksteknik. L\u00e5set har ett brett och unikt anv\u00e4ndningsomr\u00e5de som t\u00e4cker in funktionskrav s\u00e5som elektrisk aktivering, d\u00f6rrautomatik, n\u00f6dutrymning, brandigenh\u00e5llning, splitfunktion samt<\/p>","protected":false},"featured_media":142242,"template":"","meta":{"_acf_changed":false},"product_brand":[],"product_cat":[2429],"product_tag":[2286,4510,4866,4511],"class_list":{"0":"post-161493","1":"product","2":"type-product","3":"status-publish","4":"has-post-thumbnail","6":"product_cat-ellas","7":"product_tag-ellas-eltryckeslas","8":"product_tag-rel-safetron-eltryckeslas","9":"product_tag-safetron-20","10":"product_tag-safetron-eltryckeslas","11":"product_shipping_class-tunga-paket","12":"pa_brands-7safetron","13":"tm-no-options","15":"first","16":"instock","17":"sale","18":"featured","19":"taxable","20":"shipping-taxable","21":"purchasable","22":"product-type-simple"},"acf":[],"_links":{"self":[{"href":"https:\/\/secureus.se\/pl\/wp-json\/wp\/v2\/product\/161493","targetHints":{"allow":["GET"]}}],"collection":[{"href":"https:\/\/secureus.se\/pl\/wp-json\/wp\/v2\/product"}],"about":[{"href":"https:\/\/secureus.se\/pl\/wp-json\/wp\/v2\/types\/product"}],"wp:featuredmedia":[{"embeddable":true,"href":"https:\/\/secureus.se\/pl\/wp-json\/wp\/v2\/media\/142242"}],"wp:attachment":[{"href":"https:\/\/secureus.se\/pl\/wp-json\/wp\/v2\/media?parent=161493"}],"wp:term":[{"taxonomy":"product_brand","embeddable":true,"href":"https:\/\/secureus.se\/pl\/wp-json\/wp\/v2\/product_brand?post=161493"},{"taxonomy":"product_cat","embeddable":true,"href":"https:\/\/secureus.se\/pl\/wp-json\/wp\/v2\/product_cat?post=161493"},{"taxonomy":"product_tag","embeddable":true,"href":"https:\/\/secureus.se\/pl\/wp-json\/wp\/v2\/product_tag?post=161493"}],"curies":[{"name":"wp","href":"https:\/\/api.w.org\/{rel}","templated":true}]}}