{"id":161791,"date":"2025-11-20T11:47:40","date_gmt":"2025-11-20T10:47:40","guid":{"rendered":"https:\/\/secureus.se\/fjarrindikator-for-sakerhetssystem-5-25-volt\/"},"modified":"2026-03-31T13:29:49","modified_gmt":"2026-03-31T11:29:49","slug":"fjarrindikator-for-sakerhetssystem-5-25-volt","status":"publish","type":"product","link":"https:\/\/secureus.se\/pl\/fjarrindikator-for-sakerhetssystem-5-25-volt\/","title":{"rendered":"Zdalny wska\u017anik do system\u00f3w bezpiecze\u0144stwa 5 \u2013 25 V"},"content":{"rendered":"<h2 data-start=\"128\" data-end=\"176\">Wska\u017anik zdalny TD-SL37 \u2013 wska\u017anik LED, bia\u0142y<\/h2>\n<p data-start=\"237\" data-end=\"473\">TD-SL37 to <strong data-start=\"251\" data-end=\"280\">wska\u017anik zdalny (LED\/dioda)<\/strong> Zapewnia wyra\u017any sygna\u0142 wizualny w przypadku aktywacji pod\u0142\u0105czonego wej\u015bcia alarmowego. Jest u\u017cywany, gdy chcesz, aby zdarzenie by\u0142o wyra\u017anie widoczne w innym miejscu ni\u017c czujnik lub panel sterowania.<\/p>\n<p data-start=\"475\" data-end=\"607\">To jest <strong data-start=\"482\" data-end=\"505\">nie jest to alarm sam w sobie<\/strong> I <strong data-start=\"510\" data-end=\"528\">nie jest czujnikiem<\/strong> \u2013 bez jednego <strong data-start=\"539\" data-end=\"552\">wska\u017anik<\/strong> kt\u00f3ry pokazuje status obiektu, do kt\u00f3rego jest pod\u0142\u0105czony.<\/p>\n<hr data-start=\"609\" data-end=\"612\" \/>\n<h3 data-start=\"614\" data-end=\"649\">Pasuje do wielu typ\u00f3w system\u00f3w alarmowych<\/h3>\n<p data-start=\"650\" data-end=\"740\">TD-SL37 mo\u017ce by\u0107 stosowany jako wska\u017anik wizualny w r\u00f3\u017cnych typach instalacji, na przyk\u0142ad:<\/p>\n<ul data-start=\"741\" data-end=\"1035\">\n<li data-start=\"741\" data-end=\"798\">\n<p data-start=\"743\" data-end=\"798\"><strong data-start=\"743\" data-end=\"756\">Alarm po\u017carowy<\/strong> (wskazanie z czujnika po\u017caru\/strefy alarmowej)<\/p>\n<\/li>\n<li data-start=\"799\" data-end=\"871\">\n<p data-start=\"801\" data-end=\"871\"><strong data-start=\"801\" data-end=\"817\">Alarm antyw\u0142amaniowy<\/strong> (sygnalizacja ze strefy alarmowej, kontaktu magnetycznego, czujnika PIR itp.)<\/p>\n<\/li>\n<li data-start=\"872\" data-end=\"963\">\n<p data-start=\"874\" data-end=\"963\"><strong data-start=\"874\" data-end=\"915\">Obiekty telekomunikacyjne\/sygna\u0142owe i techniczne<\/strong> (wska\u017anik stanu, wyj\u015bcie alarmowe, wska\u017anik b\u0142\u0119du)<\/p>\n<\/li>\n<li data-start=\"964\" data-end=\"1035\">\n<p data-start=\"966\" data-end=\"1035\"><strong data-start=\"966\" data-end=\"995\">Inne systemy niskiego napi\u0119cia<\/strong> gdzie potrzebujesz wyra\u017anego wskazania LED<\/p>\n<\/li>\n<\/ul>\n<hr data-start=\"1037\" data-end=\"1040\" \/>\n<h3 data-start=\"1042\" data-end=\"1067\">Korzy\u015bci i funkcje<\/h3>\n<ul data-start=\"1068\" data-end=\"1327\">\n<li data-start=\"1068\" data-end=\"1123\">\n<p data-start=\"1070\" data-end=\"1123\">Wyra\u017ana sygnalizacja wizualna w przypadku alarmu lub aktywacji<\/p>\n<\/li>\n<li data-start=\"1124\" data-end=\"1161\">\n<p data-start=\"1126\" data-end=\"1161\">Wysokowydajna dioda LED zapewniaj\u0105ca dobr\u0105 widoczno\u015b\u0107<\/p>\n<\/li>\n<li data-start=\"1162\" data-end=\"1205\">\n<p data-start=\"1164\" data-end=\"1205\">Szeroki zakres napi\u0119\u0107: <strong data-start=\"1187\" data-end=\"1203\">4,5-25,5 V pr\u0105du sta\u0142ego<\/strong><\/p>\n<\/li>\n<li data-start=\"1206\" data-end=\"1243\">\n<p data-start=\"1208\" data-end=\"1243\">Niskie zu\u017cycie energii: <strong data-start=\"1230\" data-end=\"1241\">6\u201310 mA<\/strong><\/p>\n<\/li>\n<li data-start=\"1244\" data-end=\"1286\">\n<p data-start=\"1246\" data-end=\"1286\">Solidna obudowa ABS zapewniaj\u0105ca d\u0142ug\u0105 \u017cywotno\u015b\u0107<\/p>\n<\/li>\n<li data-start=\"1287\" data-end=\"1327\">\n<p data-start=\"1289\" data-end=\"1327\">Kompaktowy format do monta\u017cu stacjonarnego<\/p>\n<\/li>\n<\/ul>\n<hr data-start=\"1329\" data-end=\"1332\" \/>\n<h3 data-start=\"1334\" data-end=\"1359\">Specyfikacja techniczna<\/h3>\n<ul data-start=\"1360\" data-end=\"1590\">\n<li data-start=\"1360\" data-end=\"1383\">\n<p data-start=\"1362\" data-end=\"1383\"><strong data-start=\"1362\" data-end=\"1373\">Model:<\/strong> TD-SL37<\/p>\n<\/li>\n<li data-start=\"1384\" data-end=\"1401\">\n<p data-start=\"1386\" data-end=\"1401\"><strong data-start=\"1386\" data-end=\"1395\">Farba:<\/strong> Bia\u0142y<\/p>\n<\/li>\n<li data-start=\"1402\" data-end=\"1432\">\n<p data-start=\"1404\" data-end=\"1432\"><strong data-start=\"1404\" data-end=\"1417\">Wolta\u017c:<\/strong> 4,5-25,5 V pr\u0105du sta\u0142ego<\/p>\n<\/li>\n<li data-start=\"1433\" data-end=\"1466\">\n<p data-start=\"1435\" data-end=\"1466\"><strong data-start=\"1435\" data-end=\"1456\">Pob\u00f3r mocy:<\/strong> 6\u201310 mA<\/p>\n<\/li>\n<li data-start=\"1467\" data-end=\"1511\">\n<p data-start=\"1469\" data-end=\"1511\"><strong data-start=\"1469\" data-end=\"1490\">Zakres temperatur:<\/strong> \u221210\u00b0C do +50\u00b0C<\/p>\n<\/li>\n<li data-start=\"1512\" data-end=\"1541\">\n<p data-start=\"1514\" data-end=\"1541\"><strong data-start=\"1514\" data-end=\"1532\">Wilgotno\u015b\u0107:<\/strong> 0\u201395 %<\/p>\n<\/li>\n<li data-start=\"1542\" data-end=\"1560\">\n<p data-start=\"1544\" data-end=\"1560\"><strong data-start=\"1544\" data-end=\"1553\">Waga:<\/strong> 50 gr<\/p>\n<\/li>\n<li data-start=\"1561\" data-end=\"1590\">\n<p data-start=\"1563\" data-end=\"1590\"><strong data-start=\"1563\" data-end=\"1572\">Mierzy\u0107:<\/strong> 86 \u00d7 86 \u00d7 33 mm<\/p>\n<\/li>\n<\/ul>\n<hr data-start=\"1592\" data-end=\"1595\" \/>\n<h3 data-start=\"1597\" data-end=\"1613\">Instalacja<\/h3>\n<ul data-start=\"1614\" data-end=\"1670\">\n<li data-start=\"1614\" data-end=\"1641\">\n<p data-start=\"1616\" data-end=\"1641\"><strong data-start=\"1616\" data-end=\"1630\">Czerwony kabel:<\/strong> Plus (+)<\/p>\n<\/li>\n<li data-start=\"1642\" data-end=\"1670\">\n<p data-start=\"1644\" data-end=\"1670\"><strong data-start=\"1644\" data-end=\"1660\">Czarny kabel:<\/strong> Minus (\u2212)<\/p>\n<\/li>\n<\/ul>","protected":false},"excerpt":{"rendered":"<p>Zdalny sygnalizator po\u017caru TD-SL37 to niezawodne urz\u0105dzenie sygnalizacyjne w kolorze bia\u0142ym, zapewniaj\u0105ce wyra\u017any sygna\u0142 wizualny z czujnik\u00f3w po\u017carowych lub jednostek alarmowych.<\/p>\n<p>Dzi\u0119ki energooszcz\u0119dnej technologii LED i szerokiemu zakresowi regulacji napi\u0119cia (4,5-25,5 V DC) doskonale nadaje si\u0119 do stosowania w profesjonalnych systemach przeciwpo\u017carowych.<\/p>\n<p>Dyskretny bia\u0142y kolor i \u0142atwy monta\u017c sprawiaj\u0105, \u017ce produkt ten idealnie nadaje si\u0119 do budynk\u00f3w mieszkalnych, biur i obiekt\u00f3w przemys\u0142owych.<\/p>","protected":false},"featured_media":161785,"template":"","meta":{"_acf_changed":false},"product_brand":[],"product_cat":[1562,5104],"product_tag":[2263],"class_list":{"0":"post-161791","1":"product","2":"type-product","3":"status-publish","4":"has-post-thumbnail","6":"product_cat-larmdon-blixtljus","7":"product_cat-indikering-summer","8":"product_tag-larmdon-blixtljus-rod","9":"product_shipping_class-postnord-varubrev","10":"pa_brands-stonehouse-security","11":"pa_farg-vit","12":"tm-no-options","14":"first","15":"instock","16":"sale","17":"featured","18":"taxable","19":"shipping-taxable","20":"purchasable","21":"product-type-simple"},"acf":[],"_links":{"self":[{"href":"https:\/\/secureus.se\/pl\/wp-json\/wp\/v2\/product\/161791","targetHints":{"allow":["GET"]}}],"collection":[{"href":"https:\/\/secureus.se\/pl\/wp-json\/wp\/v2\/product"}],"about":[{"href":"https:\/\/secureus.se\/pl\/wp-json\/wp\/v2\/types\/product"}],"wp:featuredmedia":[{"embeddable":true,"href":"https:\/\/secureus.se\/pl\/wp-json\/wp\/v2\/media\/161785"}],"wp:attachment":[{"href":"https:\/\/secureus.se\/pl\/wp-json\/wp\/v2\/media?parent=161791"}],"wp:term":[{"taxonomy":"product_brand","embeddable":true,"href":"https:\/\/secureus.se\/pl\/wp-json\/wp\/v2\/product_brand?post=161791"},{"taxonomy":"product_cat","embeddable":true,"href":"https:\/\/secureus.se\/pl\/wp-json\/wp\/v2\/product_cat?post=161791"},{"taxonomy":"product_tag","embeddable":true,"href":"https:\/\/secureus.se\/pl\/wp-json\/wp\/v2\/product_tag?post=161791"}],"curies":[{"name":"wp","href":"https:\/\/api.w.org\/{rel}","templated":true}]}}