{"id":161793,"date":"2025-11-20T10:17:32","date_gmt":"2025-11-20T09:17:32","guid":{"rendered":"https:\/\/secureus.se\/blixtljus-vit-led-td-sl32-12-24v\/"},"modified":"2026-03-31T13:25:46","modified_gmt":"2026-03-31T11:25:46","slug":"blixtljus-vit-led-td-sl32-12-24v","status":"publish","type":"product","link":"https:\/\/secureus.se\/pl\/blixtljus-vit-led-td-sl32-12-24v\/","title":{"rendered":"Lampa migaj\u0105ca BIA\u0141A LED TD-SL32 12-24V Lampa z 90 b\u0142yskami na minut\u0119 12-24V"},"content":{"rendered":"<h2 data-start=\"0\" data-end=\"39\">Stroboskop TD-SL32 \u2013 bia\u0142a dioda LED (12\u201324 V)<\/h2>\n<p data-start=\"41\" data-end=\"261\">TD-SL32 to kompaktowy <strong data-start=\"64\" data-end=\"81\">Latarka LED<\/strong> kt\u00f3ry jest u\u017cywany jako wyra\u017any, wizualny sygna\u0142 ostrzegawczy w r\u00f3\u017cnych typach system\u00f3w alarmowych. Po aktywacji alarmu, \u015bwiat\u0142o stroboskopowe miga jasno w obu kierunkach. <strong data-start=\"221\" data-end=\"242\">ostrzec otoczenie<\/strong> I <strong data-start=\"247\" data-end=\"260\">powstrzyma\u0107<\/strong>.<\/p>\n<p data-start=\"263\" data-end=\"382\">Nadaje si\u0119 na przyk\u0142ad do willi, gara\u017cy, pomieszcze\u0144 magazynowych, sklep\u00f3w i innych miejsc, w kt\u00f3rych chcesz mie\u0107 wyj\u0105tkowo wyra\u017any sygna\u0142 alarmu.<\/p>\n<hr data-start=\"384\" data-end=\"387\" \/>\n<h3 data-start=\"389\" data-end=\"401\">Korzy\u015bci<\/h3>\n<ul data-start=\"402\" data-end=\"635\">\n<li data-start=\"402\" data-end=\"442\">\n<p data-start=\"404\" data-end=\"442\">Wyra\u017anie <strong data-start=\"412\" data-end=\"431\">b\u0142ysk stroboskopowy<\/strong> w przypadku alarmu<\/p>\n<\/li>\n<li data-start=\"443\" data-end=\"506\">\n<p data-start=\"445\" data-end=\"506\"><strong data-start=\"445\" data-end=\"459\">Technologia LED<\/strong> dla d\u0142ugiej \u017cywotno\u015bci i niskiego zu\u017cycia energii<\/p>\n<\/li>\n<li data-start=\"507\" data-end=\"543\">\n<p data-start=\"509\" data-end=\"543\">Dzia\u0142a na <strong data-start=\"521\" data-end=\"541\">12 V lub 24 V pr\u0105du sta\u0142ego<\/strong><\/p>\n<\/li>\n<li data-start=\"544\" data-end=\"585\">\n<p data-start=\"546\" data-end=\"585\">Solidna obudowa wykonana z trwa\u0142ego tworzywa ABS<\/p>\n<\/li>\n<li data-start=\"586\" data-end=\"635\">\n<p data-start=\"588\" data-end=\"635\">\u0141atwy monta\u017c dzi\u0119ki do\u0142\u0105czonym wspornikom i \u015brubom<\/p>\n<\/li>\n<\/ul>\n<hr data-start=\"637\" data-end=\"640\" \/>\n<h3 data-start=\"642\" data-end=\"670\">Specyfikacje techniczne<\/h3>\n<ul data-start=\"671\" data-end=\"945\">\n<li data-start=\"671\" data-end=\"694\">\n<p data-start=\"673\" data-end=\"694\"><strong data-start=\"673\" data-end=\"684\">Model:<\/strong> TD-SL32<\/p>\n<\/li>\n<li data-start=\"695\" data-end=\"712\">\n<p data-start=\"697\" data-end=\"712\"><strong data-start=\"697\" data-end=\"706\">Farba:<\/strong> Bia\u0142y<\/p>\n<\/li>\n<li data-start=\"713\" data-end=\"735\">\n<p data-start=\"715\" data-end=\"735\"><strong data-start=\"715\" data-end=\"729\">\u0179r\u00f3d\u0142o \u015bwiat\u0142a:<\/strong> Diody LED<\/p>\n<\/li>\n<li data-start=\"736\" data-end=\"771\">\n<p data-start=\"738\" data-end=\"771\"><strong data-start=\"738\" data-end=\"756\">Napi\u0119cie robocze:<\/strong> Pr\u0105d sta\u0142y 12 V \/ 24 V<\/p>\n<\/li>\n<li data-start=\"772\" data-end=\"805\">\n<p data-start=\"774\" data-end=\"805\"><strong data-start=\"774\" data-end=\"795\">Pob\u00f3r mocy:<\/strong> \u2264 80mA<\/p>\n<\/li>\n<li data-start=\"806\" data-end=\"846\">\n<p data-start=\"808\" data-end=\"846\"><strong data-start=\"808\" data-end=\"826\">Cz\u0119stotliwo\u015b\u0107 b\u0142ysk\u00f3w:<\/strong> oko\u0142o 90 b\u0142ysk\u00f3w na minut\u0119<\/p>\n<\/li>\n<li data-start=\"847\" data-end=\"891\">\n<p data-start=\"849\" data-end=\"891\"><strong data-start=\"849\" data-end=\"870\">Temperatura pracy:<\/strong> \u221210\u00b0C do +50\u00b0C<\/p>\n<\/li>\n<li data-start=\"892\" data-end=\"917\">\n<p data-start=\"894\" data-end=\"917\"><strong data-start=\"894\" data-end=\"903\">Waga:<\/strong> ok. 99\u2013100 g<\/p>\n<\/li>\n<li data-start=\"918\" data-end=\"945\">\n<p data-start=\"920\" data-end=\"945\"><strong data-start=\"920\" data-end=\"929\">Mierzy\u0107:<\/strong> ok. 70 \u00d7 45 mm<\/p>\n<\/li>\n<\/ul>\n<hr data-start=\"947\" data-end=\"950\" \/>\n<h3 data-start=\"952\" data-end=\"978\">Monta\u017c i pod\u0142\u0105czenie<\/h3>\n<p data-start=\"979\" data-end=\"1220\">Urz\u0105dzenie TD-SL32 jest zazwyczaj pod\u0142\u0105czone do <strong data-start=\"1011\" data-end=\"1036\">wyj\u015bcie centrum alarmowego<\/strong> (wyj\u015bcie syreny\/lampy b\u0142yskowej), aby aktywowa\u0107 j\u0105 w przypadku alarmu. Mo\u017cna j\u0105 r\u00f3wnie\u017c zasila\u0107 przez <strong data-start=\"1113\" data-end=\"1123\">12 V pr\u0105du sta\u0142ego<\/strong> je\u015bli chcesz u\u017cywa\u0107 go w samodzielnym rozwi\u0105zaniu (zak\u0142adaj\u0105c, \u017ce Twoja instalacja to obs\u0142uguje).<\/p>\n<p data-start=\"1222\" data-end=\"1237\"><strong data-start=\"1222\" data-end=\"1237\">Po\u0142\u0105czenie:<\/strong><\/p>\n<ul data-start=\"1238\" data-end=\"1294\">\n<li data-start=\"1238\" data-end=\"1265\">\n<p data-start=\"1240\" data-end=\"1265\"><strong data-start=\"1240\" data-end=\"1254\">Czerwony kabel:<\/strong> + (plus)<\/p>\n<\/li>\n<li data-start=\"1266\" data-end=\"1294\">\n<p data-start=\"1268\" data-end=\"1294\"><strong data-start=\"1268\" data-end=\"1284\">Czarny kabel:<\/strong> \u2212 (minus)<\/p>\n<\/li>\n<\/ul>\n<p data-start=\"1296\" data-end=\"1386\">\u0141atwy monta\u017c za pomoc\u0105 \u015brub i uchwytu, dzi\u0119ki czemu latarka jest wyra\u017anie widoczna z \u017c\u0105danego kierunku.<\/p>","protected":false},"excerpt":{"rendered":"<p>Ta bia\u0142a lampa sygnalizacyjna (model TD-SL32) jest niezawodnym urz\u0105dzeniem ostrzegawczym dla system\u00f3w alarmowych.<\/p>\n<p>Dzia\u0142a z systemami 12 V lub 24 V i emituje silne, migaj\u0105ce bia\u0142e \u015bwiat\u0142o (90 b\u0142ysk\u00f3w na minut\u0119), kt\u00f3re odstrasza intruz\u00f3w.<\/p>","protected":false},"featured_media":161792,"template":"","meta":{"_acf_changed":false},"product_brand":[],"product_cat":[1562,5103],"product_tag":[5076],"class_list":{"0":"post-161793","1":"product","2":"type-product","3":"status-publish","4":"has-post-thumbnail","6":"product_cat-larmdon-blixtljus","7":"product_cat-blixtljus-kombisiren","8":"product_tag-larmdon-blixtljus-vit","9":"product_shipping_class-postnord-varubrev","10":"pa_brands-stonehouse-security","11":"pa_farg-vit","12":"tm-no-options","14":"first","15":"instock","16":"sale","17":"featured","18":"taxable","19":"shipping-taxable","20":"purchasable","21":"product-type-simple"},"acf":[],"_links":{"self":[{"href":"https:\/\/secureus.se\/pl\/wp-json\/wp\/v2\/product\/161793","targetHints":{"allow":["GET"]}}],"collection":[{"href":"https:\/\/secureus.se\/pl\/wp-json\/wp\/v2\/product"}],"about":[{"href":"https:\/\/secureus.se\/pl\/wp-json\/wp\/v2\/types\/product"}],"wp:featuredmedia":[{"embeddable":true,"href":"https:\/\/secureus.se\/pl\/wp-json\/wp\/v2\/media\/161792"}],"wp:attachment":[{"href":"https:\/\/secureus.se\/pl\/wp-json\/wp\/v2\/media?parent=161793"}],"wp:term":[{"taxonomy":"product_brand","embeddable":true,"href":"https:\/\/secureus.se\/pl\/wp-json\/wp\/v2\/product_brand?post=161793"},{"taxonomy":"product_cat","embeddable":true,"href":"https:\/\/secureus.se\/pl\/wp-json\/wp\/v2\/product_cat?post=161793"},{"taxonomy":"product_tag","embeddable":true,"href":"https:\/\/secureus.se\/pl\/wp-json\/wp\/v2\/product_tag?post=161793"}],"curies":[{"name":"wp","href":"https:\/\/api.w.org\/{rel}","templated":true}]}}