{"id":161920,"date":"2026-02-02T11:00:37","date_gmt":"2026-02-02T10:00:37","guid":{"rendered":"https:\/\/secureus.se\/ip65-plastkapsling-for-procon-gsm-4g-intercom\/"},"modified":"2026-03-27T15:07:13","modified_gmt":"2026-03-27T14:07:13","slug":"ip65-plastkapsling-for-procon-gsm-4g-intercom","status":"publish","type":"product","link":"https:\/\/secureus.se\/pl\/ip65-plastkapsling-for-procon-gsm-4g-intercom\/","title":{"rendered":"IP65 Plastikowa obudowa dla ProCon GSM \/ 4G \/ InterCom"},"content":{"rendered":"<h3 data-start=\"518\" data-end=\"580\">Obudowa IP65 do bezpiecznego monta\u017cu modu\u0142\u00f3w GSM i 4G<\/h3>\n<p data-start=\"581\" data-end=\"806\">Ta plastikowa obudowa o stopniu ochrony IP65 jest przeznaczona do system\u00f3w ProCon GSM, ProCon GSM Cloud, ProCon 4G Cloud i InterCom GSM. Obudowa chroni elektronik\u0119 przed kurzem i wod\u0105 i nadaje si\u0119 do instalacji zar\u00f3wno wewn\u0105trz, jak i na zewn\u0105trz.<\/p>\n<h3 data-start=\"808\" data-end=\"845\">Przystosowany do \u0142atwej instalacji<\/h3>\n<p data-start=\"846\" data-end=\"1077\">Plastikowa obudowa jest wyposa\u017cona w d\u0142awik kablowy (d\u0142awic\u0119) z boku, kt\u00f3ry umo\u017cliwia bezpieczne pod\u0142\u0105czenie kabli bez pogorszenia stopnia ochrony obudowy. Aby w\u0142o\u017cy\u0107 kart\u0119 SIM do modu\u0142u GSM, wystarczy zdj\u0105\u0107 pokryw\u0119.<\/p>\n<h3 data-start=\"1079\" data-end=\"1112\">Przygotowany do anteny zewn\u0119trznej<\/h3>\n<p data-start=\"1113\" data-end=\"1297\">Z\u0142\u0105cze antenowe jest wyprowadzone na \u015bcian\u0119 obudowy, co umo\u017cliwia pod\u0142\u0105czenie zewn\u0119trznej anteny SMA. Zapewnia to lepszy odbi\u00f3r i elastyczno\u015b\u0107 umiejscowienia anteny podczas instalacji.<\/p>\n<h3 data-start=\"1299\" data-end=\"1323\">Obszary zastosowa\u0144<\/h3>\n<ul data-start=\"1324\" data-end=\"1447\">\n<li data-start=\"1324\" data-end=\"1353\">\n<p data-start=\"1326\" data-end=\"1353\">Ochrona modu\u0142\u00f3w GPRS\/GSM<\/p>\n<\/li>\n<li data-start=\"1354\" data-end=\"1388\">\n<p data-start=\"1356\" data-end=\"1388\">ProCon GSM i ProCon 4G Cloud<\/p>\n<\/li>\n<li data-start=\"1389\" data-end=\"1405\">\n<p data-start=\"1391\" data-end=\"1405\">Interkom GSM<\/p>\n<\/li>\n<li data-start=\"1406\" data-end=\"1447\">\n<p data-start=\"1408\" data-end=\"1447\">Instalacje wymagaj\u0105ce ochrony IP65<\/p>\n<\/li>\n<\/ul>\n<hr data-start=\"1449\" data-end=\"1452\" \/>\n<h2 data-start=\"1454\" data-end=\"1485\"><strong data-start=\"1457\" data-end=\"1485\">DANE TECHNICZNE<\/strong><\/h2>\n<ul data-start=\"1487\" data-end=\"1799\">\n<li data-start=\"1487\" data-end=\"1518\">\n<p data-start=\"1489\" data-end=\"1518\">Produkt: Obudowa z tworzywa sztucznego IP65<\/p>\n<\/li>\n<li data-start=\"1519\" data-end=\"1543\">\n<p data-start=\"1521\" data-end=\"1543\">Klasa obudowy: IP65<\/p>\n<\/li>\n<li data-start=\"1544\" data-end=\"1563\">\n<p data-start=\"1546\" data-end=\"1563\">Materia\u0142: tworzywo sztuczne<\/p>\n<\/li>\n<li data-start=\"1564\" data-end=\"1588\">\n<p data-start=\"1566\" data-end=\"1588\">Wej\u015bcie kablowe: Tak<\/p>\n<\/li>\n<li data-start=\"1589\" data-end=\"1630\">\n<p data-start=\"1591\" data-end=\"1630\">Z\u0142\u0105cze antenowe: SMA (antena zewn\u0119trzna)<\/p>\n<\/li>\n<li data-start=\"1631\" data-end=\"1723\">\n<p data-start=\"1633\" data-end=\"1642\">Pasuje do:<\/p>\n<ul data-start=\"1645\" data-end=\"1723\">\n<li data-start=\"1645\" data-end=\"1659\">\n<p data-start=\"1647\" data-end=\"1659\">ProCon GSM<\/p>\n<\/li>\n<li data-start=\"1662\" data-end=\"1682\">\n<p data-start=\"1664\" data-end=\"1682\">Chmura ProCon GSM<\/p>\n<\/li>\n<li data-start=\"1685\" data-end=\"1704\">\n<p data-start=\"1687\" data-end=\"1704\">Chmura ProCon 4G<\/p>\n<\/li>\n<li data-start=\"1707\" data-end=\"1723\">\n<p data-start=\"1709\" data-end=\"1723\">Interkom GSM<\/p>\n<\/li>\n<\/ul>\n<\/li>\n<li data-start=\"1724\" data-end=\"1766\">\n<p data-start=\"1726\" data-end=\"1766\">Wymiary (szer. \u00d7 g\u0142. \u00d7 wys.): <strong data-start=\"1744\" data-end=\"1764\">55 \u00d7 79 \u00d7 119 mm<\/strong><\/p>\n<\/li>\n<\/ul>","protected":false},"excerpt":{"rendered":"<p>Obudowa z tworzywa sztucznego o stopniu ochrony IP65 do ochrony modu\u0142\u00f3w ProCon GSM i 4G. Zaprojektowana do bezpiecznej instalacji na zewn\u0105trz lub w trudnych warunkach. Przygotowany do d\u0142awika kablowego i zewn\u0119trznej anteny SMA.<\/p>","protected":false},"featured_media":161916,"template":"","meta":{"_acf_changed":false},"product_brand":[],"product_cat":[1551],"product_tag":[],"class_list":{"0":"post-161920","1":"product","2":"type-product","3":"status-publish","4":"has-post-thumbnail","6":"product_cat-larmoverforing","7":"pa_brands-asc","8":"tm-no-options","10":"first","11":"instock","12":"taxable","13":"shipping-taxable","14":"purchasable","15":"product-type-simple"},"acf":[],"_links":{"self":[{"href":"https:\/\/secureus.se\/pl\/wp-json\/wp\/v2\/product\/161920","targetHints":{"allow":["GET"]}}],"collection":[{"href":"https:\/\/secureus.se\/pl\/wp-json\/wp\/v2\/product"}],"about":[{"href":"https:\/\/secureus.se\/pl\/wp-json\/wp\/v2\/types\/product"}],"wp:featuredmedia":[{"embeddable":true,"href":"https:\/\/secureus.se\/pl\/wp-json\/wp\/v2\/media\/161916"}],"wp:attachment":[{"href":"https:\/\/secureus.se\/pl\/wp-json\/wp\/v2\/media?parent=161920"}],"wp:term":[{"taxonomy":"product_brand","embeddable":true,"href":"https:\/\/secureus.se\/pl\/wp-json\/wp\/v2\/product_brand?post=161920"},{"taxonomy":"product_cat","embeddable":true,"href":"https:\/\/secureus.se\/pl\/wp-json\/wp\/v2\/product_cat?post=161920"},{"taxonomy":"product_tag","embeddable":true,"href":"https:\/\/secureus.se\/pl\/wp-json\/wp\/v2\/product_tag?post=161920"}],"curies":[{"name":"wp","href":"https:\/\/api.w.org\/{rel}","templated":true}]}}