{"id":161929,"date":"2025-10-01T16:44:16","date_gmt":"2025-10-01T14:44:16","guid":{"rendered":"https:\/\/secureus.se\/batteribackup-12v-3a-med-ups-funktion-for-passersystem\/"},"modified":"2026-03-30T14:37:18","modified_gmt":"2026-03-30T12:37:18","slug":"batteribackup-12v-3a-med-ups-funktion-for-passersystem","status":"publish","type":"product","link":"https:\/\/secureus.se\/pl\/batteribackup-12v-3a-med-ups-funktion-for-passersystem\/","title":{"rendered":"Zapasowy akumulator 12V 3A z funkcj\u0105 UPS do system\u00f3w kontroli dost\u0119pu"},"content":{"rendered":"<h3 data-start=\"605\" data-end=\"659\">Zasilacz awaryjny 12V 3A z funkcj\u0105 UPS - SP-12V-3A<\/h3>\n<p data-start=\"661\" data-end=\"848\">SP-12V-3A to <strong data-start=\"678\" data-end=\"706\">profesjonalny UPS 12V DC<\/strong> Zaprojektowany do system\u00f3w, w kt\u00f3rych ci\u0105g\u0142a praca jest niezb\u0119dna. Urz\u0105dzenie jest u\u017cywane g\u0142\u00f3wnie w <strong data-start=\"790\" data-end=\"847\">systemy kontroli dost\u0119pu, \u015brodowiska drzwiowe i instalacje bezpiecze\u0144stwa<\/strong>.<\/p>\n<p data-start=\"850\" data-end=\"1028\">W przypadku zaniku zasilania UPS automatycznie prze\u0142\u0105cza si\u0119 na prac\u0119 bateryjn\u0105 za po\u015brednictwem zewn\u0119trznego zasilacza. <strong data-start=\"932\" data-end=\"953\">Akumulator 12V\/7Ah<\/strong>, zapewniaj\u0105c, \u017ce pod\u0142\u0105czone urz\u0105dzenia b\u0119d\u0105 dzia\u0142a\u0107 bez zak\u0142\u00f3ce\u0144.<\/p>\n<p data-start=\"1192\" data-end=\"1237\">Jasne <strong data-start=\"1200\" data-end=\"1219\">Wska\u017aniki LED<\/strong> pokazuje status:<\/p>\n<ul data-start=\"1238\" data-end=\"1314\">\n<li data-start=\"1238\" data-end=\"1256\">\n<p data-start=\"1240\" data-end=\"1256\">Napi\u0119cie sieciowe pr\u0105du przemiennego<\/p>\n<\/li>\n<li data-start=\"1257\" data-end=\"1270\">\n<p data-start=\"1259\" data-end=\"1270\">Wyj\u015bcie pr\u0105du sta\u0142ego<\/p>\n<\/li>\n<li data-start=\"1271\" data-end=\"1290\">\n<p data-start=\"1273\" data-end=\"1290\">\u0141adowanie baterii<\/p>\n<\/li>\n<li data-start=\"1291\" data-end=\"1314\">\n<p data-start=\"1293\" data-end=\"1314\">Niskie napi\u0119cie akumulatora<\/p>\n<\/li>\n<\/ul>\n<p data-start=\"1316\" data-end=\"1441\">Jednostka wyposa\u017cona jest w <strong data-start=\"1340\" data-end=\"1368\">samonaprawiaj\u0105ca si\u0119 ochrona<\/strong> przed zwarciem, przet\u0119\u017ceniem, przepi\u0119ciem, nadmiernym roz\u0142adowaniem i g\u0142\u0119bokim roz\u0142adowaniem.<\/p>\n<hr data-start=\"1443\" data-end=\"1446\" \/>\n<h3 data-start=\"1448\" data-end=\"1475\">Funkcje i zalety \u2013 Zapasowy akumulator 12 V 3 A<\/h3>\n<ul data-start=\"1477\" data-end=\"1757\">\n<li data-start=\"1477\" data-end=\"1521\">\n<p data-start=\"1479\" data-end=\"1521\">Automatyczna funkcja UPS w przypadku zaniku zasilania<\/p>\n<\/li>\n<li data-start=\"1563\" data-end=\"1585\">\n<p data-start=\"1565\" data-end=\"1585\">Maksymalne obci\u0105\u017cenie: 3A<\/p>\n<\/li>\n<li data-start=\"1586\" data-end=\"1623\">\n<p data-start=\"1588\" data-end=\"1623\">Ochrona przed awariami elektrycznymi i uszkodzeniami akumulatora<\/p>\n<\/li>\n<li data-start=\"1624\" data-end=\"1667\">\n<p data-start=\"1626\" data-end=\"1667\">Przejrzysty stan diod LED umo\u017cliwiaj\u0105cy \u0142atwe monitorowanie<\/p>\n<\/li>\n<li data-start=\"1668\" data-end=\"1715\">\n<p data-start=\"1670\" data-end=\"1715\">Po\u0142\u0105czenia zaciskowe zapewniaj\u0105ce bezpieczn\u0105 instalacj\u0119<\/p>\n<\/li>\n<li data-start=\"1716\" data-end=\"1757\">\n<p data-start=\"1718\" data-end=\"1757\">Przeznaczony do profesjonalnego u\u017cytku wewn\u0105trz pomieszcze\u0144<\/p>\n<\/li>\n<\/ul>\n<hr data-start=\"1759\" data-end=\"1762\" \/>\n<h3 data-start=\"1764\" data-end=\"1792\">Specyfikacje techniczne<\/h3>\n<ul data-start=\"1794\" data-end=\"2172\">\n<li data-start=\"1794\" data-end=\"1830\">\n<p data-start=\"1796\" data-end=\"1830\"><strong data-start=\"1796\" data-end=\"1807\">Wej\u015bcie:<\/strong> 100\u2013240 V pr\u0105du przemiennego, 50\/60 Hz<\/p>\n<\/li>\n<li data-start=\"1831\" data-end=\"1878\">\n<p data-start=\"1833\" data-end=\"1878\"><strong data-start=\"1833\" data-end=\"1850\">Wyj\u015bcie (sieciowe):<\/strong> 12,0\u201314,0 V DC (regulowane)<\/p>\n<\/li>\n<li data-start=\"1879\" data-end=\"1918\">\n<p data-start=\"1881\" data-end=\"1918\"><strong data-start=\"1881\" data-end=\"1902\">Wyj\u015bcie (bateria):<\/strong> 10,0\u201312,5 V pr\u0105du sta\u0142ego<\/p>\n<\/li>\n<li data-start=\"1919\" data-end=\"1944\">\n<p data-start=\"1921\" data-end=\"1944\"><strong data-start=\"1921\" data-end=\"1937\">Maksymalny pr\u0105d wyj\u015bciowy:<\/strong> 3,0 A<\/p>\n<\/li>\n<li data-start=\"1945\" data-end=\"1974\">\n<p data-start=\"1947\" data-end=\"1974\"><strong data-start=\"1947\" data-end=\"1967\">\u0141adowanie akumulatora:<\/strong> 0,8A<\/p>\n<\/li>\n<li data-start=\"1975\" data-end=\"2026\">\n<p data-start=\"1977\" data-end=\"2026\"><strong data-start=\"1977\" data-end=\"2003\">Zalecana bateria:<\/strong> 12V \/ 7Ah (brak w zestawie)<\/p>\n<\/li>\n<li data-start=\"2027\" data-end=\"2062\">\n<p data-start=\"2029\" data-end=\"2062\"><strong data-start=\"2029\" data-end=\"2044\">Temperatura:<\/strong> -20 do +45\u00b0C<\/p>\n<\/li>\n<li data-start=\"2063\" data-end=\"2114\">\n<p data-start=\"2065\" data-end=\"2114\"><strong data-start=\"2065\" data-end=\"2079\">Wilgotno\u015b\u0107:<\/strong> Do 90 % (bez kondensacji)<\/p>\n<\/li>\n<li data-start=\"2115\" data-end=\"2147\">\n<p data-start=\"2117\" data-end=\"2147\"><strong data-start=\"2117\" data-end=\"2131\">Montowanie:<\/strong> \u015aciana, wewn\u0119trzna<\/p>\n<\/li>\n<li data-start=\"2148\" data-end=\"2172\">\n<p data-start=\"2150\" data-end=\"2172\"><strong data-start=\"2150\" data-end=\"2167\">Orzecznictwo:<\/strong> CE<\/p>\n<\/li>\n<\/ul>\n<hr data-start=\"2174\" data-end=\"2177\" \/>\n<h3 data-start=\"2179\" data-end=\"2209\">Typowe zastosowania<\/h3>\n<ul data-start=\"2211\" data-end=\"2371\">\n<li data-start=\"2211\" data-end=\"2244\">\n<p data-start=\"2213\" data-end=\"2244\">Kontrola dost\u0119pu i sterowanie drzwiami<\/p>\n<\/li>\n<li data-start=\"2245\" data-end=\"2285\">\n<p data-start=\"2247\" data-end=\"2285\">Elektrozaczepy i zamki elektromechaniczne<\/p>\n<\/li>\n<li data-start=\"2286\" data-end=\"2313\">\n<p data-start=\"2288\" data-end=\"2313\">Sterowanie bram\u0105 i bram\u0105<\/p>\n<\/li>\n<li data-start=\"2314\" data-end=\"2343\">\n<p data-start=\"2316\" data-end=\"2343\">Systemy alarmowe i bezpiecze\u0144stwa<\/p>\n<\/li>\n<li data-start=\"2344\" data-end=\"2371\">\n<p data-start=\"2346\" data-end=\"2371\">Rozwi\u0105zania przeciwpo\u017carowe i awaryjne<\/p>\n<\/li>\n<\/ul>\n<hr data-start=\"2373\" data-end=\"2376\" \/>\n<h3 data-start=\"2378\" data-end=\"2394\">Instalacja<\/h3>\n<p data-start=\"2396\" data-end=\"2537\">Produkt przeznaczony jest do: <strong data-start=\"2420\" data-end=\"2443\">instalacja wewn\u0119trzna<\/strong> i powinien zosta\u0107 zainstalowany przez <strong data-start=\"2467\" data-end=\"2487\">autoryzowany technik<\/strong>. Zapewnij dobr\u0105 wentylacj\u0119 i prawid\u0142owe uziemienie.<\/p>\n<p data-start=\"2396\" data-end=\"2537\"><span data-teams=\"true\">Rozmiar: 195 x 225 x 83 mm<\/span><\/p>","protected":false},"excerpt":{"rendered":"<p data-start=\"198\" data-end=\"489\"><strong data-start=\"198\" data-end=\"272\">Zasilacz awaryjny UPS 12V 3A do system\u00f3w kontroli dost\u0119pu i instalacji zabezpieczaj\u0105cych.<\/strong><br data-start=\"272\" data-end=\"275\" \/>SP-12V-3A zapewnia stabiln\u0105 prac\u0119 podczas przerw w dostawie pr\u0105du dzi\u0119ki automatycznemu prze\u0142\u0105czaniu na zasilanie akumulatorowe. Wyra\u017ane wska\u017aniki LED i wbudowane zabezpieczenia sprawiaj\u0105, \u017ce idealnie nadaje si\u0119 do sterowania drzwiami, elektrozaczepami i bramami.<\/p>\n<p data-start=\"491\" data-end=\"537\"><em data-start=\"491\" data-end=\"537\">Zalecany akumulator: 12V \/ 7Ah (brak w zestawie).<\/em><\/p>","protected":false},"featured_media":161927,"template":"","meta":{"_acf_changed":false},"product_brand":[],"product_cat":[2721],"product_tag":[],"class_list":{"0":"post-161929","1":"product","2":"type-product","3":"status-publish","4":"has-post-thumbnail","6":"product_cat-batteribackuper","7":"pa_brands-stonehouse-security","8":"tm-no-options","10":"first","11":"instock","12":"sale","13":"taxable","14":"shipping-taxable","15":"purchasable","16":"product-type-simple"},"acf":[],"_links":{"self":[{"href":"https:\/\/secureus.se\/pl\/wp-json\/wp\/v2\/product\/161929","targetHints":{"allow":["GET"]}}],"collection":[{"href":"https:\/\/secureus.se\/pl\/wp-json\/wp\/v2\/product"}],"about":[{"href":"https:\/\/secureus.se\/pl\/wp-json\/wp\/v2\/types\/product"}],"wp:featuredmedia":[{"embeddable":true,"href":"https:\/\/secureus.se\/pl\/wp-json\/wp\/v2\/media\/161927"}],"wp:attachment":[{"href":"https:\/\/secureus.se\/pl\/wp-json\/wp\/v2\/media?parent=161929"}],"wp:term":[{"taxonomy":"product_brand","embeddable":true,"href":"https:\/\/secureus.se\/pl\/wp-json\/wp\/v2\/product_brand?post=161929"},{"taxonomy":"product_cat","embeddable":true,"href":"https:\/\/secureus.se\/pl\/wp-json\/wp\/v2\/product_cat?post=161929"},{"taxonomy":"product_tag","embeddable":true,"href":"https:\/\/secureus.se\/pl\/wp-json\/wp\/v2\/product_tag?post=161929"}],"curies":[{"name":"wp","href":"https:\/\/api.w.org\/{rel}","templated":true}]}}