{"id":161942,"date":"2026-02-02T13:33:10","date_gmt":"2026-02-02T12:33:10","guid":{"rendered":"https:\/\/secureus.se\/mifare-desfire-2k-ev3-kort-100-pack-13-56-mhz\/"},"modified":"2026-02-27T14:29:31","modified_gmt":"2026-02-27T13:29:31","slug":"mifare-desfire-2k-ev3-kort-100-pack-13-56-mhz","status":"publish","type":"product","link":"https:\/\/secureus.se\/pl\/mifare-desfire-2k-ev3-kort-100-pack-13-56-mhz\/","title":{"rendered":"Karta Mifare DESFire 2K EV3 - opakowanie 100 sztuk, 13,56 MHz"},"content":{"rendered":"<p>Puste bia\u0142e karty 2K EV3 Mifare Desfire - opakowanie 100 sztuk<\/p>\n<p>Karty MIFARE DESFire EV3 2K wykorzystuj\u0105 najnowsz\u0105 technologi\u0119 chipow\u0105 NXP, aby zapewni\u0107 szybk\u0105, bezpieczn\u0105 i niezawodn\u0105 wydajno\u015b\u0107. Dzi\u0119ki 2 KB pami\u0119ci mog\u0105 obs\u0142ugiwa\u0107 wiele aplikacji na jednej karcie. Pracuj\u0105c z cz\u0119stotliwo\u015bci\u0105 13,56 MHz, oferuj\u0105 wysok\u0105 pr\u0119dko\u015b\u0107 przesy\u0142u danych do 848 kb\/s, co czyni je idealnymi do system\u00f3w kontroli dost\u0119pu, tranzytu i innych system\u00f3w bezpiecze\u0144stwa.<\/p>\n<p>Sprzedawane w opakowaniach po 100 sztuk<br \/>\nStandardowy rozmiar karty kredytowej CR80 (86 mm x 54 mm)<br \/>\nPojemno\u015b\u0107 pami\u0119ci 2K bajt\u00f3w<br \/>\nIdealne rozwi\u0105zanie do zastosowa\u0144 zwi\u0105zanych z to\u017csamo\u015bci\u0105, kontrol\u0105 dost\u0119pu i mikrop\u0142atno\u015bciami<\/p>\n<p>Waga produktu:<br \/>\n0,60 kg<\/p>","protected":false},"excerpt":{"rendered":"<p>Puste bia\u0142e karty 2K EV3 Mifare Desfire - opakowanie 100 sztuk<\/p>","protected":false},"featured_media":161941,"template":"","meta":{"_acf_changed":false},"product_brand":[],"product_cat":[4233],"product_tag":[],"class_list":{"0":"post-161942","1":"product","2":"type-product","3":"status-publish","4":"has-post-thumbnail","6":"product_cat-rfid-kort-desfire","7":"tm-no-options","9":"first","10":"instock","11":"sale","12":"taxable","13":"shipping-taxable","14":"purchasable","15":"product-type-simple"},"acf":[],"_links":{"self":[{"href":"https:\/\/secureus.se\/pl\/wp-json\/wp\/v2\/product\/161942","targetHints":{"allow":["GET"]}}],"collection":[{"href":"https:\/\/secureus.se\/pl\/wp-json\/wp\/v2\/product"}],"about":[{"href":"https:\/\/secureus.se\/pl\/wp-json\/wp\/v2\/types\/product"}],"wp:featuredmedia":[{"embeddable":true,"href":"https:\/\/secureus.se\/pl\/wp-json\/wp\/v2\/media\/161941"}],"wp:attachment":[{"href":"https:\/\/secureus.se\/pl\/wp-json\/wp\/v2\/media?parent=161942"}],"wp:term":[{"taxonomy":"product_brand","embeddable":true,"href":"https:\/\/secureus.se\/pl\/wp-json\/wp\/v2\/product_brand?post=161942"},{"taxonomy":"product_cat","embeddable":true,"href":"https:\/\/secureus.se\/pl\/wp-json\/wp\/v2\/product_cat?post=161942"},{"taxonomy":"product_tag","embeddable":true,"href":"https:\/\/secureus.se\/pl\/wp-json\/wp\/v2\/product_tag?post=161942"}],"curies":[{"name":"wp","href":"https:\/\/api.w.org\/{rel}","templated":true}]}}