{"id":161946,"date":"2025-10-01T16:44:15","date_gmt":"2025-10-01T14:44:15","guid":{"rendered":"https:\/\/secureus.se\/batteribackup-12v-3a-for-cctv\/"},"modified":"2026-04-15T16:35:12","modified_gmt":"2026-04-15T14:35:12","slug":"batteribackup-12v-3a-for-cctv","status":"publish","type":"product","link":"https:\/\/secureus.se\/pl\/batteribackup-12v-3a-for-cctv\/","title":{"rendered":"Zapasowy akumulator 12V 3A z 4-kana\u0142owym UPS-em do monitoringu CCTV"},"content":{"rendered":"<h3 data-start=\"789\" data-end=\"847\">Akumulator zapasowy 12V 3A do kamer CCTV \u2013 SPF-12V-3A<\/h3>\n<p data-start=\"849\" data-end=\"1002\">SPF-12V-3A to <strong data-start=\"866\" data-end=\"916\">UPS 12 V DC specjalnie zaprojektowany do system\u00f3w CCTV<\/strong>, w kt\u00f3rych wiele kamer wymaga stabilnego i bezpiecznego zasilania \u2013 nawet podczas przerw w dostawie pr\u0105du.<\/p>\n<p data-start=\"1004\" data-end=\"1204\">UPS ma <strong data-start=\"1015\" data-end=\"1044\">cztery oddzielne wyj\u015bcia DC<\/strong>gdzie ka\u017cde wyj\u015bcie jest indywidualnie <strong data-start=\"1079\" data-end=\"1089\">zabezpieczone<\/strong>, co zapewnia wysok\u0105 niezawodno\u015b\u0107 dzia\u0142ania i chroni zar\u00f3wno kamery, jak i okablowanie w przypadku awarii lub zwarcia na pojedynczym kanale.<\/p>\n<p data-start=\"1206\" data-end=\"1378\">W przypadku zaniku zasilania urz\u0105dzenie automatycznie prze\u0142\u0105cza si\u0119 na zasilanie bateryjne za po\u015brednictwem zewn\u0119trznego zasilacza. <strong data-start=\"1288\" data-end=\"1309\">Akumulator 12V\/7Ah<\/strong>, dzi\u0119ki czemu kamery i urz\u0105dzenia peryferyjne mog\u0105 dzia\u0142a\u0107 bez zak\u0142\u00f3ce\u0144.<\/p>\n<p data-start=\"1567\" data-end=\"1601\">Jasne <strong data-start=\"1575\" data-end=\"1594\">Wska\u017aniki LED<\/strong> wida\u0107:<\/p>\n<ul data-start=\"1602\" data-end=\"1678\">\n<li data-start=\"1602\" data-end=\"1620\">\n<p data-start=\"1604\" data-end=\"1620\">Napi\u0119cie sieciowe pr\u0105du przemiennego<\/p>\n<\/li>\n<li data-start=\"1621\" data-end=\"1634\">\n<p data-start=\"1623\" data-end=\"1634\">Wyj\u015bcie pr\u0105du sta\u0142ego<\/p>\n<\/li>\n<li data-start=\"1635\" data-end=\"1654\">\n<p data-start=\"1637\" data-end=\"1654\">\u0141adowanie baterii<\/p>\n<\/li>\n<li data-start=\"1655\" data-end=\"1678\">\n<p data-start=\"1657\" data-end=\"1678\">Niskie napi\u0119cie akumulatora<\/p>\n<\/li>\n<\/ul>\n<p data-start=\"789\" data-end=\"847\">Akumulator zapasowy 12V 3A do monitoringu CCTV <span style=\"font-size: 16px;\">jest wyposa\u017cony w zabezpieczenie przed <\/span>zwarcie, przet\u0119\u017cenie, prze\u0142adowanie i g\u0142\u0119bokie roz\u0142adowanie<span style=\"font-size: 16px;\">, z automatycznym resetem po ust\u0105pieniu usterki.<\/span><\/p>\n<hr data-start=\"1828\" data-end=\"1831\" \/>\n<h3 data-start=\"1833\" data-end=\"1860\">Funkcje i korzy\u015bci<\/h3>\n<ul data-start=\"1862\" data-end=\"2187\">\n<li data-start=\"1862\" data-end=\"1901\">\n<p data-start=\"1864\" data-end=\"1901\">Specjalnie przystosowane do kamer CCTV<\/p>\n<\/li>\n<li data-start=\"1902\" data-end=\"1943\">\n<p data-start=\"1904\" data-end=\"1943\">4 indywidualnie zabezpieczone wyj\u015bcia DC<\/p>\n<\/li>\n<li data-start=\"1944\" data-end=\"1988\">\n<p data-start=\"1946\" data-end=\"1988\">Automatyczne zasilanie bateryjne w przypadku zaniku zasilania<\/p>\n<\/li>\n<li data-start=\"2030\" data-end=\"2058\">\n<p data-start=\"2032\" data-end=\"2058\">Maksymalne obci\u0105\u017cenie ca\u0142kowite: 3A<\/p>\n<\/li>\n<li data-start=\"2059\" data-end=\"2095\">\n<p data-start=\"2061\" data-end=\"2095\">Status LED dla \u0142atwego monitorowania<\/p>\n<\/li>\n<li data-start=\"2096\" data-end=\"2128\">\n<p data-start=\"2098\" data-end=\"2128\">Ochrona przed awariami elektrycznymi i akumulatorowymi<\/p>\n<\/li>\n<li data-start=\"2129\" data-end=\"2187\">\n<p data-start=\"2131\" data-end=\"2187\">Stabilne rozwi\u0105zanie dla profesjonalnych instalacji kamer<\/p>\n<\/li>\n<\/ul>\n<hr data-start=\"2189\" data-end=\"2192\" \/>\n<h3 data-start=\"2194\" data-end=\"2222\">Specyfikacje techniczne<\/h3>\n<ul data-start=\"2224\" data-end=\"2657\">\n<li data-start=\"2224\" data-end=\"2260\">\n<p data-start=\"2226\" data-end=\"2260\"><strong data-start=\"2226\" data-end=\"2237\">Wej\u015bcie:<\/strong> 100\u2013240 V pr\u0105du przemiennego, 50\/60 Hz<\/p>\n<\/li>\n<li data-start=\"2349\" data-end=\"2382\">\n<p data-start=\"2351\" data-end=\"2382\"><strong data-start=\"2351\" data-end=\"2367\">Maksymalny pr\u0105d wyj\u015bciowy:<\/strong> 3,0 A (\u0142\u0105cznie)<\/p>\n<\/li>\n<li data-start=\"2383\" data-end=\"2412\">\n<p data-start=\"2385\" data-end=\"2412\"><strong data-start=\"2385\" data-end=\"2405\">\u0141adowanie akumulatora:<\/strong> 0,8A<\/p>\n<\/li>\n<li data-start=\"2413\" data-end=\"2459\">\n<p data-start=\"2415\" data-end=\"2459\"><strong data-start=\"2415\" data-end=\"2428\">Wyj\u015bcia:<\/strong> 4 \u00d7 DC, zabezpieczone indywidualnie<\/p>\n<\/li>\n<li data-start=\"2460\" data-end=\"2511\">\n<p data-start=\"2462\" data-end=\"2511\"><strong data-start=\"2462\" data-end=\"2488\">Zalecana bateria:<\/strong> 12V \/ 7Ah (brak w zestawie)<\/p>\n<\/li>\n<li data-start=\"2512\" data-end=\"2547\">\n<p data-start=\"2514\" data-end=\"2547\"><strong data-start=\"2514\" data-end=\"2529\">Temperatura:<\/strong> -20 do +45\u00b0C<\/p>\n<\/li>\n<li data-start=\"2548\" data-end=\"2599\">\n<p data-start=\"2550\" data-end=\"2599\"><strong data-start=\"2550\" data-end=\"2564\">Wilgotno\u015b\u0107:<\/strong> Do 90 % (bez kondensacji)<\/p>\n<\/li>\n<li data-start=\"2600\" data-end=\"2632\">\n<p data-start=\"2602\" data-end=\"2632\"><strong data-start=\"2602\" data-end=\"2616\">Montowanie:<\/strong> Wewn\u0105trz, na \u015bcianie<\/p>\n<\/li>\n<li data-start=\"2633\" data-end=\"2657\">\n<p data-start=\"2635\" data-end=\"2657\"><strong data-start=\"2635\" data-end=\"2652\">Orzecznictwo:<\/strong> CE<\/p>\n<\/li>\n<\/ul>\n<hr data-start=\"2659\" data-end=\"2662\" \/>\n<h3 data-start=\"2664\" data-end=\"2694\">Typowe zastosowania<\/h3>\n<ul data-start=\"2696\" data-end=\"2881\">\n<li data-start=\"2696\" data-end=\"2734\">\n<p data-start=\"2698\" data-end=\"2734\">Kamery CCTV (analogowe i IP przez 12V)<\/p>\n<\/li>\n<li data-start=\"2735\" data-end=\"2773\">\n<p data-start=\"2737\" data-end=\"2773\">Ma\u0142e i \u015brednie systemy kamer<\/p>\n<\/li>\n<li data-start=\"2774\" data-end=\"2813\">\n<p data-start=\"2776\" data-end=\"2813\">NVR\/DVR z zewn\u0119trznym zasilaniem<\/p>\n<\/li>\n<li data-start=\"2814\" data-end=\"2881\">\n<p data-start=\"2816\" data-end=\"2881\">Instalacje bezpiecze\u0144stwa, w kt\u00f3rych wiele obci\u0105\u017ce\u0144 wymaga oddzielnych bezpiecznik\u00f3w<\/p>\n<\/li>\n<\/ul>\n<hr data-start=\"2883\" data-end=\"2886\" \/>\n<h3 data-start=\"2888\" data-end=\"2904\">Instalacja<\/h3>\n<p data-start=\"2906\" data-end=\"3104\">Przeznaczony dla <strong data-start=\"2917\" data-end=\"2940\">instalacja wewn\u0119trzna<\/strong>.<br data-start=\"2941\" data-end=\"2944\" \/>UPS montuje si\u0119 na \u015bcianie i pod\u0142\u0105cza za pomoc\u0105 listew zaciskowych.<br data-start=\"2998\" data-end=\"3001\" \/>Zaleca si\u0119, aby instalacj\u0119 przeprowadzi\u0107 <strong data-start=\"3043\" data-end=\"3063\">autoryzowany technik<\/strong>, szczeg\u00f3lnie w przypadku wielokana\u0142owych system\u00f3w kamer.<\/p>\n<p data-start=\"2906\" data-end=\"3104\"><span data-teams=\"true\">Rozmiar: 195 x 225 x 83 mm<\/span><\/p>","protected":false},"excerpt":{"rendered":"<p data-start=\"376\" data-end=\"675\"><strong data-start=\"376\" data-end=\"440\">Zasilacz UPS 12V 3A do kamer CCTV z 4 oddzielnymi wyj\u015bciami z bezpiecznikami.<\/strong><br data-start=\"440\" data-end=\"443\" \/>SPF-12V-3A to profesjonalny UPS zaprojektowany specjalnie do instalacji kamer. Automatyczne zasilanie akumulatorowe w przypadku awarii zasilania, regulowane napi\u0119cie wyj\u015bciowe i indywidualnie zabezpieczone wyj\u015bcia sprawiaj\u0105, \u017ce idealnie nadaje si\u0119 do zasilania wielu kamer monitoringu.<\/p>\n<p data-start=\"677\" data-end=\"723\"><em data-start=\"677\" data-end=\"723\">Zalecany akumulator: 12V \/ 7Ah (brak w zestawie).<\/em><\/p>","protected":false},"featured_media":161945,"template":"","meta":{"_acf_changed":false},"product_brand":[],"product_cat":[2721],"product_tag":[],"class_list":{"0":"post-161946","1":"product","2":"type-product","3":"status-publish","4":"has-post-thumbnail","6":"product_cat-batteribackuper","7":"pa_brands-stonehouse-security","8":"tm-no-options","10":"first","11":"instock","12":"sale","13":"taxable","14":"shipping-taxable","15":"purchasable","16":"product-type-simple"},"acf":[],"_links":{"self":[{"href":"https:\/\/secureus.se\/pl\/wp-json\/wp\/v2\/product\/161946","targetHints":{"allow":["GET"]}}],"collection":[{"href":"https:\/\/secureus.se\/pl\/wp-json\/wp\/v2\/product"}],"about":[{"href":"https:\/\/secureus.se\/pl\/wp-json\/wp\/v2\/types\/product"}],"wp:featuredmedia":[{"embeddable":true,"href":"https:\/\/secureus.se\/pl\/wp-json\/wp\/v2\/media\/161945"}],"wp:attachment":[{"href":"https:\/\/secureus.se\/pl\/wp-json\/wp\/v2\/media?parent=161946"}],"wp:term":[{"taxonomy":"product_brand","embeddable":true,"href":"https:\/\/secureus.se\/pl\/wp-json\/wp\/v2\/product_brand?post=161946"},{"taxonomy":"product_cat","embeddable":true,"href":"https:\/\/secureus.se\/pl\/wp-json\/wp\/v2\/product_cat?post=161946"},{"taxonomy":"product_tag","embeddable":true,"href":"https:\/\/secureus.se\/pl\/wp-json\/wp\/v2\/product_tag?post=161946"}],"curies":[{"name":"wp","href":"https:\/\/api.w.org\/{rel}","templated":true}]}}