{"id":161952,"date":"2025-10-01T16:44:16","date_gmt":"2025-10-01T14:44:16","guid":{"rendered":"https:\/\/secureus.se\/batteribackup-24v-5a-for-passersystem\/"},"modified":"2026-04-15T13:31:34","modified_gmt":"2026-04-15T11:31:34","slug":"batteribackup-24v-5a-for-passersystem","status":"publish","type":"product","link":"https:\/\/secureus.se\/pl\/batteribackup-24v-5a-for-passersystem\/","title":{"rendered":"Zasilacz awaryjny 24V 5A z funkcj\u0105 UPS do system\u00f3w kontroli dost\u0119pu"},"content":{"rendered":"<h3 data-start=\"695\" data-end=\"748\">Zasilacz awaryjny 24V 5A z funkcj\u0105 UPS - SP-24V-5A<\/h3>\n<p data-start=\"750\" data-end=\"911\">SP-24V-5A to <strong data-start=\"766\" data-end=\"794\">profesjonalny UPS 24V DC<\/strong> z du\u017c\u0105 moc\u0105 wyj\u015bciow\u0105 <strong data-start=\"815\" data-end=\"830\">do 5A<\/strong>, opracowany dla instalacji, w kt\u00f3rych kluczowe znaczenie ma wysokie obci\u0105\u017cenie i niezawodno\u015b\u0107 dzia\u0142ania.<\/p>\n<p data-start=\"913\" data-end=\"1099\">W przypadku zaniku zasilania urz\u0105dzenie automatycznie prze\u0142\u0105cza si\u0119 na zasilanie bateryjne za pomoc\u0105 <strong data-start=\"983\" data-end=\"1026\">dwa zewn\u0119trzne akumulatory 12V\/7Ah po\u0142\u0105czone szeregowo<\/strong>, co zapewnia ci\u0105g\u0142\u0105, nieprzerwan\u0105 prac\u0119 pod\u0142\u0105czonych system\u00f3w.<\/p>\n<p data-start=\"1263\" data-end=\"1308\">Jasne <strong data-start=\"1271\" data-end=\"1290\">Wska\u017aniki LED<\/strong> pokazuje status:<\/p>\n<ul data-start=\"1309\" data-end=\"1385\">\n<li data-start=\"1309\" data-end=\"1327\">\n<p data-start=\"1311\" data-end=\"1327\">Napi\u0119cie sieciowe pr\u0105du przemiennego<\/p>\n<\/li>\n<li data-start=\"1328\" data-end=\"1341\">\n<p data-start=\"1330\" data-end=\"1341\">Wyj\u015bcie pr\u0105du sta\u0142ego<\/p>\n<\/li>\n<li data-start=\"1342\" data-end=\"1361\">\n<p data-start=\"1344\" data-end=\"1361\">\u0141adowanie baterii<\/p>\n<\/li>\n<li data-start=\"1362\" data-end=\"1385\">\n<p data-start=\"1364\" data-end=\"1385\">Niskie napi\u0119cie akumulatora<\/p>\n<\/li>\n<\/ul>\n<p data-start=\"1387\" data-end=\"1512\">Jednostka wyposa\u017cona jest w <strong data-start=\"1411\" data-end=\"1439\">samonaprawiaj\u0105ca si\u0119 ochrona<\/strong> przed zwarciem, przet\u0119\u017ceniem, przepi\u0119ciem, nadmiernym roz\u0142adowaniem i g\u0142\u0119bokim roz\u0142adowaniem.<\/p>\n<hr data-start=\"1514\" data-end=\"1517\" \/>\n<h3 data-start=\"1519\" data-end=\"1546\">Funkcje i korzy\u015bci<\/h3>\n<ul data-start=\"1548\" data-end=\"1902\">\n<li data-start=\"1548\" data-end=\"1592\">\n<p data-start=\"1550\" data-end=\"1592\">Automatyczna funkcja UPS w przypadku zaniku zasilania<\/p>\n<\/li>\n<li data-start=\"1634\" data-end=\"1656\">\n<p data-start=\"1636\" data-end=\"1656\">Maksymalne obci\u0105\u017cenie: 5A<\/p>\n<\/li>\n<li data-start=\"1657\" data-end=\"1705\">\n<p data-start=\"1659\" data-end=\"1705\">Obs\u0142uga system\u00f3w akumulatorowych 24 V (2 \u00d7 12 V w szeregu)<\/p>\n<\/li>\n<li data-start=\"1706\" data-end=\"1754\">\n<p data-start=\"1708\" data-end=\"1754\">Kompleksowa ochrona przed awariami elektrycznymi i uszkodzeniami akumulatora<\/p>\n<\/li>\n<li data-start=\"1755\" data-end=\"1801\">\n<p data-start=\"1757\" data-end=\"1801\">Wska\u017anik stanu LED umo\u017cliwiaj\u0105cy \u0142atwe monitorowanie<\/p>\n<\/li>\n<li data-start=\"1802\" data-end=\"1860\">\n<p data-start=\"1804\" data-end=\"1860\">Po\u0142\u0105czenia zaciskowe zapewniaj\u0105ce bezpieczn\u0105 i przejrzyst\u0105 instalacj\u0119<\/p>\n<\/li>\n<li data-start=\"1861\" data-end=\"1902\">\n<p data-start=\"1863\" data-end=\"1902\">Przeznaczony do profesjonalnego u\u017cytku wewn\u0105trz pomieszcze\u0144<\/p>\n<\/li>\n<\/ul>\n<hr data-start=\"1904\" data-end=\"1907\" \/>\n<h3 data-start=\"1909\" data-end=\"1937\">Specyfikacje techniczne<\/h3>\n<ul data-start=\"1939\" data-end=\"2328\">\n<li data-start=\"1939\" data-end=\"1975\">\n<p data-start=\"1941\" data-end=\"1975\"><strong data-start=\"1941\" data-end=\"1952\">Wej\u015bcie:<\/strong> 190\u2013240 V pr\u0105du przemiennego, 50\/60 Hz<\/p>\n<\/li>\n<li data-start=\"1976\" data-end=\"2023\">\n<p data-start=\"1978\" data-end=\"2023\"><strong data-start=\"1978\" data-end=\"1995\">Wyj\u015bcie (sieciowe):<\/strong> 24,0\u201328,0 V DC (regulowane)<\/p>\n<\/li>\n<li data-start=\"2024\" data-end=\"2063\">\n<p data-start=\"2026\" data-end=\"2063\"><strong data-start=\"2026\" data-end=\"2047\">Wyj\u015bcie (bateria):<\/strong> 20,6\u201326,0 V pr\u0105du sta\u0142ego<\/p>\n<\/li>\n<li data-start=\"2064\" data-end=\"2089\">\n<p data-start=\"2066\" data-end=\"2089\"><strong data-start=\"2066\" data-end=\"2082\">Maksymalny pr\u0105d wyj\u015bciowy:<\/strong> 5,0 A<\/p>\n<\/li>\n<li data-start=\"2090\" data-end=\"2119\">\n<p data-start=\"2092\" data-end=\"2119\"><strong data-start=\"2092\" data-end=\"2112\">\u0141adowanie akumulatora:<\/strong> 1,0 A<\/p>\n<\/li>\n<li data-start=\"2120\" data-end=\"2182\">\n<p data-start=\"2122\" data-end=\"2182\"><strong data-start=\"2122\" data-end=\"2148\">Zalecana bateria:<\/strong> 2 \u00d7 12V \/ 7Ah (szeregowe, nie do\u0142\u0105czone)<\/p>\n<\/li>\n<li data-start=\"2183\" data-end=\"2218\">\n<p data-start=\"2185\" data-end=\"2218\"><strong data-start=\"2185\" data-end=\"2200\">Temperatura:<\/strong> -20 do +45\u00b0C<\/p>\n<\/li>\n<li data-start=\"2219\" data-end=\"2270\">\n<p data-start=\"2221\" data-end=\"2270\"><strong data-start=\"2221\" data-end=\"2235\">Wilgotno\u015b\u0107:<\/strong> Do 90 % (bez kondensacji)<\/p>\n<\/li>\n<li data-start=\"2271\" data-end=\"2303\">\n<p data-start=\"2273\" data-end=\"2303\"><strong data-start=\"2273\" data-end=\"2287\">Montowanie:<\/strong> \u015aciana, wewn\u0119trzna<\/p>\n<\/li>\n<li data-start=\"2304\" data-end=\"2328\">\n<p data-start=\"2306\" data-end=\"2328\"><strong data-start=\"2306\" data-end=\"2323\">Orzecznictwo:<\/strong> CE<\/p>\n<\/li>\n<\/ul>\n<hr data-start=\"2330\" data-end=\"2333\" \/>\n<h3 data-start=\"2335\" data-end=\"2365\">Typowe zastosowania<\/h3>\n<ul data-start=\"2367\" data-end=\"2536\">\n<li data-start=\"2367\" data-end=\"2406\">\n<p data-start=\"2369\" data-end=\"2406\">Systemy kontroli dost\u0119pu i wi\u0119ksze przestrzenie drzwiowe<\/p>\n<\/li>\n<li data-start=\"2407\" data-end=\"2434\">\n<p data-start=\"2409\" data-end=\"2434\">Sterowanie bram\u0105 i bram\u0105<\/p>\n<\/li>\n<li data-start=\"2435\" data-end=\"2481\">\n<p data-start=\"2437\" data-end=\"2481\">Elektrozaczepy i zamki elektromechaniczne (24V)<\/p>\n<\/li>\n<li data-start=\"2482\" data-end=\"2511\">\n<p data-start=\"2484\" data-end=\"2511\">Systemy bezpiecze\u0144stwa i alarmowe<\/p>\n<\/li>\n<li data-start=\"2512\" data-end=\"2536\">\n<p data-start=\"2514\" data-end=\"2536\">Systemy przeciwpo\u017carowe i awaryjne<\/p>\n<\/li>\n<\/ul>\n<hr data-start=\"2538\" data-end=\"2541\" \/>\n<h3 data-start=\"2543\" data-end=\"2559\">Instalacja<\/h3>\n<p data-start=\"2561\" data-end=\"2739\">Produkt przeznaczony jest do: <strong data-start=\"2585\" data-end=\"2608\">instalacja wewn\u0119trzna<\/strong> i powinien zosta\u0107 zainstalowany przez <strong data-start=\"2632\" data-end=\"2652\">autoryzowany technik<\/strong>.<br data-start=\"2653\" data-end=\"2656\" \/>Nale\u017cy zapewni\u0107 odpowiednie uziemienie, dobr\u0105 wentylacj\u0119 i prawid\u0142ow\u0105 konfiguracj\u0119 akumulator\u00f3w (szereg).<\/p>\n<p data-start=\"2561\" data-end=\"2739\"><span data-teams=\"true\">Rozmiar: 195 x 225 x 83 mm<\/span><\/p>","protected":false},"excerpt":{"rendered":"<p data-start=\"244\" data-end=\"569\"><strong data-start=\"244\" data-end=\"318\">Zasilacz awaryjny UPS 24 V 5 A do system\u00f3w kontroli dost\u0119pu i instalacji zabezpieczaj\u0105cych.<\/strong><br data-start=\"318\" data-end=\"321\" \/>Ten wydajny UPS 24 V DC zapewnia prac\u0119 w przypadku przerw w dostawie pr\u0105du dzi\u0119ki automatycznemu prze\u0142\u0105czaniu na zasilanie akumulatorowe. Regulowane napi\u0119cie wyj\u015bciowe, czytelne wska\u017aniki LED i kompleksowe zabezpieczenia sprawiaj\u0105, \u017ce idealnie nadaje si\u0119 do sterownik\u00f3w bram, bram i wymagaj\u0105cych system\u00f3w bezpiecze\u0144stwa.<\/p>\n<p data-start=\"571\" data-end=\"629\"><em data-start=\"571\" data-end=\"629\">Zalecany akumulator: 2 \u00d7 12V \/ 7Ah po\u0142\u0105czone szeregowo (brak w zestawie).<\/em><\/p>","protected":false},"featured_media":161950,"template":"","meta":{"_acf_changed":false},"product_brand":[],"product_cat":[2721],"product_tag":[],"class_list":{"0":"post-161952","1":"product","2":"type-product","3":"status-publish","4":"has-post-thumbnail","6":"product_cat-batteribackuper","7":"pa_brands-stonehouse-security","8":"tm-no-options","10":"first","11":"instock","12":"sale","13":"taxable","14":"shipping-taxable","15":"purchasable","16":"product-type-simple"},"acf":[],"_links":{"self":[{"href":"https:\/\/secureus.se\/pl\/wp-json\/wp\/v2\/product\/161952","targetHints":{"allow":["GET"]}}],"collection":[{"href":"https:\/\/secureus.se\/pl\/wp-json\/wp\/v2\/product"}],"about":[{"href":"https:\/\/secureus.se\/pl\/wp-json\/wp\/v2\/types\/product"}],"wp:featuredmedia":[{"embeddable":true,"href":"https:\/\/secureus.se\/pl\/wp-json\/wp\/v2\/media\/161950"}],"wp:attachment":[{"href":"https:\/\/secureus.se\/pl\/wp-json\/wp\/v2\/media?parent=161952"}],"wp:term":[{"taxonomy":"product_brand","embeddable":true,"href":"https:\/\/secureus.se\/pl\/wp-json\/wp\/v2\/product_brand?post=161952"},{"taxonomy":"product_cat","embeddable":true,"href":"https:\/\/secureus.se\/pl\/wp-json\/wp\/v2\/product_cat?post=161952"},{"taxonomy":"product_tag","embeddable":true,"href":"https:\/\/secureus.se\/pl\/wp-json\/wp\/v2\/product_tag?post=161952"}],"curies":[{"name":"wp","href":"https:\/\/api.w.org\/{rel}","templated":true}]}}