{"id":162171,"date":"2025-11-21T14:39:45","date_gmt":"2025-11-21T13:39:45","guid":{"rendered":"https:\/\/secureus.se\/provkit-testifire-xtr2-provningshojd-6-m-varme-co-rok\/"},"modified":"2026-03-26T12:22:11","modified_gmt":"2026-03-26T11:22:11","slug":"provkit-testifire-2001-5-6-m-varme-rok","status":"publish","type":"product","link":"https:\/\/secureus.se\/pl\/provkit-testifire-2001-5-6-m-varme-rok\/","title":{"rendered":"Zestaw testowy Testifire 2001 5 - 6 m (ciep\u0142o\/dym)"},"content":{"rendered":"<h1 class=\"product_title entry-title\">Zestaw testowy Testifire 2001 5 - 6 m (ciep\u0142o\/dym)<\/h1>\n<h3 data-start=\"376\" data-end=\"432\">Niezawodne testowanie czujnik\u00f3w po\u017caru i tlenku w\u0119gla<\/h3>\n<p data-start=\"433\" data-end=\"688\">Zestaw testowy Testifire 2001 zosta\u0142 zaprojektowany w celu u\u0142atwienia i zapewnienia prawid\u0142owego dzia\u0142ania test\u00f3w czujnik\u00f3w dymu, czujnik\u00f3w ciep\u0142a i czujnik\u00f3w tlenku w\u0119gla.<\/p>\n<p data-start=\"433\" data-end=\"688\">Symuluj\u0105c rzeczywiste warunki alarmowe, mo\u017cna mie\u0107 pewno\u015b\u0107, \u017ce detektory b\u0119d\u0105 dzia\u0142a\u0107 prawid\u0142owo i spe\u0142nia\u0107 odpowiednie wymagania.<\/p>\n<h3 data-start=\"690\" data-end=\"737\">Wydajna i bezpieczna praca z poziomu pod\u0142ogi<\/h3>\n<p data-start=\"738\" data-end=\"960\">Zestaw jest przystosowany do testowania czujek na wysoko\u015bci do oko\u0142o 6 metr\u00f3w, co umo\u017cliwia testowanie czujek bez konieczno\u015bci stosowania drabin lub podno\u015bnik\u00f3w.<\/p>\n<p data-start=\"738\" data-end=\"960\">Przyczynia si\u0119 to do stworzenia bezpieczniejszego \u015brodowiska pracy i pozwala zaoszcz\u0119dzi\u0107 czas zar\u00f3wno podczas instalacji, jak i konserwacji.<\/p>\n<h3 data-start=\"962\" data-end=\"1013\">Kompletny zestaw testowy do u\u017cytku profesjonalnego<\/h3>\n<p data-start=\"1014\" data-end=\"1227\">Zestaw testowy zawiera Testifire 2001 do badania dymu, ciep\u0142a i CO oraz Solo 100 do zastosowa\u0144 praktycznych.<\/p>\n<p data-start=\"1014\" data-end=\"1227\">Po\u0142\u0105czenie tych rozwi\u0105za\u0144 zapewnia elastyczne i niezawodne rozwi\u0105zania w zakresie serwisu, konserwacji i uruchamiania system\u00f3w sygnalizacji po\u017carowej.<\/p>\n<p data-start=\"1229\" data-end=\"1244\"><strong data-start=\"1229\" data-end=\"1242\">Zalety:<\/strong><\/p>\n<ul data-start=\"1245\" data-end=\"1471\">\n<li data-start=\"1245\" data-end=\"1302\">\n<p data-start=\"1247\" data-end=\"1302\">Testuje czujniki dymu, ciep\u0142a i tlenku w\u0119gla za pomoc\u0105 tego samego urz\u0105dzenia<\/p>\n<\/li>\n<li data-start=\"1303\" data-end=\"1358\">\n<p data-start=\"1305\" data-end=\"1358\">Realistyczne testy weryfikuj\u0105ce rzeczywist\u0105 funkcj\u0119<\/p>\n<\/li>\n<li data-start=\"1359\" data-end=\"1408\">\n<p data-start=\"1361\" data-end=\"1408\">Nie ma potrzeby u\u017cywania otwartego ognia ani niebezpiecznych gaz\u00f3w<\/p>\n<\/li>\n<li data-start=\"1409\" data-end=\"1471\">\n<p data-start=\"1411\" data-end=\"1471\">Nadaje si\u0119 do nieruchomo\u015bci, przemys\u0142u i obiekt\u00f3w u\u017cyteczno\u015bci publicznej<\/p>\n<\/li>\n<\/ul>\n<p data-start=\"1473\" data-end=\"1498\"><strong data-start=\"1473\" data-end=\"1496\">Obszary zastosowania:<\/strong><\/p>\n<ul data-start=\"1499\" data-end=\"1641\">\n<li data-start=\"1499\" data-end=\"1537\">\n<p data-start=\"1501\" data-end=\"1537\">Regularna konserwacja alarm\u00f3w przeciwpo\u017carowych<\/p>\n<\/li>\n<li data-start=\"1538\" data-end=\"1578\">\n<p data-start=\"1540\" data-end=\"1578\">Kontrola funkcji podczas nowej instalacji<\/p>\n<\/li>\n<li data-start=\"1579\" data-end=\"1641\">\n<p data-start=\"1581\" data-end=\"1641\">Prace serwisowe w obiektach komercyjnych i publicznych<\/p>\n<\/li>\n<li data-start=\"1579\" data-end=\"1641\">\n<p data-start=\"1643\" data-end=\"1674\"><strong data-start=\"1643\" data-end=\"1672\">DANE TECHNICZNE:<\/strong><\/p>\n<ul data-start=\"1675\" data-end=\"1871\">\n<li data-start=\"1675\" data-end=\"1718\">\n<p data-start=\"1677\" data-end=\"1718\">Typ produktu: Zestaw testowy detektora<\/p>\n<\/li>\n<li data-start=\"1719\" data-end=\"1752\">\n<p data-start=\"1721\" data-end=\"1752\">Typy czujnik\u00f3w: Dymu, ciep\u0142a, CO<\/p>\n<\/li>\n<li data-start=\"1753\" data-end=\"1785\">\n<p data-start=\"1755\" data-end=\"1785\">Wysoko\u015b\u0107 testowania: oko\u0142o 6 metr\u00f3w<\/p>\n<\/li>\n<li data-start=\"1786\" data-end=\"1824\">\n<p data-start=\"1788\" data-end=\"1824\">Zawarto\u015b\u0107: Testifire 2001, Solo 100<\/p>\n<\/li>\n<li data-start=\"1825\" data-end=\"1871\">\n<p data-start=\"1827\" data-end=\"1871\">Zastosowanie: Testowanie r\u0119czne z poziomu pod\u0142ogi<\/p>\n<\/li>\n<\/ul>\n<\/li>\n<\/ul>","protected":false},"excerpt":{"rendered":"<p>Zestaw testowy Testifire 2001 to kompletny zestaw testowy do bezpiecznego i skutecznego testowania czujnik\u00f3w dymu, ciep\u0142a i CO.<\/p>\n<p>Zestaw jest przystosowany do test\u00f3w na wysoko\u015bci do oko\u0142o 6 metr\u00f3w i jest odpowiedni zar\u00f3wno dla w\u0142a\u015bcicieli nieruchomo\u015bci, jak i profesjonalnych instalator\u00f3w.<\/p>\n<p>Praktyczne rozwi\u0105zanie do regularnych kontroli czujnik\u00f3w ognia i gazu.<\/p>","protected":false},"featured_media":162170,"template":"","meta":{"_acf_changed":false},"product_brand":[],"product_cat":[3848,2946],"product_tag":[],"class_list":{"0":"post-162171","1":"product","2":"type-product","3":"status-publish","4":"has-post-thumbnail","6":"product_cat-testifire-kit","7":"product_cat-testifire","8":"tm-no-options","10":"first","11":"onbackorder","12":"taxable","13":"shipping-taxable","14":"purchasable","15":"product-type-simple"},"acf":[],"_links":{"self":[{"href":"https:\/\/secureus.se\/pl\/wp-json\/wp\/v2\/product\/162171","targetHints":{"allow":["GET"]}}],"collection":[{"href":"https:\/\/secureus.se\/pl\/wp-json\/wp\/v2\/product"}],"about":[{"href":"https:\/\/secureus.se\/pl\/wp-json\/wp\/v2\/types\/product"}],"wp:featuredmedia":[{"embeddable":true,"href":"https:\/\/secureus.se\/pl\/wp-json\/wp\/v2\/media\/162170"}],"wp:attachment":[{"href":"https:\/\/secureus.se\/pl\/wp-json\/wp\/v2\/media?parent=162171"}],"wp:term":[{"taxonomy":"product_brand","embeddable":true,"href":"https:\/\/secureus.se\/pl\/wp-json\/wp\/v2\/product_brand?post=162171"},{"taxonomy":"product_cat","embeddable":true,"href":"https:\/\/secureus.se\/pl\/wp-json\/wp\/v2\/product_cat?post=162171"},{"taxonomy":"product_tag","embeddable":true,"href":"https:\/\/secureus.se\/pl\/wp-json\/wp\/v2\/product_tag?post=162171"}],"curies":[{"name":"wp","href":"https:\/\/api.w.org\/{rel}","templated":true}]}}