{"id":162173,"date":"2025-11-21T14:39:41","date_gmt":"2025-11-21T13:39:41","guid":{"rendered":"https:\/\/secureus.se\/provkit-testifire-xtr2-provningshojd-6-m-varme-rok\/"},"modified":"2026-03-26T12:22:17","modified_gmt":"2026-03-26T11:22:17","slug":"provkit-testifire-xtr2-provningshojd-6-m-varme-rok","status":"publish","type":"product","link":"https:\/\/secureus.se\/pl\/provkit-testifire-xtr2-provningshojd-6-m-varme-rok\/","title":{"rendered":"Zestaw testowy Testifire XTR2 wysoko\u015b\u0107 testowa 6 m (ciep\u0142o + dym)"},"content":{"rendered":"<h1>Zestaw testowy Testifire XTR2 wysoko\u015b\u0107 testowa 6 m (ciep\u0142o + dym)<\/h1>\n<h3 data-start=\"331\" data-end=\"384\">Bezpieczne testy funkcjonalne czujnik\u00f3w dymu i ciep\u0142a<\/h3>\n<p data-start=\"385\" data-end=\"623\">Zestaw testowy Testifire XTR2 zosta\u0142 zaprojektowany w celu weryfikacji prawid\u0142owego dzia\u0142ania czujek dymu i ciep\u0142a w warunkach rzeczywistych. Kontrolowane testy gwarantuj\u0105 prawid\u0142ow\u0105 reakcj\u0119 czujek w przypadku po\u017caru.<\/p>\n<h3 data-start=\"625\" data-end=\"658\">Pracuj bezpiecznie z poziomu pod\u0142ogi<\/h3>\n<p data-start=\"659\" data-end=\"865\">Zestaw jest przystosowany do testowania na wysoko\u015bci do oko\u0142o 6 metr\u00f3w, co oznacza, \u017ce testy mo\u017cna przeprowadza\u0107 bez u\u017cycia drabiny lub podno\u015bnika. Poprawia to warunki pracy i skraca czas potrzebny na instalacj\u0119 i serwis.<\/p>\n<h3 data-start=\"867\" data-end=\"923\">Kompletny zestaw testowy do u\u017cytku profesjonalnego<\/h3>\n<p data-start=\"924\" data-end=\"1146\">Zestaw testowy zawiera urz\u0105dzenie Testifire 1001 do test\u00f3w dymu i ciep\u0142a oraz urz\u0105dzenie Solo 100 do zastosowa\u0144 praktycznych. To po\u0142\u0105czenie zapewnia niezawodne i elastyczne rozwi\u0105zanie do uruchamiania, serwisowania i okresowej konserwacji system\u00f3w sygnalizacji po\u017carowej.<\/p>\n<p data-start=\"1148\" data-end=\"1163\"><strong data-start=\"1148\" data-end=\"1161\">Zalety:<\/strong><\/p>\n<ul data-start=\"1164\" data-end=\"1353\">\n<li data-start=\"1164\" data-end=\"1204\">\n<p data-start=\"1166\" data-end=\"1204\">Testuje zar\u00f3wno czujniki dymu, jak i ciep\u0142a<\/p>\n<\/li>\n<li data-start=\"1205\" data-end=\"1260\">\n<p data-start=\"1207\" data-end=\"1260\">Realistyczne testy weryfikuj\u0105ce rzeczywist\u0105 funkcj\u0119<\/p>\n<\/li>\n<li data-start=\"1261\" data-end=\"1301\">\n<p data-start=\"1263\" data-end=\"1301\">Brak otwartego ognia i substancji niebezpiecznych<\/p>\n<\/li>\n<li data-start=\"1302\" data-end=\"1353\">\n<p data-start=\"1304\" data-end=\"1353\">Nadaje si\u0119 do zastosowa\u0144 komercyjnych i publicznych<\/p>\n<\/li>\n<\/ul>\n<p data-start=\"1355\" data-end=\"1380\"><strong data-start=\"1355\" data-end=\"1378\">Obszary zastosowania:<\/strong><\/p>\n<ul data-start=\"1381\" data-end=\"1509\">\n<li data-start=\"1381\" data-end=\"1414\">\n<p data-start=\"1383\" data-end=\"1414\">Konserwacja systemu alarm\u00f3w przeciwpo\u017carowych<\/p>\n<\/li>\n<li data-start=\"1415\" data-end=\"1455\">\n<p data-start=\"1417\" data-end=\"1455\">Kontrola funkcji podczas nowej instalacji<\/p>\n<\/li>\n<li data-start=\"1456\" data-end=\"1509\">\n<p data-start=\"1458\" data-end=\"1509\">Us\u0142ugi w obiektach, szko\u0142ach i obiektach przemys\u0142owych<\/p>\n<\/li>\n<\/ul>\n<p data-start=\"1511\" data-end=\"1542\"><strong data-start=\"1511\" data-end=\"1540\">DANE TECHNICZNE:<\/strong><\/p>\n<ul data-start=\"1543\" data-end=\"1735\">\n<li data-start=\"1543\" data-end=\"1586\">\n<p data-start=\"1545\" data-end=\"1586\">Typ produktu: Zestaw testowy detektora<\/p>\n<\/li>\n<li data-start=\"1587\" data-end=\"1616\">\n<p data-start=\"1589\" data-end=\"1616\">Typy czujnik\u00f3w: Dymu, ciep\u0142a<\/p>\n<\/li>\n<li data-start=\"1617\" data-end=\"1649\">\n<p data-start=\"1619\" data-end=\"1649\">Wysoko\u015b\u0107 testowania: oko\u0142o 6 metr\u00f3w<\/p>\n<\/li>\n<li data-start=\"1650\" data-end=\"1688\">\n<p data-start=\"1652\" data-end=\"1688\">Zawarto\u015b\u0107: Testifire 1001, Solo 100<\/p>\n<\/li>\n<li data-start=\"1689\" data-end=\"1735\">\n<p data-start=\"1691\" data-end=\"1735\">Zastosowanie: Testowanie r\u0119czne z poziomu pod\u0142ogi<\/p>\n<\/li>\n<\/ul>","protected":false},"excerpt":{"rendered":"<p>Zestaw testowy Testifire XTR2 to kompletny zestaw testowy do bezpiecznego testowania czujnik\u00f3w dymu i ciep\u0142a.<\/p>\n<p>Zestaw jest przystosowany do testowania wysoko\u015bci do oko\u0142o 6 metr\u00f3w i nadaje si\u0119 zar\u00f3wno dla instalator\u00f3w, jak i zarz\u0105dc\u00f3w nieruchomo\u015bci.<\/p>\n<p>Skuteczne rozwi\u0105zanie umo\u017cliwiaj\u0105ce regularn\u0105 kontrol\u0119 czujek po\u017carowych.<\/p>","protected":false},"featured_media":162172,"template":"","meta":{"_acf_changed":false},"product_brand":[],"product_cat":[2946,3848],"product_tag":[],"class_list":{"0":"post-162173","1":"product","2":"type-product","3":"status-publish","4":"has-post-thumbnail","6":"product_cat-testifire","7":"product_cat-testifire-kit","8":"tm-no-options","10":"first","11":"onbackorder","12":"taxable","13":"shipping-taxable","14":"purchasable","15":"product-type-simple"},"acf":[],"_links":{"self":[{"href":"https:\/\/secureus.se\/pl\/wp-json\/wp\/v2\/product\/162173","targetHints":{"allow":["GET"]}}],"collection":[{"href":"https:\/\/secureus.se\/pl\/wp-json\/wp\/v2\/product"}],"about":[{"href":"https:\/\/secureus.se\/pl\/wp-json\/wp\/v2\/types\/product"}],"wp:featuredmedia":[{"embeddable":true,"href":"https:\/\/secureus.se\/pl\/wp-json\/wp\/v2\/media\/162172"}],"wp:attachment":[{"href":"https:\/\/secureus.se\/pl\/wp-json\/wp\/v2\/media?parent=162173"}],"wp:term":[{"taxonomy":"product_brand","embeddable":true,"href":"https:\/\/secureus.se\/pl\/wp-json\/wp\/v2\/product_brand?post=162173"},{"taxonomy":"product_cat","embeddable":true,"href":"https:\/\/secureus.se\/pl\/wp-json\/wp\/v2\/product_cat?post=162173"},{"taxonomy":"product_tag","embeddable":true,"href":"https:\/\/secureus.se\/pl\/wp-json\/wp\/v2\/product_tag?post=162173"}],"curies":[{"name":"wp","href":"https:\/\/api.w.org\/{rel}","templated":true}]}}