{"id":162175,"date":"2025-11-21T14:39:40","date_gmt":"2025-11-21T13:39:40","guid":{"rendered":"https:\/\/secureus.se\/provkit-testifire-xtr2-provningshojd-4-m-varme-co-rok\/"},"modified":"2026-03-26T12:22:23","modified_gmt":"2026-03-26T11:22:23","slug":"provkit-testifire-2001-provningshojd-4-m-varme-co-rok","status":"publish","type":"product","link":"https:\/\/secureus.se\/pl\/provkit-testifire-2001-provningshojd-4-m-varme-co-rok\/","title":{"rendered":"Zestaw testowy Testifire 2001 wysoko\u015b\u0107 testowa 4 m (ciep\u0142o + CO + dym)"},"content":{"rendered":"<h1>Zestaw testowy Testifire 2001 wysoko\u015b\u0107 testowa 4 m (ciep\u0142o + CO + dym)<\/h1>\n<h3 data-start=\"347\" data-end=\"409\">Niezawodne testowanie czujnik\u00f3w dymu, ciep\u0142a i tlenku w\u0119gla<\/h3>\n<p data-start=\"410\" data-end=\"671\">Zestaw testowy Testifire 2001 s\u0142u\u017cy do sprawdzania dzia\u0142ania czujnik\u00f3w dymu, ciep\u0142a i tlenku w\u0119gla poprzez realistyczn\u0105 symulacj\u0119 warunk\u00f3w alarmowych.<\/p>\n<p data-start=\"410\" data-end=\"671\">Dzi\u0119ki temu mamy pewno\u015b\u0107, \u017ce detektory reaguj\u0105 prawid\u0142owo i spe\u0142niaj\u0105 stosowne wymogi bezpiecze\u0144stwa.<\/p>\n<h3 data-start=\"673\" data-end=\"716\">Bezpieczne testy do wysoko\u015bci 4 metr\u00f3w<\/h3>\n<p data-start=\"717\" data-end=\"943\">Zestaw jest przystosowany do testowania czujek na wysoko\u015bci do oko\u0142o 4 metr\u00f3w i umo\u017cliwia testowanie czujek bezpo\u015brednio z poziomu pod\u0142ogi.<\/p>\n<p data-start=\"717\" data-end=\"943\">Dzi\u0119ki temu zmniejsza si\u0119 konieczno\u015b\u0107 stosowania drabin, a \u015brodowisko pracy ulega poprawie zar\u00f3wno podczas monta\u017cu, jak i bie\u017c\u0105cej konserwacji.<\/p>\n<h3 data-start=\"945\" data-end=\"992\">Kompletny zestaw do profesjonalnej konserwacji<\/h3>\n<p data-start=\"993\" data-end=\"1225\">Zestaw testowy zawiera Testifire 2001 do badania dymu, ciep\u0142a i CO oraz Solo 108 do zastosowa\u0144 praktycznych.<\/p>\n<p data-start=\"993\" data-end=\"1225\">Po\u0142\u0105czenie tych rozwi\u0105za\u0144 zapewnia wydajne i elastyczne rozwi\u0105zania w zakresie uruchamiania, serwisowania i okresowych przegl\u0105d\u00f3w system\u00f3w przeciwpo\u017carowych i gazowych.<\/p>\n<p data-start=\"1227\" data-end=\"1242\"><strong data-start=\"1227\" data-end=\"1240\">Zalety:<\/strong><\/p>\n<ul data-start=\"1243\" data-end=\"1441\">\n<li data-start=\"1243\" data-end=\"1284\">\n<p data-start=\"1245\" data-end=\"1284\">Testuje czujniki dymu, ciep\u0142a i tlenku w\u0119gla<\/p>\n<\/li>\n<li data-start=\"1285\" data-end=\"1317\">\n<p data-start=\"1287\" data-end=\"1317\">Realistyczne testy funkcjonalne<\/p>\n<\/li>\n<li data-start=\"1318\" data-end=\"1354\">\n<p data-start=\"1320\" data-end=\"1354\">Bezpieczne stosowanie bez otwartego ognia<\/p>\n<\/li>\n<li data-start=\"1355\" data-end=\"1389\">\n<p data-start=\"1357\" data-end=\"1389\">Sprawna obs\u0142uga z poziomu pi\u0119tra<\/p>\n<\/li>\n<li data-start=\"1390\" data-end=\"1441\">\n<p data-start=\"1392\" data-end=\"1441\">Nadaje si\u0119 do zastosowa\u0144 komercyjnych i publicznych<\/p>\n<\/li>\n<\/ul>\n<p data-start=\"1443\" data-end=\"1468\"><strong data-start=\"1443\" data-end=\"1466\">Obszary zastosowania:<\/strong><\/p>\n<ul data-start=\"1469\" data-end=\"1592\">\n<li data-start=\"1469\" data-end=\"1507\">\n<p data-start=\"1471\" data-end=\"1507\">Serwis i konserwacja alarm\u00f3w przeciwpo\u017carowych<\/p>\n<\/li>\n<li data-start=\"1508\" data-end=\"1548\">\n<p data-start=\"1510\" data-end=\"1548\">Kontrola funkcji podczas nowej instalacji<\/p>\n<\/li>\n<li data-start=\"1549\" data-end=\"1592\">\n<p data-start=\"1551\" data-end=\"1592\">Sprawdzanie czujnik\u00f3w CO w nieruchomo\u015bciach<\/p>\n<\/li>\n<\/ul>\n<p data-start=\"1594\" data-end=\"1625\"><strong data-start=\"1594\" data-end=\"1623\">DANE TECHNICZNE:<\/strong><\/p>\n<ul data-start=\"1626\" data-end=\"1822\">\n<li data-start=\"1626\" data-end=\"1669\">\n<p data-start=\"1628\" data-end=\"1669\">Typ produktu: Zestaw testowy detektora<\/p>\n<\/li>\n<li data-start=\"1670\" data-end=\"1703\">\n<p data-start=\"1672\" data-end=\"1703\">Typy czujnik\u00f3w: Dymu, ciep\u0142a, CO<\/p>\n<\/li>\n<li data-start=\"1704\" data-end=\"1736\">\n<p data-start=\"1706\" data-end=\"1736\">Wysoko\u015b\u0107 testowania: oko\u0142o 4 metr\u00f3w<\/p>\n<\/li>\n<li data-start=\"1737\" data-end=\"1775\">\n<p data-start=\"1739\" data-end=\"1775\">Zawarto\u015b\u0107: Testifire 2001, Solo 108<\/p>\n<\/li>\n<li data-start=\"1776\" data-end=\"1822\">\n<p data-start=\"1778\" data-end=\"1822\">Zastosowanie: Testowanie r\u0119czne z poziomu pod\u0142ogi<\/p>\n<\/li>\n<\/ul>","protected":false},"excerpt":{"rendered":"<p>Zestaw testowy Testifire 2001 to kompletny zestaw testowy do bezpiecznego testowania czujnik\u00f3w dymu, ciep\u0142a i tlenku w\u0119gla.<\/p>\n<p>Zestaw jest przystosowany do testowania wysoko\u015bci do oko\u0142o 4 metr\u00f3w i jest polecany instalatorom, w\u0142a\u015bcicielom nieruchomo\u015bci i personelowi serwisowemu.<\/p>\n<p>Wygodne rozwi\u0105zanie umo\u017cliwiaj\u0105ce regularn\u0105 kontrol\u0119 dzia\u0142ania czujek.<\/p>","protected":false},"featured_media":162174,"template":"","meta":{"_acf_changed":false},"product_brand":[],"product_cat":[3848,2946],"product_tag":[],"class_list":{"0":"post-162175","1":"product","2":"type-product","3":"status-publish","4":"has-post-thumbnail","6":"product_cat-testifire-kit","7":"product_cat-testifire","8":"tm-no-options","10":"first","11":"onbackorder","12":"taxable","13":"shipping-taxable","14":"purchasable","15":"product-type-simple"},"acf":[],"_links":{"self":[{"href":"https:\/\/secureus.se\/pl\/wp-json\/wp\/v2\/product\/162175","targetHints":{"allow":["GET"]}}],"collection":[{"href":"https:\/\/secureus.se\/pl\/wp-json\/wp\/v2\/product"}],"about":[{"href":"https:\/\/secureus.se\/pl\/wp-json\/wp\/v2\/types\/product"}],"wp:featuredmedia":[{"embeddable":true,"href":"https:\/\/secureus.se\/pl\/wp-json\/wp\/v2\/media\/162174"}],"wp:attachment":[{"href":"https:\/\/secureus.se\/pl\/wp-json\/wp\/v2\/media?parent=162175"}],"wp:term":[{"taxonomy":"product_brand","embeddable":true,"href":"https:\/\/secureus.se\/pl\/wp-json\/wp\/v2\/product_brand?post=162175"},{"taxonomy":"product_cat","embeddable":true,"href":"https:\/\/secureus.se\/pl\/wp-json\/wp\/v2\/product_cat?post=162175"},{"taxonomy":"product_tag","embeddable":true,"href":"https:\/\/secureus.se\/pl\/wp-json\/wp\/v2\/product_tag?post=162175"}],"curies":[{"name":"wp","href":"https:\/\/api.w.org\/{rel}","templated":true}]}}