{"id":162177,"date":"2025-11-21T14:39:40","date_gmt":"2025-11-21T13:39:40","guid":{"rendered":"https:\/\/secureus.se\/provkit-testifire-xtr2-provningshojd-93-m-varme-co-rok-vaskor-nedtagare\/"},"modified":"2026-04-23T12:43:50","modified_gmt":"2026-04-23T10:43:50","slug":"provkit-testifire-2001-provningshojd-93-m-varme-co-rok-vaskor-nedtagare","status":"publish","type":"product","link":"https:\/\/secureus.se\/pl\/provkit-testifire-2001-provningshojd-93-m-varme-co-rok-vaskor-nedtagare\/","title":{"rendered":"Zestaw testowy Testifire 2001 wysoko\u015b\u0107 testu 9,3 m (Ciep\u0142o + CO + Dym) - Torby i uchwyty"},"content":{"rendered":"<h1>Zestaw testowy Testifire 2001, wysoko\u015b\u0107 testowa 9,3 m (ciep\u0142o + CO + dym) \u2013 torby i demonta\u017c<\/h1>\n<h3 data-start=\"338\" data-end=\"404\">Bezpieczne testowanie czujnik\u00f3w dymu, ciep\u0142a i tlenku w\u0119gla na du\u017cych wysoko\u015bciach<\/h3>\n<p data-start=\"405\" data-end=\"627\">Zestaw testowy Testifire 2001 jest przeznaczony do testowania czujnik\u00f3w dymu, czujnik\u00f3w ciep\u0142a i czujnik\u00f3w tlenku w\u0119gla przy u\u017cyciu realistycznych metod testowych.<\/p>\n<p data-start=\"405\" data-end=\"627\">Dzi\u0119ki temu mamy pewno\u015b\u0107, \u017ce detektory dzia\u0142aj\u0105 prawid\u0142owo i spe\u0142niaj\u0105 wymogi bezpiecze\u0144stwa.<\/p>\n<h3 data-start=\"629\" data-end=\"671\">Skuteczne testowanie do 9,3 metr\u00f3w<\/h3>\n<p data-start=\"672\" data-end=\"895\">Zestaw jest przystosowany do testowania wysoko\u015bci do oko\u0142o 9,3 metra.<\/p>\n<p data-start=\"672\" data-end=\"895\">Dzi\u0119ki do\u0142\u0105czonym torbom i przyrz\u0105dom zjazdowym testy mo\u017cna przeprowadza\u0107 bezpiecznie na du\u017cych wysoko\u015bciach, bez konieczno\u015bci korzystania z drabin lub podno\u015bnik\u00f3w, co zmniejsza ryzyko i oszcz\u0119dza czas.<\/p>\n<h3 data-start=\"897\" data-end=\"953\">Kompletny zestaw testowy do u\u017cytku profesjonalnego<\/h3>\n<p data-start=\"954\" data-end=\"1197\">Zestaw zawiera Testifire 2001, Solo 100, trzy Solo 101, TS3 i Solo 610, zapewniaj\u0105c kompletne rozwi\u0105zanie do serwisowania, konserwacji i uruchamiania czujek po\u017caru i tlenku w\u0119gla.<\/p>\n<p data-start=\"954\" data-end=\"1197\">Wszystko jest zaprojektowane tak, aby zapewni\u0107 elastyczny i niezawodny proces pracy.<\/p>\n<p data-start=\"1199\" data-end=\"1214\"><strong data-start=\"1199\" data-end=\"1212\">Zalety:<\/strong><\/p>\n<ul data-start=\"1215\" data-end=\"1450\">\n<li data-start=\"1215\" data-end=\"1256\">\n<p data-start=\"1217\" data-end=\"1256\">Testuje czujniki dymu, ciep\u0142a i tlenku w\u0119gla<\/p>\n<\/li>\n<li data-start=\"1257\" data-end=\"1297\">\n<p data-start=\"1259\" data-end=\"1297\">Testowanie na wysoko\u015bciach do 9,3 metr\u00f3w<\/p>\n<\/li>\n<li data-start=\"1298\" data-end=\"1343\">\n<p data-start=\"1300\" data-end=\"1343\">Bezpieczne stosowanie z torbami i urz\u0105dzeniami do demonta\u017cu<\/p>\n<\/li>\n<li data-start=\"1344\" data-end=\"1381\">\n<p data-start=\"1346\" data-end=\"1381\">Realistyczne warunki testowania<\/p>\n<\/li>\n<li data-start=\"1382\" data-end=\"1450\">\n<p data-start=\"1384\" data-end=\"1450\">Nadaje si\u0119 do monta\u017cu, serwisu i konserwacji w budynkach wysokich<\/p>\n<\/li>\n<\/ul>\n<p data-start=\"1452\" data-end=\"1477\"><strong data-start=\"1452\" data-end=\"1475\">Obszary zastosowania:<\/strong><\/p>\n<ul data-start=\"1478\" data-end=\"1617\">\n<li data-start=\"1478\" data-end=\"1525\">\n<p data-start=\"1480\" data-end=\"1525\">Serwis i konserwacja alarm\u00f3w przeciwpo\u017carowych i tlenku w\u0119gla<\/p>\n<\/li>\n<li data-start=\"1526\" data-end=\"1566\">\n<p data-start=\"1528\" data-end=\"1566\">Kontrola funkcji podczas nowej instalacji<\/p>\n<\/li>\n<li data-start=\"1567\" data-end=\"1617\">\n<p data-start=\"1569\" data-end=\"1617\">Testowanie w \u015brodowiskach komercyjnych i publicznych<\/p>\n<\/li>\n<\/ul>\n<p data-start=\"1619\" data-end=\"1650\"><strong data-start=\"1619\" data-end=\"1648\">DANE TECHNICZNE:<\/strong><\/p>\n<ul data-start=\"1651\" data-end=\"2037\">\n<li data-start=\"1651\" data-end=\"1694\">\n<p data-start=\"1653\" data-end=\"1694\">Typ produktu: Zestaw testowy detektora<\/p>\n<\/li>\n<li data-start=\"1695\" data-end=\"1759\">\n<p data-start=\"1697\" data-end=\"1759\">Typy czujnik\u00f3w: Czujniki dymu, czujniki ciep\u0142a, czujniki CO<\/p>\n<\/li>\n<li data-start=\"1760\" data-end=\"1794\">\n<p data-start=\"1762\" data-end=\"1794\">Wysoko\u015b\u0107 testowania: oko\u0142o 9,3 metra<\/p>\n<\/li>\n<li data-start=\"1795\" data-end=\"1840\">\n<p data-start=\"1797\" data-end=\"1840\">Metody bada\u0144: Badanie dymu, ciep\u0142a i CO<\/p>\n<\/li>\n<li data-start=\"1841\" data-end=\"1908\">\n<p data-start=\"1843\" data-end=\"1908\">Zawarto\u015b\u0107: Testifire 2001, Solo 100, 3 \u00d7 Solo 101, TS3, Solo 610<\/p>\n<\/li>\n<li data-start=\"1909\" data-end=\"1944\">\n<p data-start=\"1911\" data-end=\"1944\">Akcesoria: Torby i urz\u0105dzenia do demonta\u017cu<\/p>\n<\/li>\n<li data-start=\"1945\" data-end=\"1989\">\n<p data-start=\"1947\" data-end=\"1989\">Zastosowanie: Testowanie r\u0119czne na du\u017cych wysoko\u015bciach<\/p>\n<\/li>\n<li data-start=\"1990\" data-end=\"2037\">\n<p data-start=\"1992\" data-end=\"2037\">Grupa docelowa: Instalatorzy i personel serwisowy<\/p>\n<\/li>\n<\/ul>","protected":false},"excerpt":{"rendered":"<p>Zestaw testowy Testifire 2001 to kompletny zestaw testowy do czujnik\u00f3w dymu, ciep\u0142a i CO, odpowiedni do testowania na wysoko\u015bci do oko\u0142o 9,3 metra.<\/p>\n<p>Zestaw zawiera torby i zej\u015bci\u00f3wki i jest odpowiedni dla instalator\u00f3w i personelu serwisowego, kt\u00f3rzy potrzebuj\u0105 bezpiecznych i wydajnych test\u00f3w funkcjonalnych na wysoko\u015bci.<\/p>","protected":false},"featured_media":162176,"template":"","meta":{"_acf_changed":false},"product_brand":[],"product_cat":[3848,2946],"product_tag":[],"class_list":{"0":"post-162177","1":"product","2":"type-product","3":"status-publish","4":"has-post-thumbnail","6":"product_cat-testifire-kit","7":"product_cat-testifire","8":"tm-no-options","10":"first","11":"instock","12":"taxable","13":"shipping-taxable","14":"purchasable","15":"product-type-simple"},"acf":[],"_links":{"self":[{"href":"https:\/\/secureus.se\/pl\/wp-json\/wp\/v2\/product\/162177","targetHints":{"allow":["GET"]}}],"collection":[{"href":"https:\/\/secureus.se\/pl\/wp-json\/wp\/v2\/product"}],"about":[{"href":"https:\/\/secureus.se\/pl\/wp-json\/wp\/v2\/types\/product"}],"wp:featuredmedia":[{"embeddable":true,"href":"https:\/\/secureus.se\/pl\/wp-json\/wp\/v2\/media\/162176"}],"wp:attachment":[{"href":"https:\/\/secureus.se\/pl\/wp-json\/wp\/v2\/media?parent=162177"}],"wp:term":[{"taxonomy":"product_brand","embeddable":true,"href":"https:\/\/secureus.se\/pl\/wp-json\/wp\/v2\/product_brand?post=162177"},{"taxonomy":"product_cat","embeddable":true,"href":"https:\/\/secureus.se\/pl\/wp-json\/wp\/v2\/product_cat?post=162177"},{"taxonomy":"product_tag","embeddable":true,"href":"https:\/\/secureus.se\/pl\/wp-json\/wp\/v2\/product_tag?post=162177"}],"curies":[{"name":"wp","href":"https:\/\/api.w.org\/{rel}","templated":true}]}}