{"id":162183,"date":"2025-11-21T14:39:36","date_gmt":"2025-11-21T13:39:36","guid":{"rendered":"https:\/\/secureus.se\/provkit-testifire-xtr2-provningshojd-93-m-varme-co-rok-vaskor\/"},"modified":"2026-04-08T16:04:36","modified_gmt":"2026-04-08T14:04:36","slug":"provkit-testifire-2001-provningshojd-93-m-varme-co-rok-vaskor","status":"publish","type":"product","link":"https:\/\/secureus.se\/pl\/provkit-testifire-2001-provningshojd-93-m-varme-co-rok-vaskor\/","title":{"rendered":"Zestaw testowy Testifire 2001 wysoko\u015b\u0107 testu 9,3 m (ciep\u0142o + CO + dym) - torby"},"content":{"rendered":"<h1>Zestaw testowy Testifire 2001 wysoko\u015b\u0107 testu 9,3 m (ciep\u0142o + CO + dym) - torby<\/h1>\n<h3 data-start=\"308\" data-end=\"362\">Bezpieczne testowanie czujnik\u00f3w dymu, ciep\u0142a i tlenku w\u0119gla<\/h3>\n<p data-start=\"363\" data-end=\"613\">Provkit Testifire 2001 m\u00f6jligg\u00f6r noggrann och realistisk provning av r\u00f6kdetektorer, v\u00e4rmedetektorer och kolmonoxiddetektorer.<\/p>\n<p data-start=\"363\" data-end=\"613\">Genom simulering av verkliga larmf\u00f6rh\u00e5llanden s\u00e4kerst\u00e4lls att detektorerna fungerar korrekt och uppfyller s\u00e4kerhetskraven.<\/p>\n<h3 data-start=\"615\" data-end=\"641\">Provning p\u00e5 h\u00f6g h\u00f6jd<\/h3>\n<p data-start=\"642\" data-end=\"855\">Zestaw jest przystosowany do testowania wysoko\u015bci do oko\u0142o 9,3 metra.<\/p>\n<p data-start=\"642\" data-end=\"855\">Med medf\u00f6ljande v\u00e4skor kan utrustningen transporteras och anv\u00e4ndas p\u00e5 h\u00f6g h\u00f6jd p\u00e5 ett s\u00e4kert och praktiskt s\u00e4tt, utan behov av stegar eller liftar.<\/p>\n<h3 data-start=\"857\" data-end=\"904\">Komplett kit f\u00f6r professionell anv\u00e4ndning<\/h3>\n<p data-start=\"905\" data-end=\"1123\">Provningskitet inneh\u00e5ller Testifire 2001, Solo 100, tre Solo 101, TS3 och Solo 610.<\/p>\n<p data-start=\"905\" data-end=\"1123\">Kombinationen ger en flexibel och p\u00e5litlig l\u00f6sning f\u00f6r installation, service och \u00e5terkommande underh\u00e5ll av brand- och CO-detektorer.<\/p>\n<p data-start=\"1125\" data-end=\"1140\"><strong data-start=\"1125\" data-end=\"1138\">Zalety:<\/strong><\/p>\n<ul data-start=\"1141\" data-end=\"1356\">\n<li data-start=\"1141\" data-end=\"1182\">\n<p data-start=\"1143\" data-end=\"1182\">Testuje czujniki dymu, ciep\u0142a i tlenku w\u0119gla<\/p>\n<\/li>\n<li data-start=\"1183\" data-end=\"1220\">\n<p data-start=\"1185\" data-end=\"1220\">Testowanie do wysoko\u015bci 9,3 metra<\/p>\n<\/li>\n<li data-start=\"1221\" data-end=\"1265\">\n<p data-start=\"1223\" data-end=\"1265\">Bezpieczny transport i przechowywanie dzi\u0119ki torbom<\/p>\n<\/li>\n<li data-start=\"1266\" data-end=\"1302\">\n<p data-start=\"1268\" data-end=\"1302\">Realistisk och p\u00e5litlig provning<\/p>\n<\/li>\n<li data-start=\"1303\" data-end=\"1356\">\n<p data-start=\"1305\" data-end=\"1356\">Nadaje si\u0119 do budynk\u00f3w komercyjnych i publicznych<\/p>\n<\/li>\n<\/ul>\n<p data-start=\"1358\" data-end=\"1383\"><strong data-start=\"1358\" data-end=\"1381\">Obszary zastosowania:<\/strong><\/p>\n<ul data-start=\"1384\" data-end=\"1528\">\n<li data-start=\"1384\" data-end=\"1431\">\n<p data-start=\"1386\" data-end=\"1431\">Serwis i konserwacja alarm\u00f3w przeciwpo\u017carowych i tlenku w\u0119gla<\/p>\n<\/li>\n<li data-start=\"1432\" data-end=\"1472\">\n<p data-start=\"1434\" data-end=\"1472\">Kontrola funkcji podczas nowej instalacji<\/p>\n<\/li>\n<li data-start=\"1473\" data-end=\"1528\">\n<p data-start=\"1475\" data-end=\"1528\">Testowanie w wysokich budynkach i \u015brodowiskach przemys\u0142owych<\/p>\n<\/li>\n<\/ul>\n<p data-start=\"1530\" data-end=\"1561\"><strong data-start=\"1530\" data-end=\"1559\">DANE TECHNICZNE:<\/strong><\/p>\n<ul data-start=\"1562\" data-end=\"1934\">\n<li data-start=\"1562\" data-end=\"1605\">\n<p data-start=\"1564\" data-end=\"1605\">Typ produktu: Zestaw testowy detektora<\/p>\n<\/li>\n<li data-start=\"1606\" data-end=\"1670\">\n<p data-start=\"1608\" data-end=\"1670\">Typy czujnik\u00f3w: Czujniki dymu, czujniki ciep\u0142a, czujniki CO<\/p>\n<\/li>\n<li data-start=\"1671\" data-end=\"1705\">\n<p data-start=\"1673\" data-end=\"1705\">Wysoko\u015b\u0107 testowania: oko\u0142o 9,3 metra<\/p>\n<\/li>\n<li data-start=\"1706\" data-end=\"1751\">\n<p data-start=\"1708\" data-end=\"1751\">Metody bada\u0144: Badanie dymu, ciep\u0142a i CO<\/p>\n<\/li>\n<li data-start=\"1752\" data-end=\"1819\">\n<p data-start=\"1754\" data-end=\"1819\">Zawarto\u015b\u0107: Testifire 2001, Solo 100, 3 \u00d7 Solo 101, TS3, Solo 610<\/p>\n<\/li>\n<li data-start=\"1820\" data-end=\"1841\">\n<p data-start=\"1822\" data-end=\"1841\">Akcesoria: Torby<\/p>\n<\/li>\n<li data-start=\"1842\" data-end=\"1886\">\n<p data-start=\"1844\" data-end=\"1886\">Zastosowanie: Testowanie r\u0119czne na du\u017cych wysoko\u015bciach<\/p>\n<\/li>\n<li data-start=\"1887\" data-end=\"1934\">\n<p data-start=\"1889\" data-end=\"1934\">Grupa docelowa: Instalatorzy i personel serwisowy<\/p>\n<\/li>\n<\/ul>","protected":false},"excerpt":{"rendered":"<p>Zestaw testowy Testifire 2001 to kompletny zestaw testowy do czujnik\u00f3w dymu, ciep\u0142a i CO o zasi\u0119gu do oko\u0142o 9,3 metra.<\/p>\n<p>Zestaw jest dostarczany z torbami i jest przeznaczony dla instalator\u00f3w i personelu serwisowego, kt\u00f3rzy potrzebuj\u0105 bezpiecznych i wydajnych test\u00f3w funkcjonalnych na wysoko\u015bci.<\/p>","protected":false},"featured_media":162182,"template":"","meta":{"_acf_changed":false},"product_brand":[],"product_cat":[3848,2946],"product_tag":[],"class_list":{"0":"post-162183","1":"product","2":"type-product","3":"status-publish","4":"has-post-thumbnail","6":"product_cat-testifire-kit","7":"product_cat-testifire","8":"tm-no-options","10":"first","11":"instock","12":"taxable","13":"shipping-taxable","14":"purchasable","15":"product-type-simple"},"acf":[],"_links":{"self":[{"href":"https:\/\/secureus.se\/pl\/wp-json\/wp\/v2\/product\/162183","targetHints":{"allow":["GET"]}}],"collection":[{"href":"https:\/\/secureus.se\/pl\/wp-json\/wp\/v2\/product"}],"about":[{"href":"https:\/\/secureus.se\/pl\/wp-json\/wp\/v2\/types\/product"}],"wp:featuredmedia":[{"embeddable":true,"href":"https:\/\/secureus.se\/pl\/wp-json\/wp\/v2\/media\/162182"}],"wp:attachment":[{"href":"https:\/\/secureus.se\/pl\/wp-json\/wp\/v2\/media?parent=162183"}],"wp:term":[{"taxonomy":"product_brand","embeddable":true,"href":"https:\/\/secureus.se\/pl\/wp-json\/wp\/v2\/product_brand?post=162183"},{"taxonomy":"product_cat","embeddable":true,"href":"https:\/\/secureus.se\/pl\/wp-json\/wp\/v2\/product_cat?post=162183"},{"taxonomy":"product_tag","embeddable":true,"href":"https:\/\/secureus.se\/pl\/wp-json\/wp\/v2\/product_tag?post=162183"}],"curies":[{"name":"wp","href":"https:\/\/api.w.org\/{rel}","templated":true}]}}