{"id":162189,"date":"2025-11-21T14:39:32","date_gmt":"2025-11-21T13:39:32","guid":{"rendered":"https:\/\/secureus.se\/provkit-testifire-xtr2-provningshojd-27-m-varme-co-rok\/"},"modified":"2026-04-23T12:44:12","modified_gmt":"2026-04-23T10:44:12","slug":"provkit-testifire-2001-provningshojd-27-m-varme-co-rok","status":"publish","type":"product","link":"https:\/\/secureus.se\/pl\/provkit-testifire-2001-provningshojd-27-m-varme-co-rok\/","title":{"rendered":"Zestaw testowy Testifire 2001 wysoko\u015b\u0107 testowa 2,7 m (ciep\u0142o + CO + dym)"},"content":{"rendered":"<h1>Zestaw testowy Testifire 2001 wysoko\u015b\u0107 testowa 2,7 m (ciep\u0142o + CO + dym)<\/h1>\n<h3 data-start=\"317\" data-end=\"381\">\u0141atwe i bezpieczne testowanie czujnik\u00f3w dymu, ciep\u0142a i tlenku w\u0119gla<\/h3>\n<p data-start=\"382\" data-end=\"644\">Zestaw testowy Testifire 2001 umo\u017cliwia sprawdzenie poprawno\u015bci dzia\u0142ania czujnik\u00f3w dymu, ciep\u0142a i tlenku w\u0119gla.<\/p>\n<p data-start=\"382\" data-end=\"644\">Realistyczne metody testowania gwarantuj\u0105, \u017ce detektory reaguj\u0105 prawid\u0142owo w sytuacjach zwi\u0105zanych z po\u017carem lub gazem.<\/p>\n<h3 data-start=\"646\" data-end=\"672\">Testowanie na ma\u0142ej wysoko\u015bci<\/h3>\n<p data-start=\"673\" data-end=\"889\">Zestaw jest przystosowany do testowania czujnik\u00f3w na wysoko\u015bci do oko\u0142o 2,7 metra, co umo\u017cliwia \u0142atwe testowanie czujnik\u00f3w bezpo\u015brednio z poziomu pod\u0142ogi, bez konieczno\u015bci u\u017cywania drabin.<\/p>\n<p data-start=\"673\" data-end=\"889\">Oszcz\u0119dza to czas i minimalizuje ryzyko podczas serwisowania i konserwacji.<\/p>\n<h3 data-start=\"891\" data-end=\"942\">Kompletny zestaw testowy do u\u017cytku profesjonalnego<\/h3>\n<p data-start=\"943\" data-end=\"1102\">Zestaw zawiera Testifire 2001 i Solo 101, zapewniaj\u0105c niezawodne rozwi\u0105zanie do instalacji, serwisowania i okresowego testowania czujnik\u00f3w po\u017caru i tlenku w\u0119gla.<\/p>\n<p data-start=\"1104\" data-end=\"1119\"><strong data-start=\"1104\" data-end=\"1117\">Zalety:<\/strong><\/p>\n<ul data-start=\"1120\" data-end=\"1339\">\n<li data-start=\"1120\" data-end=\"1161\">\n<p data-start=\"1122\" data-end=\"1161\">Testuje czujniki dymu, ciep\u0142a i tlenku w\u0119gla<\/p>\n<\/li>\n<li data-start=\"1162\" data-end=\"1199\">\n<p data-start=\"1164\" data-end=\"1199\">Testowanie do wysoko\u015bci 2,7 metra<\/p>\n<\/li>\n<li data-start=\"1200\" data-end=\"1244\">\n<p data-start=\"1202\" data-end=\"1244\">\u0141atwe i bezpieczne u\u017cytkowanie z poziomu pod\u0142ogi<\/p>\n<\/li>\n<li data-start=\"1245\" data-end=\"1277\">\n<p data-start=\"1247\" data-end=\"1277\">Realistyczne testy funkcjonalne<\/p>\n<\/li>\n<li data-start=\"1278\" data-end=\"1339\">\n<p data-start=\"1280\" data-end=\"1339\">Nadaje si\u0119 do zastosowa\u0144 w budynkach mieszkalnych i ma\u0142ych obiektach komercyjnych<\/p>\n<\/li>\n<\/ul>\n<p data-start=\"1341\" data-end=\"1366\"><strong data-start=\"1341\" data-end=\"1364\">Obszary zastosowania:<\/strong><\/p>\n<ul data-start=\"1367\" data-end=\"1503\">\n<li data-start=\"1367\" data-end=\"1414\">\n<p data-start=\"1369\" data-end=\"1414\">Konserwacja i serwis alarm\u00f3w przeciwpo\u017carowych i tlenku w\u0119gla<\/p>\n<\/li>\n<li data-start=\"1415\" data-end=\"1455\">\n<p data-start=\"1417\" data-end=\"1455\">Kontrola funkcji podczas nowej instalacji<\/p>\n<\/li>\n<li data-start=\"1456\" data-end=\"1503\">\n<p data-start=\"1458\" data-end=\"1503\">Testowanie w domach, biurach i mniejszych budynkach<\/p>\n<\/li>\n<\/ul>\n<p data-start=\"1505\" data-end=\"1536\"><strong data-start=\"1505\" data-end=\"1534\">DANE TECHNICZNE:<\/strong><\/p>\n<ul data-start=\"1537\" data-end=\"1864\">\n<li data-start=\"1537\" data-end=\"1580\">\n<p data-start=\"1539\" data-end=\"1580\">Typ produktu: Zestaw testowy detektora<\/p>\n<\/li>\n<li data-start=\"1581\" data-end=\"1645\">\n<p data-start=\"1583\" data-end=\"1645\">Typy czujnik\u00f3w: Czujniki dymu, czujniki ciep\u0142a, czujniki CO<\/p>\n<\/li>\n<li data-start=\"1646\" data-end=\"1680\">\n<p data-start=\"1648\" data-end=\"1680\">Wysoko\u015b\u0107 testowania: oko\u0142o 2,7 metra<\/p>\n<\/li>\n<li data-start=\"1681\" data-end=\"1726\">\n<p data-start=\"1683\" data-end=\"1726\">Metody bada\u0144: Badanie dymu, ciep\u0142a i CO<\/p>\n<\/li>\n<li data-start=\"1727\" data-end=\"1765\">\n<p data-start=\"1729\" data-end=\"1765\">Zawarto\u015b\u0107: Testifire 2001, Solo 101<\/p>\n<\/li>\n<li data-start=\"1766\" data-end=\"1812\">\n<p data-start=\"1768\" data-end=\"1812\">Zastosowanie: Testowanie r\u0119czne z poziomu pod\u0142ogi<\/p>\n<\/li>\n<li data-start=\"1813\" data-end=\"1864\">\n<p data-start=\"1815\" data-end=\"1864\">Grupa docelowa: Instalatorzy i zarz\u0105dcy nieruchomo\u015bci<\/p>\n<\/li>\n<\/ul>","protected":false},"excerpt":{"rendered":"<p>Zestaw testowy Testifire 2001 to kompaktowy zestaw testowy do czujnik\u00f3w dymu, ciep\u0142a i tlenku w\u0119gla o zasi\u0119gu do oko\u0142o 2,7 metra.<\/p>\n<p>Zestaw zawiera Testifire 2001 i Solo 101 i jest przeznaczony dla instalator\u00f3w i zarz\u0105dc\u00f3w nieruchomo\u015bci, kt\u00f3rzy potrzebuj\u0105 bezpiecznego i \u0142atwego sterowania funkcjami na ma\u0142ych wysoko\u015bciach.<\/p>","protected":false},"featured_media":162188,"template":"","meta":{"_acf_changed":false},"product_brand":[],"product_cat":[3848,2946],"product_tag":[],"class_list":{"0":"post-162189","1":"product","2":"type-product","3":"status-publish","4":"has-post-thumbnail","6":"product_cat-testifire-kit","7":"product_cat-testifire","8":"tm-no-options","10":"first","11":"instock","12":"taxable","13":"shipping-taxable","14":"purchasable","15":"product-type-simple"},"acf":[],"_links":{"self":[{"href":"https:\/\/secureus.se\/pl\/wp-json\/wp\/v2\/product\/162189","targetHints":{"allow":["GET"]}}],"collection":[{"href":"https:\/\/secureus.se\/pl\/wp-json\/wp\/v2\/product"}],"about":[{"href":"https:\/\/secureus.se\/pl\/wp-json\/wp\/v2\/types\/product"}],"wp:featuredmedia":[{"embeddable":true,"href":"https:\/\/secureus.se\/pl\/wp-json\/wp\/v2\/media\/162188"}],"wp:attachment":[{"href":"https:\/\/secureus.se\/pl\/wp-json\/wp\/v2\/media?parent=162189"}],"wp:term":[{"taxonomy":"product_brand","embeddable":true,"href":"https:\/\/secureus.se\/pl\/wp-json\/wp\/v2\/product_brand?post=162189"},{"taxonomy":"product_cat","embeddable":true,"href":"https:\/\/secureus.se\/pl\/wp-json\/wp\/v2\/product_cat?post=162189"},{"taxonomy":"product_tag","embeddable":true,"href":"https:\/\/secureus.se\/pl\/wp-json\/wp\/v2\/product_tag?post=162189"}],"curies":[{"name":"wp","href":"https:\/\/api.w.org\/{rel}","templated":true}]}}