{"id":162193,"date":"2025-11-21T14:39:28","date_gmt":"2025-11-21T13:39:28","guid":{"rendered":"https:\/\/secureus.se\/provkit-testifire-xtr2-provningshojd-73-m-varme-rok-vaskor\/"},"modified":"2026-04-23T12:44:37","modified_gmt":"2026-04-23T10:44:37","slug":"provkit-testifire-xtr2-provningshojd-73-m-varme-rok-vaskor","status":"publish","type":"product","link":"https:\/\/secureus.se\/pl\/provkit-testifire-xtr2-provningshojd-73-m-varme-rok-vaskor\/","title":{"rendered":"Zestaw testowy Testifire XTR2 wysoko\u015b\u0107 testowa 7,3 m (ciep\u0142o + dym) \u2013 worki"},"content":{"rendered":"<h1>Zestaw testowy Testifire XTR2 wysoko\u015b\u0107 testowa 7,3 m (ciep\u0142o + dym) \u2013 worki<\/h1>\n<h3 data-start=\"488\" data-end=\"544\">Profesjonalne testowanie czujnik\u00f3w dymu i ciep\u0142a<\/h3>\n<p data-start=\"545\" data-end=\"806\">Zestaw testowy Testifire XTR2 zosta\u0142 opracowany w celu bezpiecznego i efektywnego testowania dzia\u0142ania czujnik\u00f3w dymu i ciep\u0142a w budynkach, w kt\u00f3rych wymagana jest praca na wysoko\u015bci.<\/p>\n<p data-start=\"545\" data-end=\"806\">Przeprowadzanie test\u00f3w z poziomu pod\u0142ogi zmniejsza potrzeb\u0119 stosowania drabin i podno\u015bnik\u00f3w, co poprawia bezpiecze\u0144stwo i przep\u0142yw pracy.<\/p>\n<h3 data-start=\"808\" data-end=\"848\">Realistyczne testowanie czujek po\u017carowych<\/h3>\n<p data-start=\"849\" data-end=\"1094\">Urz\u0105dzenie Testifire 1001 s\u0142u\u017cy do wytwarzania kontrolowanego dymu i ciep\u0142a, kt\u00f3re w realistyczny spos\u00f3b aktywuj\u0105 detektor.<\/p>\n<p data-start=\"849\" data-end=\"1094\">Dzi\u0119ki temu mamy pewno\u015b\u0107, \u017ce detektory reaguj\u0105 prawid\u0142owo i spe\u0142niaj\u0105 wymagania dotycz\u0105ce serwisowania, kontroli i konserwacji system\u00f3w sygnalizacji po\u017carowej.<\/p>\n<h3 data-start=\"1096\" data-end=\"1139\">Elastyczny i \u0142atwy w u\u017cyciu zestaw testowy<\/h3>\n<p data-start=\"1140\" data-end=\"1351\">Za pomoc\u0105 pr\u0119t\u00f3w teleskopowych mo\u017cliwe jest przeprowadzanie bada\u0144 na wysoko\u015bci do oko\u0142o 7,3 metra.<\/p>\n<p data-start=\"1140\" data-end=\"1351\">Zestaw przeznaczony jest do codziennego u\u017cytku profesjonalnego i dostarczany jest w praktycznych torbach, kt\u00f3re chroni\u0105 sprz\u0119t podczas transportu i przechowywania.<\/p>\n<p data-start=\"1353\" data-end=\"1522\">Zestaw testowy jest szczeg\u00f3lnie przydatny dla firm us\u0142ugowych, technik\u00f3w ochrony przeciwpo\u017carowej i zarz\u0105dc\u00f3w nieruchomo\u015bci, kt\u00f3rzy potrzebuj\u0105 niezawodnego rozwi\u0105zania do cyklicznego testowania czujek.<\/p>\n<h3 data-start=\"1524\" data-end=\"1556\">Typowe zastosowania<\/h3>\n<ul data-start=\"1557\" data-end=\"1661\">\n<li data-start=\"1557\" data-end=\"1591\">\n<p data-start=\"1559\" data-end=\"1591\">Nieruchomo\u015bci biurowe i komercyjne<\/p>\n<\/li>\n<li data-start=\"1592\" data-end=\"1618\">\n<p data-start=\"1594\" data-end=\"1618\">Szko\u0142y i plac\u00f3wki opieki zdrowotnej<\/p>\n<\/li>\n<li data-start=\"1619\" data-end=\"1661\">\n<p data-start=\"1621\" data-end=\"1661\">Magazyny, przemys\u0142 i obiekty u\u017cyteczno\u015bci publicznej<\/p>\n<\/li>\n<\/ul>\n<p data-start=\"1668\" data-end=\"1699\"><strong data-start=\"1668\" data-end=\"1697\">SPECYFIKACJA TECHNICZNA:<\/strong><\/p>\n<ul data-start=\"1700\" data-end=\"1903\">\n<li data-start=\"1700\" data-end=\"1730\">\n<p data-start=\"1702\" data-end=\"1730\">Wysoko\u015b\u0107 testowania: oko\u0142o 7,3 m<\/p>\n<\/li>\n<li data-start=\"1731\" data-end=\"1774\">\n<p data-start=\"1733\" data-end=\"1774\">Typy czujnik\u00f3w: Czujniki dymu i ciep\u0142a<\/p>\n<\/li>\n<li data-start=\"1775\" data-end=\"1809\">\n<p data-start=\"1777\" data-end=\"1809\">Sprz\u0119t testowy: Testifire 1001<\/p>\n<\/li>\n<li data-start=\"1810\" data-end=\"1846\">\n<p data-start=\"1812\" data-end=\"1846\">Pr\u0119ty: Solo 108 + 3 x Solo 101<\/p>\n<\/li>\n<li data-start=\"1847\" data-end=\"1875\">\n<p data-start=\"1849\" data-end=\"1875\">Akcesoria: TS3, Solo 610<\/p>\n<\/li>\n<li data-start=\"1876\" data-end=\"1903\">\n<p data-start=\"1878\" data-end=\"1903\">Przechowywanie: Torby w zestawie<\/p>\n<\/li>\n<\/ul>","protected":false},"excerpt":{"rendered":"<p data-start=\"131\" data-end=\"457\">Zestaw testowy Testifire XTR2 to kompletny zestaw testowy do testowania czujek dymu i ciep\u0142a do wysoko\u015bci oko\u0142o 7,3 metra.<\/p>\n<p data-start=\"131\" data-end=\"457\">Zestaw przeznaczony jest dla profesjonalnych instalator\u00f3w i personelu serwisowego wykonuj\u0105cego regularne kontrole alarm\u00f3w przeciwpo\u017carowych.<\/p>\n<p data-start=\"131\" data-end=\"457\">Dostarczane ze sprz\u0119tem testowym, teleskopowymi kijami i torbami transportowymi.<\/p>","protected":false},"featured_media":162192,"template":"","meta":{"_acf_changed":false},"product_brand":[],"product_cat":[3848,2946],"product_tag":[],"class_list":{"0":"post-162193","1":"product","2":"type-product","3":"status-publish","4":"has-post-thumbnail","6":"product_cat-testifire-kit","7":"product_cat-testifire","8":"tm-no-options","10":"first","11":"instock","12":"taxable","13":"shipping-taxable","14":"purchasable","15":"product-type-simple"},"acf":[],"_links":{"self":[{"href":"https:\/\/secureus.se\/pl\/wp-json\/wp\/v2\/product\/162193","targetHints":{"allow":["GET"]}}],"collection":[{"href":"https:\/\/secureus.se\/pl\/wp-json\/wp\/v2\/product"}],"about":[{"href":"https:\/\/secureus.se\/pl\/wp-json\/wp\/v2\/types\/product"}],"wp:featuredmedia":[{"embeddable":true,"href":"https:\/\/secureus.se\/pl\/wp-json\/wp\/v2\/media\/162192"}],"wp:attachment":[{"href":"https:\/\/secureus.se\/pl\/wp-json\/wp\/v2\/media?parent=162193"}],"wp:term":[{"taxonomy":"product_brand","embeddable":true,"href":"https:\/\/secureus.se\/pl\/wp-json\/wp\/v2\/product_brand?post=162193"},{"taxonomy":"product_cat","embeddable":true,"href":"https:\/\/secureus.se\/pl\/wp-json\/wp\/v2\/product_cat?post=162193"},{"taxonomy":"product_tag","embeddable":true,"href":"https:\/\/secureus.se\/pl\/wp-json\/wp\/v2\/product_tag?post=162193"}],"curies":[{"name":"wp","href":"https:\/\/api.w.org\/{rel}","templated":true}]}}