{"id":162197,"date":"2025-11-21T14:39:28","date_gmt":"2025-11-21T13:39:28","guid":{"rendered":"https:\/\/secureus.se\/provkit-testifire-xtr2-provningshojd-27-m-varme-rok\/"},"modified":"2026-04-23T12:44:42","modified_gmt":"2026-04-23T10:44:42","slug":"provkit-testifire-xtr2-provningshojd-27-m-varme-rok","status":"publish","type":"product","link":"https:\/\/secureus.se\/pl\/provkit-testifire-xtr2-provningshojd-27-m-varme-rok\/","title":{"rendered":"Zestaw testowy Testifire XTR2 wysoko\u015b\u0107 testowa 2,7 m (ciep\u0142o + dym)"},"content":{"rendered":"<h1>Zestaw testowy Testifire XTR2 wysoko\u015b\u0107 testowa 2,7 m (ciep\u0142o + dym)<\/h1>\n<h3 data-start=\"453\" data-end=\"502\">Kompaktowe rozwi\u0105zanie do testowania czujek po\u017carowych<\/h3>\n<p data-start=\"503\" data-end=\"766\">Zestaw testowy Testifire XTR2 jest przeznaczony do bezpiecznego i niezawodnego testowania dzia\u0142ania czujnik\u00f3w dymu i ciep\u0142a w pomieszczeniach o niskiej wysoko\u015bci sufitu.<\/p>\n<p data-start=\"503\" data-end=\"766\">Zestaw umo\u017cliwia przeprowadzanie test\u00f3w z poziomu pod\u0142ogi i eliminuje potrzeb\u0119 stosowania drabin, co upraszcza prac\u0119 i zmniejsza ryzyko wypadk\u00f3w.<\/p>\n<h3 data-start=\"768\" data-end=\"809\">Testowanie narz\u0119dzia pod k\u0105tem dymu i ciep\u0142a<\/h3>\n<p data-start=\"810\" data-end=\"1024\">Testifire 1001 generuje kontrolowany dym i ciep\u0142o w celu sprawdzenia, czy detektor prawid\u0142owo reaguje na alarmy.<\/p>\n<p data-start=\"810\" data-end=\"1024\">Dzi\u0119ki temu mamy pewno\u015b\u0107, \u017ce alarm przeciwpo\u017carowy b\u0119dzie dzia\u0142a\u0142 zgodnie z obowi\u0105zuj\u0105cymi wymogami podczas serwisowania i okresowych kontroli.<\/p>\n<h3 data-start=\"1026\" data-end=\"1066\">\u0141atwa obs\u0142uga w codziennej pracy<\/h3>\n<p data-start=\"1067\" data-end=\"1282\">Za pomoc\u0105 dr\u0105\u017cka Solo 101 bez problemu dosi\u0119gniesz detektor\u00f3w znajduj\u0105cych si\u0119 na wysoko\u015bci oko\u0142o 2,7 metra.<\/p>\n<p data-start=\"1067\" data-end=\"1282\">Zestaw jest lekki, \u0142atwy w u\u017cyciu i szczeg\u00f3lnie polecany do biur, pokoi hotelowych, budynk\u00f3w mieszkalnych i innych pomieszcze\u0144 o normalnej wysoko\u015bci sufitu.<\/p>\n<p data-start=\"1284\" data-end=\"1450\">Zestaw testowy jest doskona\u0142ym wyborem dla instalator\u00f3w, personelu serwisowego i w\u0142a\u015bcicieli nieruchomo\u015bci, kt\u00f3rzy potrzebuj\u0105 wydajnego i niezawodnego rozwi\u0105zania do cyklicznego testowania czujek.<\/p>\n<p data-start=\"1457\" data-end=\"1488\"><strong data-start=\"1457\" data-end=\"1486\">SPECYFIKACJA TECHNICZNA:<\/strong><\/p>\n<ul data-start=\"1489\" data-end=\"1657\">\n<li data-start=\"1489\" data-end=\"1519\">\n<p data-start=\"1491\" data-end=\"1519\">Wysoko\u015b\u0107 testowania: oko\u0142o 2,7 m<\/p>\n<\/li>\n<li data-start=\"1520\" data-end=\"1563\">\n<p data-start=\"1522\" data-end=\"1563\">Typy czujnik\u00f3w: Czujniki dymu i ciep\u0142a<\/p>\n<\/li>\n<li data-start=\"1564\" data-end=\"1598\">\n<p data-start=\"1566\" data-end=\"1598\">Sprz\u0119t testowy: Testifire 1001<\/p>\n<\/li>\n<li data-start=\"1599\" data-end=\"1618\">\n<p data-start=\"1601\" data-end=\"1618\">Pr\u0119t: Solo 101<\/p>\n<\/li>\n<li data-start=\"1619\" data-end=\"1657\">\n<p data-start=\"1621\" data-end=\"1657\">Zastosowanie: Badanie z poziomu pod\u0142ogi<\/p>\n<\/li>\n<\/ul>","protected":false},"excerpt":{"rendered":"<p>Zestaw testowy Testifire XTR2 to kompaktowy zestaw testowy do testowania czujek dymu i ciep\u0142a o wysoko\u015bci do oko\u0142o 2,7 metra.<\/p>\n<p>Rozwi\u0105zanie to jest idealne dla mniejszych przestrzeni, w kt\u00f3rych bezpieczne testy mog\u0105 by\u0107 przeprowadzane bezpo\u015brednio z poziomu pod\u0142ogi.<\/p>\n<p>Nadaje si\u0119 do profesjonalnej konserwacji system\u00f3w sygnalizacji po\u017caru.<\/p>","protected":false},"featured_media":162196,"template":"","meta":{"_acf_changed":false},"product_brand":[],"product_cat":[3848,2946],"product_tag":[],"class_list":{"0":"post-162197","1":"product","2":"type-product","3":"status-publish","4":"has-post-thumbnail","6":"product_cat-testifire-kit","7":"product_cat-testifire","8":"tm-no-options","10":"first","11":"instock","12":"taxable","13":"shipping-taxable","14":"purchasable","15":"product-type-simple"},"acf":[],"_links":{"self":[{"href":"https:\/\/secureus.se\/pl\/wp-json\/wp\/v2\/product\/162197","targetHints":{"allow":["GET"]}}],"collection":[{"href":"https:\/\/secureus.se\/pl\/wp-json\/wp\/v2\/product"}],"about":[{"href":"https:\/\/secureus.se\/pl\/wp-json\/wp\/v2\/types\/product"}],"wp:featuredmedia":[{"embeddable":true,"href":"https:\/\/secureus.se\/pl\/wp-json\/wp\/v2\/media\/162196"}],"wp:attachment":[{"href":"https:\/\/secureus.se\/pl\/wp-json\/wp\/v2\/media?parent=162197"}],"wp:term":[{"taxonomy":"product_brand","embeddable":true,"href":"https:\/\/secureus.se\/pl\/wp-json\/wp\/v2\/product_brand?post=162197"},{"taxonomy":"product_cat","embeddable":true,"href":"https:\/\/secureus.se\/pl\/wp-json\/wp\/v2\/product_cat?post=162197"},{"taxonomy":"product_tag","embeddable":true,"href":"https:\/\/secureus.se\/pl\/wp-json\/wp\/v2\/product_tag?post=162197"}],"curies":[{"name":"wp","href":"https:\/\/api.w.org\/{rel}","templated":true}]}}