{"id":162201,"date":"2025-11-21T14:04:57","date_gmt":"2025-11-21T13:04:57","guid":{"rendered":"https:\/\/secureus.se\/solo-310-solo-365-kit-provningshojd-73-m-provning-rok-extra-es3-vaskor\/"},"modified":"2026-04-23T12:45:52","modified_gmt":"2026-04-23T10:45:52","slug":"solo-310-solo-365-kit-provningshojd-73-m-provning-rok-extra-es3-vaskor","status":"publish","type":"product","link":"https:\/\/secureus.se\/pl\/solo-310-solo-365-kit-provningshojd-73-m-provning-rok-extra-es3-vaskor\/","title":{"rendered":"Solo 310 \u2013 zestaw Solo 365, wysoko\u015b\u0107 testowa 7,3 m \u2013 testowanie dymu \u2013 dodatkowy ES3 i torby"},"content":{"rendered":"<h1>Solo 310 \u2013 zestaw Solo 365, wysoko\u015b\u0107 testowa 7,3 m \u2013 testowanie dymu \u2013 dodatkowy ES3 i torby<\/h1>\n<h3 data-start=\"435\" data-end=\"475\">Skuteczne testowanie czujnik\u00f3w dymu<\/h3>\n<p data-start=\"476\" data-end=\"718\">Zestaw Solo 310 \u2013 Solo 365 zosta\u0142 opracowany w celu bezpiecznego i niezawodnego testowania dzia\u0142ania czujnik\u00f3w dymu w budynkach o wysokich sufitach.<\/p>\n<p data-start=\"476\" data-end=\"718\">Badania przeprowadzane s\u0105 z poziomu pod\u0142ogi, co ogranicza konieczno\u015b\u0107 stosowania drabin i podno\u015bnik\u00f3w oraz zwi\u0119ksza bezpiecze\u0144stwo podczas prac serwisowych.<\/p>\n<h3 data-start=\"720\" data-end=\"748\">Realistyczne testy dymne<\/h3>\n<p data-start=\"749\" data-end=\"998\">Tester czujnik\u00f3w dymu Solo 365 w po\u0142\u0105czeniu z wk\u0142adem dymnym ES3 generuje kontrolowany aerozol testowy, kt\u00f3ry w realistyczny spos\u00f3b aktywuje czujniki.<\/p>\n<p data-start=\"749\" data-end=\"998\">Dzi\u0119ki temu mamy pewno\u015b\u0107, \u017ce czujniki dymu zareaguj\u0105 prawid\u0142owo podczas inspekcji i okresowych kontroli.<\/p>\n<h3 data-start=\"1000\" data-end=\"1033\">Zasi\u0119g do 7,3 metra<\/h3>\n<p data-start=\"1034\" data-end=\"1222\">Teleskopowy dr\u0105\u017cek Solo 108 i trzy przed\u0142u\u017cenia dr\u0105\u017cka testowego Solo 101 zapewniaj\u0105 maksymaln\u0105 wysoko\u015b\u0107 testowania wynosz\u0105c\u0105 oko\u0142o 7,3 metra.<\/p>\n<p data-start=\"1034\" data-end=\"1222\">Zestaw jest \u0142atwy w obs\u0142udze i zapewnia stabiln\u0105 kontrol\u0119 podczas test\u00f3w na du\u017cych wysoko\u015bciach.<\/p>\n<h3 data-start=\"1224\" data-end=\"1268\">Transport i u\u017cytkowanie profesjonalne<\/h3>\n<p data-start=\"1269\" data-end=\"1529\">W zestawie znajduj\u0105 si\u0119 walizki transportowe umo\u017cliwiaj\u0105ce bezpieczny transport i przechowywanie sprz\u0119tu Solo 610.<\/p>\n<p data-start=\"1269\" data-end=\"1529\">Dodatkowy wk\u0142ad dymny ES3 wyd\u0142u\u017ca czas pracy i skraca przestoje podczas intensywnych misji testowych. Zestaw nadaje si\u0119 do biur, szk\u00f3\u0142, plac\u00f3wek s\u0142u\u017cby zdrowia, magazyn\u00f3w i budynk\u00f3w u\u017cyteczno\u015bci publicznej.<\/p>\n<p data-start=\"1536\" data-end=\"1567\"><strong data-start=\"1536\" data-end=\"1565\">SPECYFIKACJA TECHNICZNA:<\/strong><\/p>\n<ul data-start=\"1568\" data-end=\"1758\">\n<li data-start=\"1568\" data-end=\"1598\">\n<p data-start=\"1570\" data-end=\"1598\">Wysoko\u015b\u0107 testowania: oko\u0142o 7,3 m<\/p>\n<\/li>\n<li data-start=\"1599\" data-end=\"1629\">\n<p data-start=\"1601\" data-end=\"1629\">Typ czujnika: Czujniki dymu<\/p>\n<\/li>\n<li data-start=\"1630\" data-end=\"1654\">\n<p data-start=\"1632\" data-end=\"1654\">Tester dymny: Solo 365<\/p>\n<\/li>\n<li data-start=\"1655\" data-end=\"1691\">\n<p data-start=\"1657\" data-end=\"1691\">W\u0119dki: Solo 108 + 3 \u00d7 Solo 101<\/p>\n<\/li>\n<li data-start=\"1692\" data-end=\"1724\">\n<p data-start=\"1694\" data-end=\"1724\">Wk\u0142ad dymny: ES3 (do\u0142\u0105czony dodatkowo)<\/p>\n<\/li>\n<li data-start=\"1725\" data-end=\"1758\">\n<p data-start=\"1727\" data-end=\"1758\">Przechowywanie: Futera\u0142y Solo 610<\/p>\n<\/li>\n<\/ul>","protected":false},"excerpt":{"rendered":"<p>Zestaw Solo 310 \u2013 Solo 365 to kompletny zestaw do testowania czujnik\u00f3w dymu o wysoko\u015bci do oko\u0142o 7,3 metra.<\/p>\n<p>Zestaw jest przystosowany do profesjonalnych test\u00f3w przeprowadzanych z poziomu pod\u0142ogi i zawiera teleskopowe pr\u0119ty, przed\u0142u\u017cki do pr\u0119t\u00f3w testowych, futera\u0142y transportowe i dodatkowy wk\u0142ad dymny ES3.<\/p>","protected":false},"featured_media":162200,"template":"","meta":{"_acf_changed":false},"product_brand":[],"product_cat":[5072,5073],"product_tag":[],"class_list":{"0":"post-162201","1":"product","2":"type-product","3":"status-publish","4":"has-post-thumbnail","6":"product_cat-solo-365","7":"product_cat-solo-365-kit","8":"tm-no-options","10":"first","11":"instock","12":"taxable","13":"shipping-taxable","14":"purchasable","15":"product-type-simple"},"acf":[],"_links":{"self":[{"href":"https:\/\/secureus.se\/pl\/wp-json\/wp\/v2\/product\/162201","targetHints":{"allow":["GET"]}}],"collection":[{"href":"https:\/\/secureus.se\/pl\/wp-json\/wp\/v2\/product"}],"about":[{"href":"https:\/\/secureus.se\/pl\/wp-json\/wp\/v2\/types\/product"}],"wp:featuredmedia":[{"embeddable":true,"href":"https:\/\/secureus.se\/pl\/wp-json\/wp\/v2\/media\/162200"}],"wp:attachment":[{"href":"https:\/\/secureus.se\/pl\/wp-json\/wp\/v2\/media?parent=162201"}],"wp:term":[{"taxonomy":"product_brand","embeddable":true,"href":"https:\/\/secureus.se\/pl\/wp-json\/wp\/v2\/product_brand?post=162201"},{"taxonomy":"product_cat","embeddable":true,"href":"https:\/\/secureus.se\/pl\/wp-json\/wp\/v2\/product_cat?post=162201"},{"taxonomy":"product_tag","embeddable":true,"href":"https:\/\/secureus.se\/pl\/wp-json\/wp\/v2\/product_tag?post=162201"}],"curies":[{"name":"wp","href":"https:\/\/api.w.org\/{rel}","templated":true}]}}