{"id":162207,"date":"2025-11-21T14:05:01","date_gmt":"2025-11-21T13:05:01","guid":{"rendered":"https:\/\/secureus.se\/solo-303-solo-365-kit-provningshojd-4-m-provning-rok\/"},"modified":"2026-04-08T15:59:39","modified_gmt":"2026-04-08T13:59:39","slug":"solo-303-solo-365-kit-provningshojd-4-m-provning-rok","status":"publish","type":"product","link":"https:\/\/secureus.se\/pl\/solo-303-solo-365-kit-provningshojd-4-m-provning-rok\/","title":{"rendered":"Solo 303 \u2013 zestaw Solo 365, wysoko\u015b\u0107 testowa 4 m \u2013 testowanie dymu"},"content":{"rendered":"<h1>Solo 303 \u2013 zestaw Solo 365, wysoko\u015b\u0107 testowa 4 m \u2013 testowanie dymu<\/h1>\n<h3 data-start=\"451\" data-end=\"501\">Bezpieczne i efektywne testowanie czujnik\u00f3w dymu<\/h3>\n<p data-start=\"502\" data-end=\"743\">Zestaw Solo 303 \u2013 Solo 365 zosta\u0142 zaprojektowany do niezawodnego testowania dzia\u0142ania czujnik\u00f3w dymu w budynkach o \u015bredniej wysoko\u015bci sufitu. Testowanie bezpo\u015brednio z poziomu pod\u0142ogi poprawia bezpiecze\u0144stwo i usprawnia prac\u0119 podczas serwisowania i okresowych przegl\u0105d\u00f3w.<\/p>\n<h3 data-start=\"745\" data-end=\"773\">Realistyczne testy dymne<\/h3>\n<p data-start=\"774\" data-end=\"988\">Tester czujnik\u00f3w dymu Solo 365 generuje kontrolowany aerozol testowy, kt\u00f3ry aktywuje czujnik dymu bez pozostawiania \u015blad\u00f3w. Gwarantuje to prawid\u0142ow\u0105 reakcj\u0119 czujnika i spe\u0142nianie wymaga\u0144 dotycz\u0105cych kontroli i konserwacji.<\/p>\n<h3 data-start=\"990\" data-end=\"1028\">Stabilny zasi\u0119g do 4 metr\u00f3w<\/h3>\n<p data-start=\"1029\" data-end=\"1200\">Dzi\u0119ki teleskopowemu dr\u0105\u017ckowi Solo 108 z \u0142atwo\u015bci\u0105 dotrzesz do detektor\u00f3w znajduj\u0105cych si\u0119 na wysoko\u015bci oko\u0142o 4 metr\u00f3w. Po\u0142\u0105czenie g\u0142owicy pomiarowej i dr\u0105\u017cka zapewnia dobr\u0105 kontrol\u0119 i precyzyjne pozycjonowanie podczas test\u00f3w.<\/p>\n<h3 data-start=\"1202\" data-end=\"1242\">Nadaje si\u0119 do \u015brodowisk profesjonalnych<\/h3>\n<p data-start=\"1243\" data-end=\"1380\">Zestaw testowy jest z powodzeniem stosowany w biurach, szko\u0142ach, plac\u00f3wkach s\u0142u\u017cby zdrowia i budynkach u\u017cyteczno\u015bci publicznej, gdzie wymagane jest regularne sprawdzanie czujnik\u00f3w dymu.<\/p>\n<p data-start=\"1387\" data-end=\"1418\"><strong data-start=\"1387\" data-end=\"1416\">SPECYFIKACJA TECHNICZNA:<\/strong><\/p>\n<ul data-start=\"1419\" data-end=\"1599\">\n<li data-start=\"1419\" data-end=\"1447\">\n<p data-start=\"1421\" data-end=\"1447\">Wysoko\u015b\u0107 testowania: oko\u0142o 4 m<\/p>\n<\/li>\n<li data-start=\"1448\" data-end=\"1478\">\n<p data-start=\"1450\" data-end=\"1478\">Typ czujnika: Czujniki dymu<\/p>\n<\/li>\n<li data-start=\"1479\" data-end=\"1526\">\n<p data-start=\"1481\" data-end=\"1526\">Sprz\u0119t testowy: Tester czujnik\u00f3w dymu Solo 365<\/p>\n<\/li>\n<li data-start=\"1527\" data-end=\"1560\">\n<p data-start=\"1529\" data-end=\"1560\">Kij: Kij teleskopowy Solo 108<\/p>\n<\/li>\n<li data-start=\"1561\" data-end=\"1599\">\n<p data-start=\"1563\" data-end=\"1599\">Zastosowanie: Badanie z poziomu pod\u0142ogi<\/p>\n<\/li>\n<\/ul>","protected":false},"excerpt":{"rendered":"<p>Zestaw Solo 303 \u2013 Solo 365 to kompletny zestaw testowy do testowania czujnik\u00f3w dymu na wysoko\u015bci do oko\u0142o 4 metr\u00f3w.<\/p>\n<p>Zestaw umo\u017cliwia bezpieczne przeprowadzanie test\u00f3w z poziomu pod\u0142ogi, bez konieczno\u015bci u\u017cycia drabiny.<\/p>\n<p>Nadaje si\u0119 do profesjonalnej konserwacji system\u00f3w sygnalizacji po\u017caru.<\/p>","protected":false},"featured_media":162206,"template":"","meta":{"_acf_changed":false},"product_brand":[],"product_cat":[5072,5073],"product_tag":[],"class_list":{"0":"post-162207","1":"product","2":"type-product","3":"status-publish","4":"has-post-thumbnail","6":"product_cat-solo-365","7":"product_cat-solo-365-kit","8":"tm-no-options","10":"first","11":"instock","12":"taxable","13":"shipping-taxable","14":"purchasable","15":"product-type-simple"},"acf":[],"_links":{"self":[{"href":"https:\/\/secureus.se\/pl\/wp-json\/wp\/v2\/product\/162207","targetHints":{"allow":["GET"]}}],"collection":[{"href":"https:\/\/secureus.se\/pl\/wp-json\/wp\/v2\/product"}],"about":[{"href":"https:\/\/secureus.se\/pl\/wp-json\/wp\/v2\/types\/product"}],"wp:featuredmedia":[{"embeddable":true,"href":"https:\/\/secureus.se\/pl\/wp-json\/wp\/v2\/media\/162206"}],"wp:attachment":[{"href":"https:\/\/secureus.se\/pl\/wp-json\/wp\/v2\/media?parent=162207"}],"wp:term":[{"taxonomy":"product_brand","embeddable":true,"href":"https:\/\/secureus.se\/pl\/wp-json\/wp\/v2\/product_brand?post=162207"},{"taxonomy":"product_cat","embeddable":true,"href":"https:\/\/secureus.se\/pl\/wp-json\/wp\/v2\/product_cat?post=162207"},{"taxonomy":"product_tag","embeddable":true,"href":"https:\/\/secureus.se\/pl\/wp-json\/wp\/v2\/product_tag?post=162207"}],"curies":[{"name":"wp","href":"https:\/\/api.w.org\/{rel}","templated":true}]}}