{"id":162209,"date":"2025-11-21T14:04:58","date_gmt":"2025-11-21T13:04:58","guid":{"rendered":"https:\/\/secureus.se\/solo-311-solo-365-kit-provningshojd-73-m-rok-varme-extra-es3-vaskor\/"},"modified":"2026-04-08T16:05:12","modified_gmt":"2026-04-08T14:05:12","slug":"solo-311-solo-365-kit-provningshojd-73-m-rok-varme-extra-es3-vaskor","status":"publish","type":"product","link":"https:\/\/secureus.se\/pl\/solo-311-solo-365-kit-provningshojd-73-m-rok-varme-extra-es3-vaskor\/","title":{"rendered":"Solo 311 \u2013 zestaw Solo 365, wysoko\u015b\u0107 testowa 7,3 m \u2013 Dym + ciep\u0142o \u2013 dodatkowy ES3 i torby"},"content":{"rendered":"<h1>Solo 311 \u2013 zestaw Solo 365, wysoko\u015b\u0107 testowa 7,3 m \u2013 Dym + ciep\u0142o \u2013 dodatkowy ES3 i torby<\/h1>\n<h3 data-start=\"553\" data-end=\"616\">Kompleksowe rozwi\u0105zanie do testowania czujnik\u00f3w dymu i ciep\u0142a<\/h3>\n<p data-start=\"617\" data-end=\"906\">Zestaw Solo 311 \u2013 Solo 365 zosta\u0142 opracowany w celu bezpiecznego i niezawodnego testowania dzia\u0142ania czujnik\u00f3w dymu i ciep\u0142a w budynkach o wysokich sufitach.<\/p>\n<p data-start=\"617\" data-end=\"906\">Przeprowadzanie test\u00f3w z poziomu pod\u0142ogi minimalizuje potrzeb\u0119 stosowania drabin i podno\u015bnik\u00f3w, co poprawia bezpiecze\u0144stwo i efektywno\u015b\u0107 prac serwisowych.<\/p>\n<h3 data-start=\"908\" data-end=\"950\">Realistyczne testowanie dymu i ciep\u0142a<\/h3>\n<p data-start=\"951\" data-end=\"1240\">Tester czujnik\u00f3w dymu Solo 365 u\u017cywany jest w po\u0142\u0105czeniu z wk\u0142adem dymnym ES3 w celu wytworzenia kontrolowanego aerozolu testowego, kt\u00f3ry w realistyczny spos\u00f3b aktywuje czujniki dymu.<\/p>\n<p data-start=\"951\" data-end=\"1240\">Do czujek ciep\u0142a stosuje si\u0119 tester czujek ciep\u0142a Solo 461, kt\u00f3ry umo\u017cliwia testowanie dw\u00f3ch typ\u00f3w czujek przy pomocy tego samego systemu.<\/p>\n<h3 data-start=\"1242\" data-end=\"1275\">Zasi\u0119g do 7,3 metra<\/h3>\n<p data-start=\"1276\" data-end=\"1516\">Po\u0142\u0105czenie teleskopowego dr\u0105\u017cka Solo 108 i trzech przed\u0142u\u017cek dr\u0105\u017cka testowego Solo 101 zapewnia maksymaln\u0105 wysoko\u015b\u0107 testowania wynosz\u0105c\u0105 oko\u0142o 7,3 metra.<\/p>\n<p data-start=\"1276\" data-end=\"1516\">Dzi\u0119ki temu zestaw doskonale nadaje si\u0119 do stosowania w wi\u0119kszych obiektach, takich jak magazyny, budynki przemys\u0142owe, hale sportowe i obiekty publiczne.<\/p>\n<h3 data-start=\"1518\" data-end=\"1561\">Przystosowany do profesjonalnej konserwacji<\/h3>\n<p data-start=\"1562\" data-end=\"1735\">W zestawie znajduj\u0105 si\u0119 walizki transportowe umo\u017cliwiaj\u0105ce bezpieczny transport i przechowywanie sprz\u0119tu Solo 610.<\/p>\n<p data-start=\"1562\" data-end=\"1735\">Dodatkowy wk\u0142ad dymny ES3 zapewnia d\u0142u\u017cszy czas pracy i zmniejsza przerwy w trakcie intensywnych prac testowych.<\/p>\n<p data-start=\"1742\" data-end=\"1773\"><strong data-start=\"1742\" data-end=\"1771\">SPECYFIKACJA TECHNICZNA:<\/strong><\/p>\n<ul data-start=\"1774\" data-end=\"2004\">\n<li data-start=\"1774\" data-end=\"1804\">\n<p data-start=\"1776\" data-end=\"1804\">Wysoko\u015b\u0107 testowania: oko\u0142o 7,3 m<\/p>\n<\/li>\n<li data-start=\"1805\" data-end=\"1848\">\n<p data-start=\"1807\" data-end=\"1848\">Typy czujnik\u00f3w: Czujniki dymu i ciep\u0142a<\/p>\n<\/li>\n<li data-start=\"1849\" data-end=\"1873\">\n<p data-start=\"1851\" data-end=\"1873\">Tester dymny: Solo 365<\/p>\n<\/li>\n<li data-start=\"1874\" data-end=\"1900\">\n<p data-start=\"1876\" data-end=\"1900\">Tester ciep\u0142a: Solo 461<\/p>\n<\/li>\n<li data-start=\"1901\" data-end=\"1937\">\n<p data-start=\"1903\" data-end=\"1937\">W\u0119dki: Solo 108 + 3 \u00d7 Solo 101<\/p>\n<\/li>\n<li data-start=\"1938\" data-end=\"1970\">\n<p data-start=\"1940\" data-end=\"1970\">Wk\u0142ad dymny: ES3 (do\u0142\u0105czony dodatkowo)<\/p>\n<\/li>\n<li data-start=\"1971\" data-end=\"2004\">\n<p data-start=\"1973\" data-end=\"2004\">Przechowywanie: Futera\u0142y Solo 610<\/p>\n<\/li>\n<\/ul>","protected":false},"excerpt":{"rendered":"<p>Zestaw Solo 311 \u2013 Solo 365 to kompletny zestaw testowy do testowania czujnik\u00f3w dymu i ciep\u0142a na wysoko\u015bci do oko\u0142o 7,3 metra.<\/p>\n<p>Zestaw przeznaczony jest do profesjonalnego testowania z poziomu pod\u0142ogi w wi\u0119kszych i wy\u017cszych pomieszczeniach.<\/p>\n<p>W zestawie znajduj\u0105 si\u0119 teleskopowe dr\u0105\u017cki, tester temperatury, torba transportowa i dodatkowy wk\u0142ad dymny.<\/p>","protected":false},"featured_media":162208,"template":"","meta":{"_acf_changed":false},"product_brand":[],"product_cat":[5072,5073],"product_tag":[],"class_list":{"0":"post-162209","1":"product","2":"type-product","3":"status-publish","4":"has-post-thumbnail","6":"product_cat-solo-365","7":"product_cat-solo-365-kit","8":"tm-no-options","10":"first","11":"instock","12":"taxable","13":"shipping-taxable","14":"purchasable","15":"product-type-simple"},"acf":[],"_links":{"self":[{"href":"https:\/\/secureus.se\/pl\/wp-json\/wp\/v2\/product\/162209","targetHints":{"allow":["GET"]}}],"collection":[{"href":"https:\/\/secureus.se\/pl\/wp-json\/wp\/v2\/product"}],"about":[{"href":"https:\/\/secureus.se\/pl\/wp-json\/wp\/v2\/types\/product"}],"wp:featuredmedia":[{"embeddable":true,"href":"https:\/\/secureus.se\/pl\/wp-json\/wp\/v2\/media\/162208"}],"wp:attachment":[{"href":"https:\/\/secureus.se\/pl\/wp-json\/wp\/v2\/media?parent=162209"}],"wp:term":[{"taxonomy":"product_brand","embeddable":true,"href":"https:\/\/secureus.se\/pl\/wp-json\/wp\/v2\/product_brand?post=162209"},{"taxonomy":"product_cat","embeddable":true,"href":"https:\/\/secureus.se\/pl\/wp-json\/wp\/v2\/product_cat?post=162209"},{"taxonomy":"product_tag","embeddable":true,"href":"https:\/\/secureus.se\/pl\/wp-json\/wp\/v2\/product_tag?post=162209"}],"curies":[{"name":"wp","href":"https:\/\/api.w.org\/{rel}","templated":true}]}}