{"id":162211,"date":"2025-11-21T14:04:57","date_gmt":"2025-11-21T13:04:57","guid":{"rendered":"https:\/\/secureus.se\/solo-312-provningshojd-73-m-rok-varme-extra-es3-nedtagare-vaskor\/"},"modified":"2026-03-26T12:23:57","modified_gmt":"2026-03-26T11:23:57","slug":"solo-312-provningshojd-73-m-rok-varme-extra-es3-nedtagare-vaskor","status":"publish","type":"product","link":"https:\/\/secureus.se\/pl\/solo-312-provningshojd-73-m-rok-varme-extra-es3-nedtagare-vaskor\/","title":{"rendered":"Wysoko\u015b\u0107 testowa Solo 312 7,3 m \u2013 Dym + Ciep\u0142o \u2013 Dodatkowy ES3, rury spustowe i torby"},"content":{"rendered":"<h1>Wysoko\u015b\u0107 testowa Solo 312 7,3 m \u2013 Dym + Ciep\u0142o \u2013 Dodatkowy ES3, rury spustowe i torby<\/h1>\n<h3 data-start=\"486\" data-end=\"548\">W pe\u0142ni wyposa\u017cony zestaw testowy do czujnik\u00f3w dymu i ciep\u0142a<\/h3>\n<p data-start=\"549\" data-end=\"797\">Solo 312 jest urz\u0105dzeniem przeznaczonym do bezpiecznego i efektywnego testowania dzia\u0142ania czujnik\u00f3w dymu i ciep\u0142a w budynkach o wysokich sufitach.<\/p>\n<p data-start=\"549\" data-end=\"797\">Przeprowadzanie test\u00f3w z poziomu pod\u0142ogi zmniejsza potrzeb\u0119 stosowania drabin i podno\u015bnik\u00f3w, co poprawia warunki pracy i bezpiecze\u0144stwo.<\/p>\n<h3 data-start=\"799\" data-end=\"842\">Realistyczne testy z dymem i ciep\u0142em<\/h3>\n<p data-start=\"843\" data-end=\"1096\">Tester czujnik\u00f3w dymu Solo 365 z wk\u0142adem dymnym ES3 generuje kontrolowany aerozol testowy, kt\u00f3ry w realistyczny spos\u00f3b aktywuje czujniki dymu.<\/p>\n<p data-start=\"843\" data-end=\"1096\">Detektory ciep\u0142a s\u0105 testowane za pomoc\u0105 testera detektor\u00f3w ciep\u0142a Solo 461, dzi\u0119ki czemu zestaw nadaje si\u0119 do \u0142\u0105czonych potrzeb testowych.<\/p>\n<h3 data-start=\"1098\" data-end=\"1148\">Zasi\u0119g i elastyczno\u015b\u0107 do 7,3 metra<\/h3>\n<p data-start=\"1149\" data-end=\"1386\">Teleskopowy dr\u0105\u017cek Solo 108 wraz z trzema przed\u0142u\u017ceniami dr\u0105\u017cka testowego Solo 101 zapewnia maksymaln\u0105 wysoko\u015b\u0107 testowania wynosz\u0105c\u0105 oko\u0142o 7,3 metra.<\/p>\n<p data-start=\"1149\" data-end=\"1386\">Przyrz\u0105d do demonta\u017cu detektor\u00f3w Solo 200 umo\u017cliwia \u0142atwy demonta\u017c detektor\u00f3w, gdy jest to konieczne, u\u0142atwiaj\u0105c serwisowanie i wymian\u0119 baterii.<\/p>\n<h3 data-start=\"1388\" data-end=\"1432\">Transport i u\u017cytkowanie profesjonalne<\/h3>\n<p data-start=\"1433\" data-end=\"1719\">W zestawie znajduj\u0105 si\u0119 futera\u0142y transportowe Solo 610, zapewniaj\u0105ce bezpieczny transport i przechowywanie. Dodatkowy wk\u0142ad dymny ES3 zapewnia d\u0142u\u017cszy czas pracy i minimalizuje przerwy w dzia\u0142aniu podczas intensywnych misji testowych.<\/p>\n<p data-start=\"1433\" data-end=\"1719\">Zestaw idealnie nadaje si\u0119 dla instalator\u00f3w, personelu serwisowego i zarz\u0105dc\u00f3w nieruchomo\u015bci w biurach, szko\u0142ach, magazynach i budynkach u\u017cyteczno\u015bci publicznej.<\/p>\n<p data-start=\"1726\" data-end=\"1757\"><strong data-start=\"1726\" data-end=\"1755\">SPECYFIKACJA TECHNICZNA:<\/strong><\/p>\n<ul data-start=\"1758\" data-end=\"2012\">\n<li data-start=\"1758\" data-end=\"1788\">\n<p data-start=\"1760\" data-end=\"1788\">Wysoko\u015b\u0107 testowania: oko\u0142o 7,3 m<\/p>\n<\/li>\n<li data-start=\"1789\" data-end=\"1832\">\n<p data-start=\"1791\" data-end=\"1832\">Typy czujnik\u00f3w: Czujniki dymu i ciep\u0142a<\/p>\n<\/li>\n<li data-start=\"1833\" data-end=\"1857\">\n<p data-start=\"1835\" data-end=\"1857\">Tester dymny: Solo 365<\/p>\n<\/li>\n<li data-start=\"1858\" data-end=\"1884\">\n<p data-start=\"1860\" data-end=\"1884\">Tester ciep\u0142a: Solo 461<\/p>\n<\/li>\n<li data-start=\"1885\" data-end=\"1921\">\n<p data-start=\"1887\" data-end=\"1921\">W\u0119dki: Solo 108 + 3 \u00d7 Solo 101<\/p>\n<\/li>\n<li data-start=\"1922\" data-end=\"1945\">\n<p data-start=\"1924\" data-end=\"1945\">Downer: Solo 200<\/p>\n<\/li>\n<li data-start=\"1946\" data-end=\"1978\">\n<p data-start=\"1948\" data-end=\"1978\">Wk\u0142ad dymny: ES3 (do\u0142\u0105czony dodatkowo)<\/p>\n<\/li>\n<li data-start=\"1979\" data-end=\"2012\">\n<p data-start=\"1981\" data-end=\"2012\">Przechowywanie: Futera\u0142y Solo 610<\/p>\n<\/li>\n<\/ul>","protected":false},"excerpt":{"rendered":"<p>Solo 312 to kompletny zestaw testowy do czujnik\u00f3w dymu i ciep\u0142a o wysoko\u015bci do oko\u0142o 7,3 metra.<\/p>\n<p>Zestaw przeznaczony jest do profesjonalnych test\u00f3w i serwisowania. W jego sk\u0142ad wchodz\u0105: teleskopowe dr\u0105\u017cki, urz\u0105dzenia do demonta\u017cu, torby transportowe oraz dodatkowy wk\u0142ad dymny ES3.<\/p>\n<p>Doskonale nadaje si\u0119 do pracy w wi\u0119kszych pomieszczeniach.<\/p>","protected":false},"featured_media":162210,"template":"","meta":{"_acf_changed":false},"product_brand":[],"product_cat":[5072,5073],"product_tag":[],"class_list":{"0":"post-162211","1":"product","2":"type-product","3":"status-publish","4":"has-post-thumbnail","6":"product_cat-solo-365","7":"product_cat-solo-365-kit","8":"tm-no-options","10":"first","11":"onbackorder","12":"taxable","13":"shipping-taxable","14":"purchasable","15":"product-type-simple"},"acf":[],"_links":{"self":[{"href":"https:\/\/secureus.se\/pl\/wp-json\/wp\/v2\/product\/162211","targetHints":{"allow":["GET"]}}],"collection":[{"href":"https:\/\/secureus.se\/pl\/wp-json\/wp\/v2\/product"}],"about":[{"href":"https:\/\/secureus.se\/pl\/wp-json\/wp\/v2\/types\/product"}],"wp:featuredmedia":[{"embeddable":true,"href":"https:\/\/secureus.se\/pl\/wp-json\/wp\/v2\/media\/162210"}],"wp:attachment":[{"href":"https:\/\/secureus.se\/pl\/wp-json\/wp\/v2\/media?parent=162211"}],"wp:term":[{"taxonomy":"product_brand","embeddable":true,"href":"https:\/\/secureus.se\/pl\/wp-json\/wp\/v2\/product_brand?post=162211"},{"taxonomy":"product_cat","embeddable":true,"href":"https:\/\/secureus.se\/pl\/wp-json\/wp\/v2\/product_cat?post=162211"},{"taxonomy":"product_tag","embeddable":true,"href":"https:\/\/secureus.se\/pl\/wp-json\/wp\/v2\/product_tag?post=162211"}],"curies":[{"name":"wp","href":"https:\/\/api.w.org\/{rel}","templated":true}]}}