{"id":162213,"date":"2025-11-21T14:04:53","date_gmt":"2025-11-21T13:04:53","guid":{"rendered":"https:\/\/secureus.se\/solo-323-provningshojd-93-m-rok-extra-es3-nedtagare-vaskor\/"},"modified":"2026-04-08T15:59:45","modified_gmt":"2026-04-08T13:59:45","slug":"solo-323-provningshojd-93-m-rok-extra-es3-nedtagare-vaskor","status":"publish","type":"product","link":"https:\/\/secureus.se\/pl\/solo-323-provningshojd-93-m-rok-extra-es3-nedtagare-vaskor\/","title":{"rendered":"Solo 323 wysoko\u015b\u0107 testowa 9,3 m \u2013 Dym \u2013 Dodatkowy ES3, rury spustowe i torby"},"content":{"rendered":"<h1>Solo 323 wysoko\u015b\u0107 testowa 9,3 m \u2013 Dym \u2013 Dodatkowy ES3, rury spustowe i torby<\/h1>\n<h3 data-start=\"470\" data-end=\"520\">Bezpieczne i efektywne testowanie czujnik\u00f3w dymu<\/h3>\n<p data-start=\"521\" data-end=\"794\">Solo 323 przeznaczony jest do niezawodnego testowania dzia\u0142ania czujnik\u00f3w dymu w budynkach o wysokich sufitach, takich jak magazyny, pomieszczenia przemys\u0142owe i hale sportowe.<\/p>\n<p data-start=\"521\" data-end=\"794\">Badania przeprowadza si\u0119 z poziomu pod\u0142ogi za pomoc\u0105 dr\u0105\u017ck\u00f3w teleskopowych, co minimalizuje konieczno\u015b\u0107 stosowania drabin i podno\u015bnik\u00f3w oraz zwi\u0119ksza bezpiecze\u0144stwo podczas pracy.<\/p>\n<h3 data-start=\"796\" data-end=\"838\">Realistyczne testy dymne z dodatkowym ES3<\/h3>\n<p data-start=\"839\" data-end=\"1078\">Tester czujnik\u00f3w dymu Solo 365 w po\u0142\u0105czeniu z wk\u0142adem dymnym ES3 generuje kontrolowany aerozol testowy, kt\u00f3ry w realistyczny spos\u00f3b aktywuje czujniki.<\/p>\n<p data-start=\"839\" data-end=\"1078\">Dodatkowy wk\u0142ad ES3 zapewnia d\u0142u\u017cszy czas dzia\u0142ania i zmniejsza liczb\u0119 przerw podczas intensywnych test\u00f3w.<\/p>\n<h3 data-start=\"1080\" data-end=\"1113\">Zasi\u0119g do 9,3 metra<\/h3>\n<p data-start=\"1114\" data-end=\"1353\">Tyczka teleskopowa Solo 108 w po\u0142\u0105czeniu z trzema przed\u0142u\u017ceniami tyczki testowej Solo 101 umo\u017cliwia przeprowadzanie test\u00f3w na wysoko\u015bci do oko\u0142o 9,3 metra.<\/p>\n<p data-start=\"1114\" data-end=\"1353\">W zestawie znajduje si\u0119 demonta\u017comierz Solo 200 umo\u017cliwiaj\u0105cy \u0142atwy demonta\u017c detektor\u00f3w, je\u015bli zajdzie taka potrzeba, co usprawnia serwis i konserwacj\u0119.<\/p>\n<h3 data-start=\"1355\" data-end=\"1399\">Transport i u\u017cytkowanie profesjonalne<\/h3>\n<p data-start=\"1400\" data-end=\"1611\">W zestawie znajduj\u0105 si\u0119 walizki transportowe umo\u017cliwiaj\u0105ce bezpieczny transport i przechowywanie sprz\u0119tu Solo 610.<\/p>\n<p data-start=\"1400\" data-end=\"1611\">Zestaw jest idealny dla instalator\u00f3w, in\u017cynier\u00f3w ds. ochrony przeciwpo\u017carowej i zarz\u0105dc\u00f3w nieruchomo\u015bci, kt\u00f3rzy potrzebuj\u0105 kompleksowego rozwi\u0105zania dla wy\u017cszych obiekt\u00f3w.<\/p>\n<p data-start=\"1618\" data-end=\"1649\"><strong data-start=\"1618\" data-end=\"1647\">SPECYFIKACJA TECHNICZNA:<\/strong><\/p>\n<ul data-start=\"1650\" data-end=\"1864\">\n<li data-start=\"1650\" data-end=\"1680\">\n<p data-start=\"1652\" data-end=\"1680\">Wysoko\u015b\u0107 testowania: oko\u0142o 9,3 m<\/p>\n<\/li>\n<li data-start=\"1681\" data-end=\"1711\">\n<p data-start=\"1683\" data-end=\"1711\">Typ czujnika: Czujniki dymu<\/p>\n<\/li>\n<li data-start=\"1712\" data-end=\"1736\">\n<p data-start=\"1714\" data-end=\"1736\">Tester dymny: Solo 365<\/p>\n<\/li>\n<li data-start=\"1737\" data-end=\"1773\">\n<p data-start=\"1739\" data-end=\"1773\">W\u0119dki: Solo 108 + 3 \u00d7 Solo 101<\/p>\n<\/li>\n<li data-start=\"1774\" data-end=\"1797\">\n<p data-start=\"1776\" data-end=\"1797\">Downer: Solo 200<\/p>\n<\/li>\n<li data-start=\"1798\" data-end=\"1830\">\n<p data-start=\"1800\" data-end=\"1830\">Wk\u0142ad dymny: ES3 (do\u0142\u0105czony dodatkowo)<\/p>\n<\/li>\n<li data-start=\"1831\" data-end=\"1864\">\n<p data-start=\"1833\" data-end=\"1864\">Przechowywanie: Futera\u0142y Solo 610<\/p>\n<\/li>\n<\/ul>","protected":false},"excerpt":{"rendered":"<p>Zestaw Solo 323 \u2013 Solo 365 to kompletny zestaw do testowania czujnik\u00f3w dymu o wysoko\u015bci do oko\u0142o 9,3 metra.<\/p>\n<p>Zestaw przeznaczony jest do profesjonalnych test\u00f3w na du\u017cych wysoko\u015bciach i zawiera teleskopowe dr\u0105\u017cki, przed\u0142u\u017cki do dr\u0105\u017ck\u00f3w testowych, downriggery, torby transportowe i dodatkowy wk\u0142ad dymny ES3.<\/p>","protected":false},"featured_media":162212,"template":"","meta":{"_acf_changed":false},"product_brand":[],"product_cat":[5072,5073],"product_tag":[],"class_list":{"0":"post-162213","1":"product","2":"type-product","3":"status-publish","4":"has-post-thumbnail","6":"product_cat-solo-365","7":"product_cat-solo-365-kit","8":"tm-no-options","10":"first","11":"instock","12":"taxable","13":"shipping-taxable","14":"purchasable","15":"product-type-simple"},"acf":[],"_links":{"self":[{"href":"https:\/\/secureus.se\/pl\/wp-json\/wp\/v2\/product\/162213","targetHints":{"allow":["GET"]}}],"collection":[{"href":"https:\/\/secureus.se\/pl\/wp-json\/wp\/v2\/product"}],"about":[{"href":"https:\/\/secureus.se\/pl\/wp-json\/wp\/v2\/types\/product"}],"wp:featuredmedia":[{"embeddable":true,"href":"https:\/\/secureus.se\/pl\/wp-json\/wp\/v2\/media\/162212"}],"wp:attachment":[{"href":"https:\/\/secureus.se\/pl\/wp-json\/wp\/v2\/media?parent=162213"}],"wp:term":[{"taxonomy":"product_brand","embeddable":true,"href":"https:\/\/secureus.se\/pl\/wp-json\/wp\/v2\/product_brand?post=162213"},{"taxonomy":"product_cat","embeddable":true,"href":"https:\/\/secureus.se\/pl\/wp-json\/wp\/v2\/product_cat?post=162213"},{"taxonomy":"product_tag","embeddable":true,"href":"https:\/\/secureus.se\/pl\/wp-json\/wp\/v2\/product_tag?post=162213"}],"curies":[{"name":"wp","href":"https:\/\/api.w.org\/{rel}","templated":true}]}}