{"id":162215,"date":"2025-11-21T14:04:53","date_gmt":"2025-11-21T13:04:53","guid":{"rendered":"https:\/\/secureus.se\/solo-301-solo-365-kit-provningshojd-27-m-provning-rok\/"},"modified":"2026-04-08T15:59:51","modified_gmt":"2026-04-08T13:59:51","slug":"solo-301-solo-365-kit-provningshojd-27-m-provning-rok","status":"publish","type":"product","link":"https:\/\/secureus.se\/pl\/solo-301-solo-365-kit-provningshojd-27-m-provning-rok\/","title":{"rendered":"Solo 301 \u2013 zestaw Solo 365, wysoko\u015b\u0107 testowa 2,7 m \u2013 testowanie dymu"},"content":{"rendered":"<h1>Solo 301 \u2013 zestaw Solo 365, wysoko\u015b\u0107 testowa 2,7 m \u2013 testowanie dymu<\/h1>\n<h3 data-start=\"430\" data-end=\"477\">Bezpieczne i \u0142atwe testowanie czujnik\u00f3w dymu<\/h3>\n<p data-start=\"478\" data-end=\"711\">Zestaw Solo 301 \u2013 Solo 365 zosta\u0142 opracowany w celu niezawodnego testowania dzia\u0142ania czujnik\u00f3w dymu w pomieszczeniach o normalnej wysoko\u015bci sufitu.<\/p>\n<p data-start=\"478\" data-end=\"711\">Poniewa\u017c testy mo\u017cna przeprowadza\u0107 z poziomu pod\u0142ogi, nie ma potrzeby stosowania drabin, co upraszcza prac\u0119 i zwi\u0119ksza bezpiecze\u0144stwo.<\/p>\n<h3 data-start=\"713\" data-end=\"739\">Skuteczne testy dymne<\/h3>\n<p data-start=\"740\" data-end=\"948\">Tester czujnik\u00f3w dymu Solo 365 generuje kontrolowany aerozol testowy, kt\u00f3ry w realistyczny spos\u00f3b aktywuje czujnik.<\/p>\n<p data-start=\"740\" data-end=\"948\">Dzi\u0119ki temu mamy pewno\u015b\u0107, \u017ce czujniki dymu b\u0119d\u0105 reagowa\u0107 prawid\u0142owo podczas regularnych przegl\u0105d\u00f3w i konserwacji.<\/p>\n<h3 data-start=\"950\" data-end=\"992\">Elastyczny zasi\u0119g do 2,7 metra<\/h3>\n<p data-start=\"993\" data-end=\"1195\">Dzi\u0119ki przed\u0142u\u017caczowi Solo 101 mo\u017cna bez problemu dosi\u0119gn\u0105\u0107 czujek znajduj\u0105cych si\u0119 na wysoko\u015bci do oko\u0142o 2,7 metra.<\/p>\n<p data-start=\"993\" data-end=\"1195\">Zestaw jest kompaktowy i lekki, dzi\u0119ki czemu mo\u017cna go \u0142atwo u\u017cywa\u0107 w biurach, pokojach hotelowych, szko\u0142ach i innych mniejszych pomieszczeniach.<\/p>\n<p data-start=\"1202\" data-end=\"1233\"><strong data-start=\"1202\" data-end=\"1231\">SPECYFIKACJA TECHNICZNA:<\/strong><\/p>\n<ul data-start=\"1234\" data-end=\"1384\">\n<li data-start=\"1234\" data-end=\"1264\">\n<p data-start=\"1236\" data-end=\"1264\">Wysoko\u015b\u0107 testowania: oko\u0142o 2,7 m<\/p>\n<\/li>\n<li data-start=\"1265\" data-end=\"1295\">\n<p data-start=\"1267\" data-end=\"1295\">Typ czujnika: Czujniki dymu<\/p>\n<\/li>\n<li data-start=\"1296\" data-end=\"1320\">\n<p data-start=\"1298\" data-end=\"1320\">Tester dymny: Solo 365<\/p>\n<\/li>\n<li data-start=\"1321\" data-end=\"1345\">\n<p data-start=\"1323\" data-end=\"1345\">Extender: Solo 101<\/p>\n<\/li>\n<li data-start=\"1346\" data-end=\"1384\">\n<p data-start=\"1348\" data-end=\"1384\">Zastosowanie: Badanie z poziomu pod\u0142ogi<\/p>\n<\/li>\n<\/ul>","protected":false},"excerpt":{"rendered":"<p>Zestaw Solo 301 \u2013 Solo 365 to kompaktowy zestaw testowy do czujnik\u00f3w dymu o wysoko\u015bci do oko\u0142o 2,7 metra.<\/p>\n<p>Zestaw jest \u0142atwy w u\u017cyciu z poziomu pod\u0142ogi i zawiera tester czujnik\u00f3w dymu Solo 365 oraz przed\u0142u\u017ck\u0119 do pr\u0119ta testowego.<\/p>\n<p>Doskonale nadaje si\u0119 do ma\u0142ych i \u015brednich przestrzeni.<\/p>","protected":false},"featured_media":162214,"template":"","meta":{"_acf_changed":false},"product_brand":[],"product_cat":[5072,5073],"product_tag":[],"class_list":{"0":"post-162215","1":"product","2":"type-product","3":"status-publish","4":"has-post-thumbnail","6":"product_cat-solo-365","7":"product_cat-solo-365-kit","8":"tm-no-options","10":"first","11":"instock","12":"taxable","13":"shipping-taxable","14":"purchasable","15":"product-type-simple"},"acf":[],"_links":{"self":[{"href":"https:\/\/secureus.se\/pl\/wp-json\/wp\/v2\/product\/162215","targetHints":{"allow":["GET"]}}],"collection":[{"href":"https:\/\/secureus.se\/pl\/wp-json\/wp\/v2\/product"}],"about":[{"href":"https:\/\/secureus.se\/pl\/wp-json\/wp\/v2\/types\/product"}],"wp:featuredmedia":[{"embeddable":true,"href":"https:\/\/secureus.se\/pl\/wp-json\/wp\/v2\/media\/162214"}],"wp:attachment":[{"href":"https:\/\/secureus.se\/pl\/wp-json\/wp\/v2\/media?parent=162215"}],"wp:term":[{"taxonomy":"product_brand","embeddable":true,"href":"https:\/\/secureus.se\/pl\/wp-json\/wp\/v2\/product_brand?post=162215"},{"taxonomy":"product_cat","embeddable":true,"href":"https:\/\/secureus.se\/pl\/wp-json\/wp\/v2\/product_cat?post=162215"},{"taxonomy":"product_tag","embeddable":true,"href":"https:\/\/secureus.se\/pl\/wp-json\/wp\/v2\/product_tag?post=162215"}],"curies":[{"name":"wp","href":"https:\/\/api.w.org\/{rel}","templated":true}]}}