{"id":162217,"date":"2025-11-21T14:04:53","date_gmt":"2025-11-21T13:04:53","guid":{"rendered":"https:\/\/secureus.se\/solo-305-solo-365-kit-provningshojd-6-m-provning-rok\/"},"modified":"2026-04-08T15:59:56","modified_gmt":"2026-04-08T13:59:56","slug":"solo-305-solo-365-kit-provningshojd-6-m-provning-rok","status":"publish","type":"product","link":"https:\/\/secureus.se\/pl\/solo-305-solo-365-kit-provningshojd-6-m-provning-rok\/","title":{"rendered":"Solo 305 \u2013 zestaw Solo 365, wysoko\u015b\u0107 testowa 6 m \u2013 testowanie dymu"},"content":{"rendered":"<h1>Solo 305 \u2013 zestaw Solo 365, wysoko\u015b\u0107 testowa 6 m \u2013 testowanie dymu<\/h1>\n<h3 data-start=\"429\" data-end=\"479\">Bezpieczne i efektywne testowanie czujnik\u00f3w dymu<\/h3>\n<p data-start=\"480\" data-end=\"732\">Zestaw Solo 305 \u2013 Solo 365 zosta\u0142 opracowany w celu niezawodnego testowania dzia\u0142ania czujnik\u00f3w dymu w budynkach o \u015bredniej wysoko\u015bci sufitu.<\/p>\n<p data-start=\"480\" data-end=\"732\">Przeprowadzanie test\u00f3w z poziomu pod\u0142ogi zmniejsza potrzeb\u0119 stosowania drabin i podno\u015bnik\u00f3w, co poprawia bezpiecze\u0144stwo podczas serwisowania i konserwacji.<\/p>\n<h3 data-start=\"734\" data-end=\"762\">Realistyczne testy dymne<\/h3>\n<p data-start=\"763\" data-end=\"980\">Tester czujnik\u00f3w dymu Solo 365 generuje kontrolowany aerozol testowy, kt\u00f3ry w realistyczny spos\u00f3b aktywuje czujniki.<\/p>\n<p data-start=\"763\" data-end=\"980\">Dzi\u0119ki temu mamy pewno\u015b\u0107, \u017ce czujniki dymu b\u0119d\u0105 reagowa\u0107 prawid\u0142owo podczas regularnych test\u00f3w i kontroli.<\/p>\n<h3 data-start=\"982\" data-end=\"1013\">Zasi\u0119g do 6 metr\u00f3w<\/h3>\n<p data-start=\"1014\" data-end=\"1229\">Przed\u0142u\u017cacz Solo 100 umo\u017cliwia testowanie czujnik\u00f3w dymu na wysoko\u015bci do oko\u0142o 6 metr\u00f3w.<\/p>\n<p data-start=\"1014\" data-end=\"1229\">Zestaw jest lekki i \u0142atwy w obs\u0142udze, dzi\u0119ki czemu doskonale nadaje si\u0119 do stosowania w biurach, szko\u0142ach, magazynach i innych budynkach u\u017cyteczno\u015bci publicznej.<\/p>\n<p data-start=\"1236\" data-end=\"1267\"><strong data-start=\"1236\" data-end=\"1265\">SPECYFIKACJA TECHNICZNA:<\/strong><\/p>\n<ul data-start=\"1268\" data-end=\"1416\">\n<li data-start=\"1268\" data-end=\"1296\">\n<p data-start=\"1270\" data-end=\"1296\">Wysoko\u015b\u0107 testowania: oko\u0142o 6 m<\/p>\n<\/li>\n<li data-start=\"1297\" data-end=\"1327\">\n<p data-start=\"1299\" data-end=\"1327\">Typ czujnika: Czujniki dymu<\/p>\n<\/li>\n<li data-start=\"1328\" data-end=\"1352\">\n<p data-start=\"1330\" data-end=\"1352\">Tester dymny: Solo 365<\/p>\n<\/li>\n<li data-start=\"1353\" data-end=\"1377\">\n<p data-start=\"1355\" data-end=\"1377\">Przed\u0142u\u017cacz: Solo 100<\/p>\n<\/li>\n<\/ul>","protected":false},"excerpt":{"rendered":"<p>Zestaw Solo 305 \u2013 Solo 365 to zestaw testowy do czujnik\u00f3w dymu o wysoko\u015bci do oko\u0142o 6 metr\u00f3w.<\/p>\n<p>Zestaw przeznaczony jest do u\u017cytku na poziomie pod\u0142ogi i zawiera tester czujnik\u00f3w dymu Solo 365 oraz przed\u0142u\u017cacz Solo 100.<\/p>\n<p>Doskonale nadaje si\u0119 do serwisowania czujnik\u00f3w dymu w pomieszczeniach o \u015bredniej wysoko\u015bci.<\/p>","protected":false},"featured_media":162216,"template":"","meta":{"_acf_changed":false},"product_brand":[],"product_cat":[5072,5073],"product_tag":[],"class_list":{"0":"post-162217","1":"product","2":"type-product","3":"status-publish","4":"has-post-thumbnail","6":"product_cat-solo-365","7":"product_cat-solo-365-kit","8":"tm-no-options","10":"first","11":"instock","12":"taxable","13":"shipping-taxable","14":"purchasable","15":"product-type-simple"},"acf":[],"_links":{"self":[{"href":"https:\/\/secureus.se\/pl\/wp-json\/wp\/v2\/product\/162217","targetHints":{"allow":["GET"]}}],"collection":[{"href":"https:\/\/secureus.se\/pl\/wp-json\/wp\/v2\/product"}],"about":[{"href":"https:\/\/secureus.se\/pl\/wp-json\/wp\/v2\/types\/product"}],"wp:featuredmedia":[{"embeddable":true,"href":"https:\/\/secureus.se\/pl\/wp-json\/wp\/v2\/media\/162216"}],"wp:attachment":[{"href":"https:\/\/secureus.se\/pl\/wp-json\/wp\/v2\/media?parent=162217"}],"wp:term":[{"taxonomy":"product_brand","embeddable":true,"href":"https:\/\/secureus.se\/pl\/wp-json\/wp\/v2\/product_brand?post=162217"},{"taxonomy":"product_cat","embeddable":true,"href":"https:\/\/secureus.se\/pl\/wp-json\/wp\/v2\/product_cat?post=162217"},{"taxonomy":"product_tag","embeddable":true,"href":"https:\/\/secureus.se\/pl\/wp-json\/wp\/v2\/product_tag?post=162217"}],"curies":[{"name":"wp","href":"https:\/\/api.w.org\/{rel}","templated":true}]}}