{"id":162219,"date":"2025-11-21T14:03:13","date_gmt":"2025-11-21T13:03:13","guid":{"rendered":"https:\/\/secureus.se\/solo-304-solo-365-kit-provningshojd-4-m-provning-rok-extra-es3\/"},"modified":"2026-04-08T15:59:58","modified_gmt":"2026-04-08T13:59:58","slug":"solo-304-solo-365-kit-provningshojd-4-m-provning-rok-extra-es3","status":"publish","type":"product","link":"https:\/\/secureus.se\/pl\/solo-304-solo-365-kit-provningshojd-4-m-provning-rok-extra-es3\/","title":{"rendered":"Solo 304 \u2013 zestaw Solo 365, wysoko\u015b\u0107 testowa 4 m \u2013 test dymny \u2013 Extra ES3"},"content":{"rendered":"<h1>Solo 304 \u2013 zestaw Solo 365, wysoko\u015b\u0107 testowa 4 m \u2013 test dymny \u2013 Extra ES3<\/h1>\n<h3 data-start=\"448\" data-end=\"498\">Bezpieczne i niezawodne testowanie czujnik\u00f3w dymu<\/h3>\n<p data-start=\"499\" data-end=\"737\">Zestaw Solo 304 \u2013 Solo 365 zosta\u0142 opracowany w celu zapewnienia prawid\u0142owego dzia\u0142ania czujnik\u00f3w dymu w budynkach o \u015bredniej wysoko\u015bci sufitu.<\/p>\n<p data-start=\"499\" data-end=\"737\">Przeprowadzanie test\u00f3w z poziomu pod\u0142ogi zmniejsza potrzeb\u0119 stosowania drabin i podno\u015bnik\u00f3w, co zwi\u0119ksza bezpiecze\u0144stwo podczas serwisowania i konserwacji.<\/p>\n<h3 data-start=\"739\" data-end=\"781\">Realistyczne testy dymne z dodatkowym ES3<\/h3>\n<p data-start=\"782\" data-end=\"1046\">Tester czujnik\u00f3w dymu Solo 365 w po\u0142\u0105czeniu z wk\u0142adem dymnym ES3 generuje kontrolowany aerozol testowy, kt\u00f3ry w realistyczny spos\u00f3b aktywuje czujniki dymu.<\/p>\n<p data-start=\"782\" data-end=\"1046\">Dodatkowy wk\u0142ad dymny wyd\u0142u\u017ca czas pracy i zmniejsza potrzeb\u0119 wymiany wk\u0142ad\u00f3w podczas d\u0142u\u017cszych sesji testowych.<\/p>\n<h3 data-start=\"1048\" data-end=\"1079\">Zasi\u0119g do 4 metr\u00f3w<\/h3>\n<p data-start=\"1080\" data-end=\"1288\">Przed\u0142u\u017cacz Solo 108 umo\u017cliwia testowanie czujnik\u00f3w dymu na wysoko\u015bci do oko\u0142o 4 metr\u00f3w.<\/p>\n<p data-start=\"1080\" data-end=\"1288\">Zestaw jest lekki i \u0142atwy w obs\u0142udze, dzi\u0119ki czemu idealnie nadaje si\u0119 do biur, szk\u00f3\u0142, hoteli i innych miejsc publicznych.<\/p>\n<p data-start=\"1295\" data-end=\"1326\"><strong data-start=\"1295\" data-end=\"1324\">SPECYFIKACJA TECHNICZNA:<\/strong><\/p>\n<ul data-start=\"1327\" data-end=\"1508\">\n<li data-start=\"1327\" data-end=\"1355\">\n<p data-start=\"1329\" data-end=\"1355\">Wysoko\u015b\u0107 testowania: oko\u0142o 4 m<\/p>\n<\/li>\n<li data-start=\"1356\" data-end=\"1386\">\n<p data-start=\"1358\" data-end=\"1386\">Typ czujnika: Czujniki dymu<\/p>\n<\/li>\n<li data-start=\"1387\" data-end=\"1411\">\n<p data-start=\"1389\" data-end=\"1411\">Tester dymny: Solo 365<\/p>\n<\/li>\n<li data-start=\"1412\" data-end=\"1436\">\n<p data-start=\"1414\" data-end=\"1436\">Przed\u0142u\u017cacz: Solo 108<\/p>\n<\/li>\n<li data-start=\"1437\" data-end=\"1469\">\n<p data-start=\"1439\" data-end=\"1469\">Wk\u0142ad dymny: ES3 (do\u0142\u0105czony dodatkowo)<\/p>\n<\/li>\n<li data-start=\"1470\" data-end=\"1508\">\n<p data-start=\"1472\" data-end=\"1508\">Zastosowanie: Badanie z poziomu pod\u0142ogi<\/p>\n<\/li>\n<\/ul>","protected":false},"excerpt":{"rendered":"<p>Zestaw Solo 304 \u2013 Solo 365 to zestaw testowy do czujnik\u00f3w dymu o wysoko\u015bci do oko\u0142o 4 metr\u00f3w.<\/p>\n<p>Zestaw zawiera tester czujnik\u00f3w dymu Solo 365, przed\u0142u\u017cacz Solo 108 i dodatkowy wk\u0142ad dymny ES3, dzi\u0119ki czemu mo\u017cna \u0142atwo i bezpiecznie testowa\u0107 czujniki dymu z poziomu pod\u0142ogi.<\/p>","protected":false},"featured_media":162218,"template":"","meta":{"_acf_changed":false},"product_brand":[],"product_cat":[5072,5073],"product_tag":[],"class_list":{"0":"post-162219","1":"product","2":"type-product","3":"status-publish","4":"has-post-thumbnail","6":"product_cat-solo-365","7":"product_cat-solo-365-kit","8":"tm-no-options","10":"first","11":"instock","12":"taxable","13":"shipping-taxable","14":"purchasable","15":"product-type-simple"},"acf":[],"_links":{"self":[{"href":"https:\/\/secureus.se\/pl\/wp-json\/wp\/v2\/product\/162219","targetHints":{"allow":["GET"]}}],"collection":[{"href":"https:\/\/secureus.se\/pl\/wp-json\/wp\/v2\/product"}],"about":[{"href":"https:\/\/secureus.se\/pl\/wp-json\/wp\/v2\/types\/product"}],"wp:featuredmedia":[{"embeddable":true,"href":"https:\/\/secureus.se\/pl\/wp-json\/wp\/v2\/media\/162218"}],"wp:attachment":[{"href":"https:\/\/secureus.se\/pl\/wp-json\/wp\/v2\/media?parent=162219"}],"wp:term":[{"taxonomy":"product_brand","embeddable":true,"href":"https:\/\/secureus.se\/pl\/wp-json\/wp\/v2\/product_brand?post=162219"},{"taxonomy":"product_cat","embeddable":true,"href":"https:\/\/secureus.se\/pl\/wp-json\/wp\/v2\/product_cat?post=162219"},{"taxonomy":"product_tag","embeddable":true,"href":"https:\/\/secureus.se\/pl\/wp-json\/wp\/v2\/product_tag?post=162219"}],"curies":[{"name":"wp","href":"https:\/\/api.w.org\/{rel}","templated":true}]}}