{"id":162222,"date":"2025-11-21T12:45:42","date_gmt":"2025-11-21T11:45:42","guid":{"rendered":"https:\/\/secureus.se\/testifire-cha-laddningsvagga-till-xtr2\/"},"modified":"2026-03-26T12:24:49","modified_gmt":"2026-03-26T11:24:49","slug":"testifire-cha-laddningsvagga-till-xtr2","status":"publish","type":"product","link":"https:\/\/secureus.se\/pl\/testifire-cha-laddningsvagga-till-xtr2\/","title":{"rendered":"Stacja \u0142aduj\u0105ca Testifire-CHA do XTR2"},"content":{"rendered":"<h1>Stacja \u0142aduj\u0105ca Testifire-CHA do XTR2<\/h1>\n<h3 data-start=\"342\" data-end=\"381\">Stacja \u0142aduj\u0105ca do Testifire XTR2<\/h3>\n<p data-start=\"382\" data-end=\"594\">Stacja \u0142aduj\u0105ca Testifire-CHA gwarantuje, \u017ce generator dymu w urz\u0105dzeniu Testifire XTR2 b\u0119dzie zawsze na\u0142adowany i gotowy do test\u00f3w.<\/p>\n<p data-start=\"382\" data-end=\"594\">Konstrukcja uchwytu pozwala na \u0142atwe uruchomienie testera w trybie \u0142adowania bez konieczno\u015bci wykonywania skomplikowanych po\u0142\u0105cze\u0144.<\/p>\n<h3 data-start=\"596\" data-end=\"630\">\u0141atwa i szybka instalacja<\/h3>\n<p data-start=\"631\" data-end=\"817\">Instalacja jest tak prosta, jak wymiana wk\u0142adu dymnego lub baterii.<\/p>\n<p data-start=\"631\" data-end=\"817\">Testifire-CHA \u0142\u0105czy si\u0119 bezpo\u015brednio z urz\u0105dzeniem Testifire XTR2, zapewniaj\u0105c bezpieczne i wydajne \u0142adowanie akumulatora w generatorze dymu.<\/p>\n<h3 data-start=\"819\" data-end=\"856\">Idealny do u\u017cytku profesjonalnego<\/h3>\n<p data-start=\"857\" data-end=\"1056\">Stacja \u0142aduj\u0105ca jest idealna dla instalator\u00f3w i personelu serwisowego, kt\u00f3rzy regularnie wykonuj\u0105 testy dymowe.<\/p>\n<p data-start=\"857\" data-end=\"1056\">Szczeg\u00f3lnie przydatny do codziennego u\u017cytku w biurach, magazynach, szko\u0142ach i budynkach u\u017cyteczno\u015bci publicznej.<\/p>\n<p data-start=\"1063\" data-end=\"1094\"><strong data-start=\"1063\" data-end=\"1092\">SPECYFIKACJA TECHNICZNA:<\/strong><\/p>\n<ul data-start=\"1095\" data-end=\"1268\">\n<li data-start=\"1095\" data-end=\"1120\">\n<p data-start=\"1097\" data-end=\"1120\">Model: Testifire-CHA<\/p>\n<\/li>\n<li data-start=\"1121\" data-end=\"1162\">\n<p data-start=\"1123\" data-end=\"1162\">Zastosowanie: tester dymu Testifire XTR2<\/p>\n<\/li>\n<li data-start=\"1163\" data-end=\"1208\">\n<p data-start=\"1165\" data-end=\"1208\">Funkcja: \u0141adowanie akumulatora generatora dymu<\/p>\n<\/li>\n<li data-start=\"1163\" data-end=\"1208\">\u0141atwa instalacja: Mo\u017cliwo\u015b\u0107 wymiany wk\u0142adu dymnego lub baterii<\/li>\n<\/ul>","protected":false},"excerpt":{"rendered":"<p>Testifire-CHA to stacja \u0142aduj\u0105ca do Testifire XTR2, kt\u00f3ra u\u0142atwia \u0142adowanie generatora dymu.<\/p>\n<p>Zestaw zast\u0119puje zasilanie bateryjne i sprawia, \u017ce testy s\u0105 p\u0142ynne i niezawodne.<\/p>","protected":false},"featured_media":162220,"template":"","meta":{"_acf_changed":false},"product_brand":[],"product_cat":[2946,4757],"product_tag":[],"class_list":{"0":"post-162222","1":"product","2":"type-product","3":"status-publish","4":"has-post-thumbnail","6":"product_cat-testifire","7":"product_cat-xtr2","8":"tm-no-options","10":"first","11":"instock","12":"taxable","13":"shipping-taxable","14":"purchasable","15":"product-type-simple"},"acf":[],"_links":{"self":[{"href":"https:\/\/secureus.se\/pl\/wp-json\/wp\/v2\/product\/162222","targetHints":{"allow":["GET"]}}],"collection":[{"href":"https:\/\/secureus.se\/pl\/wp-json\/wp\/v2\/product"}],"about":[{"href":"https:\/\/secureus.se\/pl\/wp-json\/wp\/v2\/types\/product"}],"wp:featuredmedia":[{"embeddable":true,"href":"https:\/\/secureus.se\/pl\/wp-json\/wp\/v2\/media\/162220"}],"wp:attachment":[{"href":"https:\/\/secureus.se\/pl\/wp-json\/wp\/v2\/media?parent=162222"}],"wp:term":[{"taxonomy":"product_brand","embeddable":true,"href":"https:\/\/secureus.se\/pl\/wp-json\/wp\/v2\/product_brand?post=162222"},{"taxonomy":"product_cat","embeddable":true,"href":"https:\/\/secureus.se\/pl\/wp-json\/wp\/v2\/product_cat?post=162222"},{"taxonomy":"product_tag","embeddable":true,"href":"https:\/\/secureus.se\/pl\/wp-json\/wp\/v2\/product_tag?post=162222"}],"curies":[{"name":"wp","href":"https:\/\/api.w.org\/{rel}","templated":true}]}}