{"id":162227,"date":"2025-11-21T12:45:37","date_gmt":"2025-11-21T11:45:37","guid":{"rendered":"https:\/\/secureus.se\/flerkriterie-detektorprovare-testifire-xtr2-rok-varme\/"},"modified":"2026-04-08T16:00:22","modified_gmt":"2026-04-08T14:00:22","slug":"flerkriterie-detektorprovare-testifire-xtr2-rok-varme","status":"publish","type":"product","link":"https:\/\/secureus.se\/pl\/flerkriterie-detektorprovare-testifire-xtr2-rok-varme\/","title":{"rendered":"Zestaw startowy testera czujek wielokryterialnych Testifire-XTR2 (dym\/ciep\u0142o)"},"content":{"rendered":"<h1>Wielokryterialny tester czujek Testifire-XTR2 (dym\/ciep\u0142o)<\/h1>\n<h3 data-start=\"335\" data-end=\"381\">Narz\u0119dzia testowe do prawid\u0142owego testowania detektor\u00f3w<\/h3>\n<p data-start=\"382\" data-end=\"654\">Testifire-XTR2 to wielokryterialny tester czujek przeznaczony do test\u00f3w funkcjonalnych czujek dymu i ciep\u0142a w systemach sygnalizacji po\u017caru.<\/p>\n<p data-start=\"382\" data-end=\"654\">Jest przeznaczony do profesjonalnego u\u017cytku podczas instalacji, serwisowania i regularnej konserwacji w celu zapewnienia prawid\u0142owego dzia\u0142ania czujnik\u00f3w.<\/p>\n<h3 data-start=\"656\" data-end=\"695\">Wszystko, czego potrzebujesz do testowania na miejscu<\/h3>\n<p data-start=\"696\" data-end=\"925\">Narz\u0119dzie jest dostarczane w komplecie z akumulatorem, \u0142adowark\u0105 i wk\u0142adem dymowym (TES3) do realistycznego testowania czujnik\u00f3w dymu.<\/p>\n<p data-start=\"696\" data-end=\"925\">Testy mo\u017cna przeprowadzi\u0107 szybko i sprawnie, bez wywo\u0142ywania prawdziwego po\u017caru lub nara\u017cania sprz\u0119tu.<\/p>\n<h3 data-start=\"927\" data-end=\"971\">Raportowanie i dokumentacja w czasie rzeczywistym<\/h3>\n<p data-start=\"972\" data-end=\"1177\">Testifire-XTR2 obs\u0142uguje aplikacj\u0119 i portal w chmurze, gdzie wyniki test\u00f3w s\u0105 automatycznie rejestrowane i mog\u0105 by\u0107 zapisywane w celu dokumentacji i audytu.<\/p>\n<p data-start=\"972\" data-end=\"1177\">U\u0142atwia to zachowanie zgodno\u015bci i samokontrol\u0119 z wymogami bezpiecze\u0144stwa po\u017carowego.<\/p>\n<h3 data-start=\"1179\" data-end=\"1212\">Zalety Testifire-XTR2<\/h3>\n<ul data-start=\"1213\" data-end=\"1496\">\n<li data-start=\"1213\" data-end=\"1272\">\n<p data-start=\"1215\" data-end=\"1272\">Testy wielokryterialne dla czujek dymu i ciep\u0142a<\/p>\n<\/li>\n<li data-start=\"1273\" data-end=\"1329\">\n<p data-start=\"1275\" data-end=\"1329\">Do\u0142\u0105czona bateria i \u0142adowarka do u\u017cytku mobilnego<\/p>\n<\/li>\n<li data-start=\"1330\" data-end=\"1386\">\n<p data-start=\"1332\" data-end=\"1386\">Zawiera wk\u0142ad dymny TES3 do realistycznych test\u00f3w dymu<\/p>\n<\/li>\n<li data-start=\"1387\" data-end=\"1447\">\n<p data-start=\"1389\" data-end=\"1447\">Automatyczne rejestrowanie i generowanie raport\u00f3w za po\u015brednictwem aplikacji\/portalu<\/p>\n<\/li>\n<li data-start=\"1448\" data-end=\"1496\">\n<p data-start=\"1450\" data-end=\"1496\">Przejrzysta dokumentacja dotycz\u0105ca obs\u0142ugi i nadzoru<\/p>\n<\/li>\n<\/ul>\n<p data-start=\"1498\" data-end=\"1525\">SPECYFIKACJA TECHNICZNA:<\/p>\n<ul data-start=\"1526\" data-end=\"1886\">\n<li data-start=\"1526\" data-end=\"1568\">\n<p data-start=\"1528\" data-end=\"1568\">Produkt: Wielokryterialny tester detektor\u00f3w<\/p>\n<\/li>\n<li data-start=\"1569\" data-end=\"1595\">\n<p data-start=\"1571\" data-end=\"1595\">Model: Testifire-XTR2<\/p>\n<\/li>\n<li data-start=\"1596\" data-end=\"1642\">\n<p data-start=\"1598\" data-end=\"1642\">Funkcje: Testowanie czujnik\u00f3w dymu i ciep\u0142a<\/p>\n<\/li>\n<li data-start=\"1643\" data-end=\"1694\">\n<p data-start=\"1645\" data-end=\"1694\">W zestawie: akumulator, \u0142adowarka, kartrid\u017c dymny TES3<\/p>\n<\/li>\n<li data-start=\"1695\" data-end=\"1773\">\n<p data-start=\"1697\" data-end=\"1773\">Kompatybilno\u015b\u0107: optyczne i jonizuj\u0105ce czujki dymu oraz czujki ciep\u0142a<\/p>\n<\/li>\n<li data-start=\"1774\" data-end=\"1839\">\n<p data-start=\"1776\" data-end=\"1839\">Dokumentacja: Automatyczne raportowanie za po\u015brednictwem aplikacji i portalu w chmurze<\/p>\n<\/li>\n<li data-start=\"1840\" data-end=\"1886\">\n<p data-start=\"1842\" data-end=\"1886\">Zasilanie: Akumulator<\/p>\n<\/li>\n<\/ul>\n<ul class=\"mainfeatureslist\">\n<li>Dzia\u0142a z aplikacj\u0105 DT Connect<\/li>\n<li>Zawiera 6-miesi\u0119czny okres pr\u00f3bny DT Connect<\/li>\n<li>Automatyczne generowanie raport\u00f3w testowych<\/li>\n<\/ul>\n<p><strong>Zawiera<\/strong>:<\/p>\n<p>1 x Testifire-XTR2-HEAD-001<br \/>\n1 x akumulator litowo-jonowy Testifire-BP-001<br \/>\n1 x Generator dymu Testifire-GEN-001<br \/>\n1 x zestaw \u0142aduj\u0105cy Testifire-CHAK-001<br \/>\n1 x wk\u0142ad dymny TES3<\/p>","protected":false},"excerpt":{"rendered":"<p>Wielokryterialny tester czujek Testifire-XTR2 jest zaawansowanym narz\u0119dziem do testowania funkcjonalnego czujek dymu i ciep\u0142a.<\/p>\n<p>Urz\u0105dzenie jest dostarczane z akumulatorem, \u0142adowark\u0105 i wk\u0142adem dymnym TES3 oraz u\u0142atwia testowanie i dokumentowanie wynik\u00f3w.<\/p>\n<p>Odpowiedni dla instalator\u00f3w, personelu serwisowego i w\u0142a\u015bcicieli nieruchomo\u015bci.<\/p>","protected":false},"featured_media":162226,"template":"","meta":{"_acf_changed":false},"product_brand":[],"product_cat":[2946,4757],"product_tag":[],"class_list":{"0":"post-162227","1":"product","2":"type-product","3":"status-publish","4":"has-post-thumbnail","6":"product_cat-testifire","7":"product_cat-xtr2","8":"tm-no-options","10":"first","11":"instock","12":"taxable","13":"shipping-taxable","14":"purchasable","15":"product-type-simple"},"acf":[],"_links":{"self":[{"href":"https:\/\/secureus.se\/pl\/wp-json\/wp\/v2\/product\/162227","targetHints":{"allow":["GET"]}}],"collection":[{"href":"https:\/\/secureus.se\/pl\/wp-json\/wp\/v2\/product"}],"about":[{"href":"https:\/\/secureus.se\/pl\/wp-json\/wp\/v2\/types\/product"}],"wp:featuredmedia":[{"embeddable":true,"href":"https:\/\/secureus.se\/pl\/wp-json\/wp\/v2\/media\/162226"}],"wp:attachment":[{"href":"https:\/\/secureus.se\/pl\/wp-json\/wp\/v2\/media?parent=162227"}],"wp:term":[{"taxonomy":"product_brand","embeddable":true,"href":"https:\/\/secureus.se\/pl\/wp-json\/wp\/v2\/product_brand?post=162227"},{"taxonomy":"product_cat","embeddable":true,"href":"https:\/\/secureus.se\/pl\/wp-json\/wp\/v2\/product_cat?post=162227"},{"taxonomy":"product_tag","embeddable":true,"href":"https:\/\/secureus.se\/pl\/wp-json\/wp\/v2\/product_tag?post=162227"}],"curies":[{"name":"wp","href":"https:\/\/api.w.org\/{rel}","templated":true}]}}