{"id":162229,"date":"2025-11-21T12:34:02","date_gmt":"2025-11-21T11:34:02","guid":{"rendered":"https:\/\/secureus.se\/ir-fjarrkontroll-testifire-25-till-testifire-1001-2001\/"},"modified":"2026-03-26T12:25:26","modified_gmt":"2026-03-26T11:25:26","slug":"ir-fjarrkontroll-testifire-25-till-testifire-1001-2001","status":"publish","type":"product","link":"https:\/\/secureus.se\/pl\/ir-fjarrkontroll-testifire-25-till-testifire-1001-2001\/","title":{"rendered":"Pilot na podczerwie\u0144 Testifire 25 do Testifire 1001\/2001"},"content":{"rendered":"<h1>Pilot na podczerwie\u0144 Testifire 25 do Testifire 1001\/2001<\/h1>\n<h3 data-start=\"291\" data-end=\"340\">Por\u0119czny pilot zdalnego sterowania dla serii Testifire<\/h3>\n<p data-start=\"341\" data-end=\"650\">Pilot zdalnego sterowania Testifire 25 IR jest akcesorium zaprojektowanym w celu u\u0142atwienia test\u00f3w funkcjonalnych z testerami Testifire (takimi jak Testifire 1001 i 2001).<\/p>\n<p data-start=\"341\" data-end=\"650\">Gdy czujka znajduje si\u0119 w kopule, w kt\u00f3rej tester nie mo\u017ce uszkodzi\u0107 fotokom\u00f3rki bezpo\u015brednio za pomoc\u0105 obiektywu, ten pilot zdalnego sterowania umo\u017cliwia kontrolowanie testu na odleg\u0142o\u015b\u0107.<\/p>\n<h3 data-start=\"652\" data-end=\"689\">\u0141atwe sterowanie przy trudnym dost\u0119pie<\/h3>\n<p data-start=\"690\" data-end=\"991\">Niekt\u00f3re instalacje maj\u0105 detektory zamontowane w kopu\u0142ach lub na du\u017cych wysoko\u015bciach, gdzie optyczne blokowanie celownika przyrz\u0105du do pobierania pr\u00f3bek nie dzia\u0142a skutecznie.<\/p>\n<p data-start=\"690\" data-end=\"991\">Testifire 25 pozwala na u\u017cycie sygna\u0142u IR do aktywacji lub dezaktywacji testera bez konieczno\u015bci fizycznej linii wzroku, oszcz\u0119dzaj\u0105c czas i upraszczaj\u0105c zadanie.<\/p>\n<h3 data-start=\"993\" data-end=\"1024\">Zalety Testifire 25<\/h3>\n<ul data-start=\"1025\" data-end=\"1255\">\n<li data-start=\"1025\" data-end=\"1084\">\n<p data-start=\"1027\" data-end=\"1084\">\u0141atwy w u\u017cyciu pilot na podczerwie\u0144 do tester\u00f3w Testifire<\/p>\n<\/li>\n<li data-start=\"1085\" data-end=\"1137\">\n<p data-start=\"1087\" data-end=\"1137\">Aktywuje\/dezaktywuje testowanie w przypadku ograniczonej widoczno\u015bci<\/p>\n<\/li>\n<li data-start=\"1138\" data-end=\"1202\">\n<p data-start=\"1140\" data-end=\"1202\">Zwi\u0119ksza wydajno\u015b\u0107 podczas testowania trudno dost\u0119pnych czujnik\u00f3w<\/p>\n<\/li>\n<li data-start=\"1203\" data-end=\"1255\">\n<p data-start=\"1205\" data-end=\"1255\">Kompatybilny z Testifire 1001 i Testifire 2001<\/p>\n<\/li>\n<\/ul>\n<p data-start=\"1257\" data-end=\"1284\">SPECYFIKACJA TECHNICZNA:<\/p>\n<ul data-start=\"1285\" data-end=\"1508\">\n<li data-start=\"1285\" data-end=\"1314\">\n<p data-start=\"1287\" data-end=\"1314\">Produkt: Pilot na podczerwie\u0144<\/p>\n<\/li>\n<li data-start=\"1315\" data-end=\"1339\">\n<p data-start=\"1317\" data-end=\"1339\">Model: Testifire 25<\/p>\n<\/li>\n<li data-start=\"1340\" data-end=\"1397\">\n<p data-start=\"1342\" data-end=\"1397\">Funkcja: W\u0142\u0105czanie\/wy\u0142\u0105czanie testera Testifire za pomoc\u0105 podczerwieni<\/p>\n<\/li>\n<li data-start=\"1398\" data-end=\"1448\">\n<p data-start=\"1400\" data-end=\"1448\">Kompatybilno\u015b\u0107: Testifire 1001, Testifire 2001<\/p>\n<\/li>\n<li data-start=\"1449\" data-end=\"1508\">\n<p data-start=\"1451\" data-end=\"1508\">Zastosowanie: Do testowania, gdy bezpo\u015brednie widzenie nie jest mo\u017cliwe<\/p>\n<\/li>\n<\/ul>","protected":false},"excerpt":{"rendered":"<p>Pilot zdalnego sterowania Testifire 25 IR to prosty pilot do w\u0142\u0105czania i wy\u0142\u0105czania tester\u00f3w Testifire, gdy fotokom\u00f3rka jest trudno dost\u0119pna.<\/p>\n<p>Upraszcza testowanie czujek tam, gdzie nie jest mo\u017cliwe bezpo\u015brednie widzenie. Odpowiedni dla instalator\u00f3w i personelu serwisowego.<\/p>","protected":false},"featured_media":162228,"template":"","meta":{"_acf_changed":false},"product_brand":[],"product_cat":[2946],"product_tag":[],"class_list":{"0":"post-162229","1":"product","2":"type-product","3":"status-publish","4":"has-post-thumbnail","6":"product_cat-testifire","7":"tm-no-options","9":"first","10":"instock","11":"taxable","12":"shipping-taxable","13":"purchasable","14":"product-type-simple"},"acf":[],"_links":{"self":[{"href":"https:\/\/secureus.se\/pl\/wp-json\/wp\/v2\/product\/162229","targetHints":{"allow":["GET"]}}],"collection":[{"href":"https:\/\/secureus.se\/pl\/wp-json\/wp\/v2\/product"}],"about":[{"href":"https:\/\/secureus.se\/pl\/wp-json\/wp\/v2\/types\/product"}],"wp:featuredmedia":[{"embeddable":true,"href":"https:\/\/secureus.se\/pl\/wp-json\/wp\/v2\/media\/162228"}],"wp:attachment":[{"href":"https:\/\/secureus.se\/pl\/wp-json\/wp\/v2\/media?parent=162229"}],"wp:term":[{"taxonomy":"product_brand","embeddable":true,"href":"https:\/\/secureus.se\/pl\/wp-json\/wp\/v2\/product_brand?post=162229"},{"taxonomy":"product_cat","embeddable":true,"href":"https:\/\/secureus.se\/pl\/wp-json\/wp\/v2\/product_cat?post=162229"},{"taxonomy":"product_tag","embeddable":true,"href":"https:\/\/secureus.se\/pl\/wp-json\/wp\/v2\/product_tag?post=162229"}],"curies":[{"name":"wp","href":"https:\/\/api.w.org\/{rel}","templated":true}]}}