{"id":162235,"date":"2025-11-21T12:27:45","date_gmt":"2025-11-21T11:27:45","guid":{"rendered":"https:\/\/secureus.se\/es3-rokkassett-for-solo-365-provare-for-rokdetektorer\/"},"modified":"2026-04-23T12:58:12","modified_gmt":"2026-04-23T10:58:12","slug":"es3-rokkassett-for-solo-365-provare-for-rokdetektorer","status":"publish","type":"product","link":"https:\/\/secureus.se\/pl\/es3-rokkassett-for-solo-365-provare-for-rokdetektorer\/","title":{"rendered":"Kaseta dymowa ES3 do testera czujnik\u00f3w dymu Solo 365"},"content":{"rendered":"<h1>Kaseta dymowa ES3 do testera czujnik\u00f3w dymu Solo 365<\/h1>\n<h3 data-start=\"296\" data-end=\"336\">Testowanie czujnik\u00f3w dymu za pomoc\u0105 Solo 365<\/h3>\n<p data-start=\"337\" data-end=\"611\">Kaseta dymna ES3 przeznaczona jest do stosowania w urz\u0105dzeniu Solo 365 \u2013 testerze czujnik\u00f3w dymu s\u0142u\u017c\u0105cym do sprawdzania funkcjonalno\u015bci czujnik\u00f3w po\u017carowych.<\/p>\n<p data-start=\"337\" data-end=\"611\">Generuj\u0105c okre\u015blony dym testowy, mo\u017cna sprawdzi\u0107, czy czujniki dymu reaguj\u0105 prawid\u0142owo, co jest istotne w celu utrzymania bezpiecze\u0144stwa po\u017carowego w budynkach.<\/p>\n<h3 data-start=\"613\" data-end=\"655\">Kontrolowana i bezpieczna produkcja dymu<\/h3>\n<p data-start=\"656\" data-end=\"926\">W przypadku zastosowania w Solo 365 wk\u0142ad ES3 emituje kontrolowany dym, kt\u00f3ry skutecznie aktywuje czujniki dymu, nie powoduj\u0105c po\u017caru ani nie stwarzaj\u0105c niebezpiecznych warunk\u00f3w.<\/p>\n<p data-start=\"656\" data-end=\"926\">Dym znika po zako\u0144czeniu testu i nie pozostawia szkodliwych pozosta\u0142o\u015bci w detektorze, co zmniejsza konieczno\u015b\u0107 wykonywania czynno\u015bci po te\u015bcie.<\/p>\n<h3 data-start=\"928\" data-end=\"958\">P\u0142ynne testowanie na miejscu<\/h3>\n<p data-start=\"959\" data-end=\"1211\">Dzi\u0119ki tej kasecie dymowej mo\u017cliwe jest szybkie i bezpieczne przeprowadzanie test\u00f3w funkcjonalnych, zar\u00f3wno podczas instalacji, serwisowania, jak i okresowych przegl\u0105d\u00f3w technicznych.<\/p>\n<p data-start=\"959\" data-end=\"1211\">Dzi\u0119ki Solo 365 i kasecie ES3 otrzymujesz ekonomiczne i niezawodne rozwi\u0105zanie do testowania czujnik\u00f3w dymu.<\/p>\n<h3 data-start=\"1213\" data-end=\"1246\">Zalety wk\u0142adu dymnego ES3<\/h3>\n<ul data-start=\"1247\" data-end=\"1489\">\n<li data-start=\"1247\" data-end=\"1291\">\n<p data-start=\"1249\" data-end=\"1291\">Zaprojektowany dla testera czujnik\u00f3w dymu Solo 365<\/p>\n<\/li>\n<li data-start=\"1292\" data-end=\"1342\">\n<p data-start=\"1294\" data-end=\"1342\">Generuje kontrolowany i realistyczny dym testowy<\/p>\n<\/li>\n<li data-start=\"1343\" data-end=\"1379\">\n<p data-start=\"1345\" data-end=\"1379\">Bezpieczne w u\u017cyciu, bez ryzyka po\u017caru<\/p>\n<\/li>\n<li data-start=\"1380\" data-end=\"1434\">\n<p data-start=\"1382\" data-end=\"1434\">Brak \u015blad\u00f3w uderze\u0144 lub pozosta\u0142o\u015bci w detektorze po testach<\/p>\n<\/li>\n<li data-start=\"1435\" data-end=\"1489\">\n<p data-start=\"1437\" data-end=\"1489\">Nadaje si\u0119 do instalacji, serwisowania i samodzielnej kontroli<\/p>\n<\/li>\n<\/ul>\n<p data-start=\"1491\" data-end=\"1518\">SPECYFIKACJA TECHNICZNA:<\/p>\n<ul data-start=\"1519\" data-end=\"1745\">\n<li data-start=\"1519\" data-end=\"1554\">\n<p data-start=\"1521\" data-end=\"1554\">Produkt: Kaseta do palenia \/ wk\u0142ad do palenia<\/p>\n<\/li>\n<li data-start=\"1555\" data-end=\"1570\">\n<p data-start=\"1557\" data-end=\"1570\">Model: ES3<\/p>\n<\/li>\n<li data-start=\"1571\" data-end=\"1611\">\n<p data-start=\"1573\" data-end=\"1611\">Do u\u017cytku z: testerem Solo 365<\/p>\n<\/li>\n<li data-start=\"1612\" data-end=\"1666\">\n<p data-start=\"1614\" data-end=\"1666\">Funkcja: Generowanie dymu testowego dla czujnik\u00f3w dymu<\/p>\n<\/li>\n<li data-start=\"1667\" data-end=\"1694\">\n<p data-start=\"1669\" data-end=\"1694\">Pozosta\u0142o\u015bci po testach: Brak<\/p>\n<\/li>\n<li data-start=\"1695\" data-end=\"1745\">\n<p data-start=\"1697\" data-end=\"1745\">Bezpiecze\u0144stwo: Kontrolowana i bezpieczna produkcja dymu<\/p>\n<\/li>\n<\/ul>","protected":false},"excerpt":{"rendered":"<p>Wk\u0142ad dymny ES3 to wk\u0142ad dymny do tester\u00f3w Solo 365, kt\u00f3ry generuje kontrolowany dym testowy do funkcjonalnego testowania czujnik\u00f3w dymu.<\/p>\n<p>Zapewnia prawid\u0142ow\u0105 reakcj\u0119 czujnika dymu nawet w przypadku braku po\u017caru.<\/p>\n<p>Odpowiedni dla instalator\u00f3w, personelu serwisowego i w\u0142a\u015bcicieli nieruchomo\u015bci.<\/p>","protected":false},"featured_media":162234,"template":"","meta":{"_acf_changed":false},"product_brand":[],"product_cat":[5072,5069,5089],"product_tag":[],"class_list":{"0":"post-162235","1":"product","2":"type-product","3":"status-publish","4":"has-post-thumbnail","6":"product_cat-solo-365","7":"product_cat-kassetter-rok-co","8":"product_cat-solo-365-solo-365","9":"tm-no-options","11":"first","12":"instock","13":"taxable","14":"shipping-taxable","15":"purchasable","16":"product-type-simple"},"acf":[],"_links":{"self":[{"href":"https:\/\/secureus.se\/pl\/wp-json\/wp\/v2\/product\/162235","targetHints":{"allow":["GET"]}}],"collection":[{"href":"https:\/\/secureus.se\/pl\/wp-json\/wp\/v2\/product"}],"about":[{"href":"https:\/\/secureus.se\/pl\/wp-json\/wp\/v2\/types\/product"}],"wp:featuredmedia":[{"embeddable":true,"href":"https:\/\/secureus.se\/pl\/wp-json\/wp\/v2\/media\/162234"}],"wp:attachment":[{"href":"https:\/\/secureus.se\/pl\/wp-json\/wp\/v2\/media?parent=162235"}],"wp:term":[{"taxonomy":"product_brand","embeddable":true,"href":"https:\/\/secureus.se\/pl\/wp-json\/wp\/v2\/product_brand?post=162235"},{"taxonomy":"product_cat","embeddable":true,"href":"https:\/\/secureus.se\/pl\/wp-json\/wp\/v2\/product_cat?post=162235"},{"taxonomy":"product_tag","embeddable":true,"href":"https:\/\/secureus.se\/pl\/wp-json\/wp\/v2\/product_tag?post=162235"}],"curies":[{"name":"wp","href":"https:\/\/api.w.org\/{rel}","templated":true}]}}