{"id":162239,"date":"2025-11-21T12:45:38","date_gmt":"2025-11-21T11:45:38","guid":{"rendered":"https:\/\/secureus.se\/asd-adapter-till-testifire-xtr2\/"},"modified":"2026-03-26T12:25:09","modified_gmt":"2026-03-26T11:25:09","slug":"asd-adapter-till-testifire-xtr2","status":"publish","type":"product","link":"https:\/\/secureus.se\/pl\/asd-adapter-till-testifire-xtr2\/","title":{"rendered":"Adapter ASD do Testifire-XTR2"},"content":{"rendered":"<h1>Adapter ASD do Testifire-XTR2<\/h1>\n<h3 data-start=\"339\" data-end=\"383\">Adapter do czujek ASD i p\u0142askich<\/h3>\n<p data-start=\"384\" data-end=\"578\">Adapter ASD zosta\u0142 zaprojektowany w celu zapewnienia kompatybilno\u015bci pomi\u0119dzy Testifire-XTR2 a detektorami ASD i p\u0142askimi.<\/p>\n<p data-start=\"384\" data-end=\"578\">U\u0142atwia testowanie r\u00f3\u017cnych typ\u00f3w detektor\u00f3w przy u\u017cyciu tego samego sprz\u0119tu testowego.<\/p>\n<h3 data-start=\"580\" data-end=\"602\">\u0141atwy w u\u017cyciu<\/h3>\n<p data-start=\"603\" data-end=\"817\">Adapter mo\u017cna szybko zamontowa\u0107 do Testifire-XTR2, co pozwala na wydajne i bezpieczne testowanie czujek ASD i czujek p\u0142askich.<\/p>\n<p data-start=\"603\" data-end=\"817\">Idealne dla personelu serwisowego i instalator\u00f3w poszukuj\u0105cych elastycznego narz\u0119dzia testowego.<\/p>\n<h3 data-start=\"819\" data-end=\"848\">Do u\u017cytku profesjonalnego<\/h3>\n<p data-start=\"849\" data-end=\"1029\">Adapter ASD idealnie nadaje si\u0119 do biur, szk\u00f3\u0142, magazyn\u00f3w i budynk\u00f3w u\u017cyteczno\u015bci publicznej, w kt\u00f3rych stosuje si\u0119 zar\u00f3wno standardowe, jak i p\u0142askie czujki.<\/p>\n<p data-start=\"849\" data-end=\"1029\">Oszcz\u0119dza czas i zmniejsza potrzeb\u0119 zatrudniania wielu tester\u00f3w.<\/p>\n<p data-start=\"1036\" data-end=\"1067\"><strong data-start=\"1036\" data-end=\"1065\">SPECYFIKACJA TECHNICZNA:<\/strong><\/p>\n<ul data-start=\"1068\" data-end=\"1271\">\n<li data-start=\"1068\" data-end=\"1091\">\n<p data-start=\"1070\" data-end=\"1091\">Model: adapter ASD<\/p>\n<\/li>\n<li data-start=\"1092\" data-end=\"1152\">\n<p data-start=\"1094\" data-end=\"1152\">Zastosowanie: Tester czujnik\u00f3w dymu i ciep\u0142a Testifire-XTR2<\/p>\n<\/li>\n<li data-start=\"1153\" data-end=\"1219\">\n<p data-start=\"1155\" data-end=\"1219\">Funkcja: Umo\u017cliwia testowanie detektor\u00f3w ASD i p\u0142askich<\/p>\n<\/li>\n<li data-start=\"1220\" data-end=\"1271\">\n<p data-start=\"1222\" data-end=\"1271\">\u0141atwa instalacja: Szybki monta\u017c na testerze<\/p>\n<\/li>\n<\/ul>","protected":false},"excerpt":{"rendered":"<p data-start=\"122\" data-end=\"308\">Adapter ASD umo\u017cliwia testowanie czujek ASD i czujek p\u0142askich przy u\u017cyciu urz\u0105dzenia Testifire-XTR2.<\/p>\n<p data-start=\"122\" data-end=\"308\">\u0141atwy w u\u017cyciu i kompatybilny z testerem czujnik\u00f3w dymu i ciep\u0142a.<\/p>","protected":false},"featured_media":162238,"template":"","meta":{"_acf_changed":false},"product_brand":[],"product_cat":[4757,2946],"product_tag":[],"class_list":{"0":"post-162239","1":"product","2":"type-product","3":"status-publish","4":"has-post-thumbnail","6":"product_cat-xtr2","7":"product_cat-testifire","8":"tm-no-options","10":"first","11":"instock","12":"taxable","13":"shipping-taxable","14":"purchasable","15":"product-type-simple"},"acf":[],"_links":{"self":[{"href":"https:\/\/secureus.se\/pl\/wp-json\/wp\/v2\/product\/162239","targetHints":{"allow":["GET"]}}],"collection":[{"href":"https:\/\/secureus.se\/pl\/wp-json\/wp\/v2\/product"}],"about":[{"href":"https:\/\/secureus.se\/pl\/wp-json\/wp\/v2\/types\/product"}],"wp:featuredmedia":[{"embeddable":true,"href":"https:\/\/secureus.se\/pl\/wp-json\/wp\/v2\/media\/162238"}],"wp:attachment":[{"href":"https:\/\/secureus.se\/pl\/wp-json\/wp\/v2\/media?parent=162239"}],"wp:term":[{"taxonomy":"product_brand","embeddable":true,"href":"https:\/\/secureus.se\/pl\/wp-json\/wp\/v2\/product_brand?post=162239"},{"taxonomy":"product_cat","embeddable":true,"href":"https:\/\/secureus.se\/pl\/wp-json\/wp\/v2\/product_cat?post=162239"},{"taxonomy":"product_tag","embeddable":true,"href":"https:\/\/secureus.se\/pl\/wp-json\/wp\/v2\/product_tag?post=162239"}],"curies":[{"name":"wp","href":"https:\/\/api.w.org\/{rel}","templated":true}]}}