{"id":162241,"date":"2025-11-21T12:34:00","date_gmt":"2025-11-21T11:34:00","guid":{"rendered":"https:\/\/secureus.se\/rokkassett-testifire-ts3\/"},"modified":"2026-04-23T12:58:07","modified_gmt":"2026-04-23T10:58:07","slug":"rokkassett-testifire-ts3","status":"publish","type":"product","link":"https:\/\/secureus.se\/pl\/rokkassett-testifire-ts3\/","title":{"rendered":"Nab\u00f3j dymny Testifire TS3"},"content":{"rendered":"<h1>Nab\u00f3j dymny Testifire TS3<\/h1>\n<h3 data-start=\"296\" data-end=\"332\">Test funkcjonalny czujnik\u00f3w dymu<\/h3>\n<p data-start=\"333\" data-end=\"613\">Kaseta dymowa Testifire TS3 przeznaczona jest do testowania czujnik\u00f3w dymu w po\u0142\u0105czeniu z urz\u0105dzeniami testowymi Testifire 1001 i Testifire 2001.<\/p>\n<p data-start=\"333\" data-end=\"613\">Generuj\u0105c okre\u015blony dym testowy, mo\u017cesz mie\u0107 pewno\u015b\u0107, \u017ce czujnik dymu zareaguje prawid\u0142owo, co jest kluczowe dla bezpiecze\u0144stwa po\u017carowego w budynkach.<\/p>\n<h3 data-start=\"615\" data-end=\"645\">Proste i bezpieczne testowanie<\/h3>\n<p data-start=\"646\" data-end=\"974\">Wk\u0142ad TS3 emituje dym, kt\u00f3ry skutecznie aktywuje zar\u00f3wno optyczne, jak i inne typy czujnik\u00f3w dymu, gdy jest u\u017cywany w kompatybilnych testerach.<\/p>\n<p data-start=\"646\" data-end=\"974\">Produkt zaprojektowano tak, aby by\u0142 bezpieczny dla u\u017cytkownika i sprz\u0119tu, jednocze\u015bnie eliminuj\u0105c jakiekolwiek realne zagro\u017cenie po\u017carem.<\/p>\n<p data-start=\"646\" data-end=\"974\">Po przeprowadzeniu testu dym jest odprowadzany bez pozostawiania szkodliwych pozosta\u0142o\u015bci w detektorze.<\/p>\n<h3 data-start=\"976\" data-end=\"1008\">Korzy\u015bci z Testifire TS3<\/h3>\n<ul data-start=\"1009\" data-end=\"1211\">\n<li data-start=\"1009\" data-end=\"1059\">\n<p data-start=\"1011\" data-end=\"1059\">Zaprojektowano dla Testifire 1001 i Testifire 2001<\/p>\n<\/li>\n<li data-start=\"1060\" data-end=\"1122\">\n<p data-start=\"1062\" data-end=\"1122\">Zapewnia kontrolowany, realistyczny dym umo\u017cliwiaj\u0105cy wiarygodne testowanie<\/p>\n<\/li>\n<li data-start=\"1123\" data-end=\"1164\">\n<p data-start=\"1125\" data-end=\"1164\">Bezpieczne w u\u017cyciu, bez ryzyka po\u017caru<\/p>\n<\/li>\n<li data-start=\"1165\" data-end=\"1211\">\n<p data-start=\"1167\" data-end=\"1211\">Brak wp\u0142ywu na detektor po testowaniu<\/p>\n<\/li>\n<\/ul>\n<h3 data-start=\"1213\" data-end=\"1237\">Obszary zastosowa\u0144<\/h3>\n<ul data-start=\"1238\" data-end=\"1400\">\n<li data-start=\"1238\" data-end=\"1293\">\n<p data-start=\"1240\" data-end=\"1293\">Testowanie funkcjonalne podczas instalacji czujnik\u00f3w dymu<\/p>\n<\/li>\n<li data-start=\"1294\" data-end=\"1331\">\n<p data-start=\"1296\" data-end=\"1331\">Regularny serwis i konserwacja<\/p>\n<\/li>\n<li data-start=\"1332\" data-end=\"1400\">\n<p data-start=\"1334\" data-end=\"1400\">Samodzielne monitorowanie w domach, biurach, zak\u0142adach przemys\u0142owych i miejscach publicznych<\/p>\n<\/li>\n<\/ul>\n<p data-start=\"1402\" data-end=\"1429\">SPECYFIKACJA TECHNICZNA:<\/p>\n<ul data-start=\"1430\" data-end=\"1721\">\n<li data-start=\"1430\" data-end=\"1465\">\n<p data-start=\"1432\" data-end=\"1465\">Produkt: Kaseta do palenia \/ wk\u0142ad do palenia<\/p>\n<\/li>\n<li data-start=\"1466\" data-end=\"1485\">\n<p data-start=\"1468\" data-end=\"1485\">Model: TS3-001<\/p>\n<\/li>\n<li data-start=\"1486\" data-end=\"1533\">\n<p data-start=\"1488\" data-end=\"1533\">Stosowany z: Testifire 1001, Testifire 2001<\/p>\n<\/li>\n<li data-start=\"1534\" data-end=\"1590\">\n<p data-start=\"1536\" data-end=\"1590\">Funkcja: Generowanie dymu testowego do testowania czujnik\u00f3w dymu<\/p>\n<\/li>\n<li data-start=\"1591\" data-end=\"1642\">\n<p data-start=\"1593\" data-end=\"1642\">Kompatybilno\u015b\u0107: Czujniki optyczne i inne czujniki dymu<\/p>\n<\/li>\n<li data-start=\"1643\" data-end=\"1670\">\n<p data-start=\"1645\" data-end=\"1670\">Pozosta\u0142o\u015bci po testach: Brak<\/p>\n<\/li>\n<li data-start=\"1671\" data-end=\"1721\">\n<p data-start=\"1673\" data-end=\"1721\">Bezpiecze\u0144stwo: Kontrolowana i bezpieczna produkcja dymu<\/p>\n<\/li>\n<\/ul>","protected":false},"excerpt":{"rendered":"<p>Wk\u0142ad dymny Testifire TS3 to wk\u0142ad dymny przeznaczony do testowania funkcjonalno\u015bci czujnik\u00f3w dymu za pomoc\u0105 Testifire 1001 i Testifire 2001.<\/p>\n<p>Emituje kontrolowany dym testowy, kt\u00f3ry aktywuje czujniki dymu bez wywo\u0142ywania po\u017caru.<\/p>\n<p>Odpowiedni dla instalator\u00f3w, personelu serwisowego i w\u0142a\u015bcicieli nieruchomo\u015bci.<\/p>","protected":false},"featured_media":162240,"template":"","meta":{"_acf_changed":false},"product_brand":[],"product_cat":[2946,5069],"product_tag":[],"class_list":{"0":"post-162241","1":"product","2":"type-product","3":"status-publish","4":"has-post-thumbnail","6":"product_cat-testifire","7":"product_cat-kassetter-rok-co","8":"tm-no-options","10":"first","11":"instock","12":"taxable","13":"shipping-taxable","14":"purchasable","15":"product-type-simple"},"acf":[],"_links":{"self":[{"href":"https:\/\/secureus.se\/pl\/wp-json\/wp\/v2\/product\/162241","targetHints":{"allow":["GET"]}}],"collection":[{"href":"https:\/\/secureus.se\/pl\/wp-json\/wp\/v2\/product"}],"about":[{"href":"https:\/\/secureus.se\/pl\/wp-json\/wp\/v2\/types\/product"}],"wp:featuredmedia":[{"embeddable":true,"href":"https:\/\/secureus.se\/pl\/wp-json\/wp\/v2\/media\/162240"}],"wp:attachment":[{"href":"https:\/\/secureus.se\/pl\/wp-json\/wp\/v2\/media?parent=162241"}],"wp:term":[{"taxonomy":"product_brand","embeddable":true,"href":"https:\/\/secureus.se\/pl\/wp-json\/wp\/v2\/product_brand?post=162241"},{"taxonomy":"product_cat","embeddable":true,"href":"https:\/\/secureus.se\/pl\/wp-json\/wp\/v2\/product_cat?post=162241"},{"taxonomy":"product_tag","embeddable":true,"href":"https:\/\/secureus.se\/pl\/wp-json\/wp\/v2\/product_tag?post=162241"}],"curies":[{"name":"wp","href":"https:\/\/api.w.org\/{rel}","templated":true}]}}