{"id":162243,"date":"2025-11-21T12:27:42","date_gmt":"2025-11-21T11:27:42","guid":{"rendered":"https:\/\/secureus.se\/solo-370-batteri-for-solo-365-roka-webbutik\/"},"modified":"2026-04-08T16:00:52","modified_gmt":"2026-04-08T14:00:52","slug":"solo-370-batteri-for-solo-365-roka-webbutik","status":"publish","type":"product","link":"https:\/\/secureus.se\/pl\/solo-370-batteri-for-solo-365-roka-webbutik\/","title":{"rendered":"Bateria Solo 370 do Solo 365 \u2013 Sklep internetowy ROKA"},"content":{"rendered":"<h1>Bateria Solo 370 do Solo 365 \u2013 Sklep internetowy ROKA<\/h1>\n<h3 data-start=\"232\" data-end=\"269\">Zapasowy akumulator do Solo 365<\/h3>\n<p data-start=\"270\" data-end=\"500\">Akumulator Solo 370 jest dedykowanym \u017ar\u00f3d\u0142em zasilania dla testera czujnik\u00f3w dymu Solo 365.<\/p>\n<p data-start=\"270\" data-end=\"500\">Sprawna bateria jest niezb\u0119dna, aby tester m\u00f3g\u0142 generowa\u0107 dym testowy i przeprowadza\u0107 wiarygodne testy funkcjonalne czujnik\u00f3w dymu w systemach alarm\u00f3w przeciwpo\u017carowych.<\/p>\n<h3 data-start=\"502\" data-end=\"548\">D\u0142uga \u017cywotno\u015b\u0107 umo\u017cliwiaj\u0105ca ci\u0105g\u0142e testowanie<\/h3>\n<p data-start=\"549\" data-end=\"827\">Akumulator ten ma zapewni\u0107 stabiln\u0105 i d\u0142ugotrwa\u0142\u0105 prac\u0119 urz\u0105dzenia Solo 365, redukuj\u0105c ryzyko przerw w trakcie prac testowych.<\/p>\n<p data-start=\"549\" data-end=\"827\">Regularna wymiana baterii zapewnia, \u017ce narz\u0119dzie diagnostyczne b\u0119dzie zawsze gotowe do u\u017cycia podczas instalacji, serwisowania lub konserwacji.<\/p>\n<h3 data-start=\"829\" data-end=\"853\">\u0141atwa instalacja<\/h3>\n<p data-start=\"854\" data-end=\"991\">Monta\u017c i wymiana Solo 370 w Solo 365 jest prosta i nie wymaga u\u017cycia specjalistycznych narz\u0119dzi.<\/p>\n<p data-start=\"854\" data-end=\"991\">Dzi\u0119ki temu wymiana baterii jest \u0142atwa nawet na miejscu, u klienta.<\/p>\n<h3 data-start=\"993\" data-end=\"1020\">Zalety Solo 370<\/h3>\n<ul data-start=\"1021\" data-end=\"1144\">\n<li data-start=\"1021\" data-end=\"1059\">\n<p data-start=\"1023\" data-end=\"1059\">Zapasowy akumulator do testera Solo 365<\/p>\n<\/li>\n<li data-start=\"1060\" data-end=\"1103\">\n<p data-start=\"1062\" data-end=\"1103\">Zapewnia niezawodne testowanie funkcjonalne<\/p>\n<\/li>\n<li data-start=\"1104\" data-end=\"1125\">\n<p data-start=\"1106\" data-end=\"1125\">\u0141atwe do wymiany<\/p>\n<\/li>\n<li data-start=\"1126\" data-end=\"1144\">\n<p data-start=\"1128\" data-end=\"1144\">D\u0142ugi czas dzia\u0142ania<\/p>\n<\/li>\n<\/ul>\n<p data-start=\"1146\" data-end=\"1173\">SPECYFIKACJA TECHNICZNA:<\/p>\n<ul data-start=\"1174\" data-end=\"1337\">\n<li data-start=\"1174\" data-end=\"1194\">\n<p data-start=\"1176\" data-end=\"1194\">Produkt: Bateria<\/p>\n<\/li>\n<li data-start=\"1195\" data-end=\"1215\">\n<p data-start=\"1197\" data-end=\"1215\">Model: Solo 370<\/p>\n<\/li>\n<li data-start=\"1216\" data-end=\"1267\">\n<p data-start=\"1218\" data-end=\"1267\">Do u\u017cytku z: testerem czujnik\u00f3w dymu Solo 365<\/p>\n<\/li>\n<li data-start=\"1268\" data-end=\"1308\">\n<p data-start=\"1270\" data-end=\"1308\">Funkcja: \u0179r\u00f3d\u0142o zasilania dla narz\u0119dzi testowych<\/p>\n<\/li>\n<li data-start=\"1309\" data-end=\"1337\">\n<p data-start=\"1311\" data-end=\"1337\">Kompatybilno\u015b\u0107: Solo 365<\/p>\n<\/li>\n<\/ul>","protected":false},"excerpt":{"rendered":"<p>Solo 370 to bateria zamienna do testera czujnik\u00f3w dymu Solo 365.<\/p>\n<p>Zapewnia to dzia\u0142anie testera i umo\u017cliwia przeprowadzanie rzetelnych test\u00f3w funkcjonalnych.<\/p>\n<p>Przeznaczone dla technik\u00f3w serwisowych, instalator\u00f3w i personelu zajmuj\u0105cego si\u0119 konserwacj\u0105.<\/p>","protected":false},"featured_media":162242,"template":"","meta":{"_acf_changed":false},"product_brand":[],"product_cat":[5072,5089,5074],"product_tag":[],"class_list":{"0":"post-162243","1":"product","2":"type-product","3":"status-publish","4":"has-post-thumbnail","6":"product_cat-solo-365","7":"product_cat-solo-365-solo-365","8":"product_cat-stromforsorjning-professionella-verktyg-for-prov-och-underhall","9":"tm-no-options","11":"first","12":"instock","13":"taxable","14":"shipping-taxable","15":"purchasable","16":"product-type-simple"},"acf":[],"_links":{"self":[{"href":"https:\/\/secureus.se\/pl\/wp-json\/wp\/v2\/product\/162243","targetHints":{"allow":["GET"]}}],"collection":[{"href":"https:\/\/secureus.se\/pl\/wp-json\/wp\/v2\/product"}],"about":[{"href":"https:\/\/secureus.se\/pl\/wp-json\/wp\/v2\/types\/product"}],"wp:featuredmedia":[{"embeddable":true,"href":"https:\/\/secureus.se\/pl\/wp-json\/wp\/v2\/media\/162242"}],"wp:attachment":[{"href":"https:\/\/secureus.se\/pl\/wp-json\/wp\/v2\/media?parent=162243"}],"wp:term":[{"taxonomy":"product_brand","embeddable":true,"href":"https:\/\/secureus.se\/pl\/wp-json\/wp\/v2\/product_brand?post=162243"},{"taxonomy":"product_cat","embeddable":true,"href":"https:\/\/secureus.se\/pl\/wp-json\/wp\/v2\/product_cat?post=162243"},{"taxonomy":"product_tag","embeddable":true,"href":"https:\/\/secureus.se\/pl\/wp-json\/wp\/v2\/product_tag?post=162243"}],"curies":[{"name":"wp","href":"https:\/\/api.w.org\/{rel}","templated":true}]}}