{"id":162245,"date":"2025-11-21T12:27:37","date_gmt":"2025-11-21T11:27:37","guid":{"rendered":"https:\/\/secureus.se\/solo-371-rokgenerator-for-solo-365\/"},"modified":"2026-04-08T16:06:07","modified_gmt":"2026-04-08T14:06:07","slug":"solo-371-rokgenerator-for-solo-365","status":"publish","type":"product","link":"https:\/\/secureus.se\/pl\/solo-371-rokgenerator-for-solo-365\/","title":{"rendered":"Generator dymu Solo 371 do Solo 365"},"content":{"rendered":"<h1>Generator dymu Solo 371 do Solo 365<\/h1>\n<h3 data-start=\"283\" data-end=\"331\">Cz\u0119\u015b\u0107 zamienna do testera czujnika dymu Solo 365<\/h3>\n<p data-start=\"332\" data-end=\"576\">Generator dymu Solo 371 to modu\u0142 zamienny do Solo 365, kt\u00f3ry wsp\u00f3\u0142pracuje z wk\u0142adem dymnym ES3.<\/p>\n<p data-start=\"332\" data-end=\"576\">Generator dymu to cz\u0119\u015b\u0107 urz\u0105dzenia testowego, w kt\u00f3rej umieszczany jest wk\u0142ad dymny i wytwarzany jest dym testowy w celu sprawdzenia dzia\u0142ania czujnika dymu.<\/p>\n<h3 data-start=\"578\" data-end=\"611\">Efektywne i bezpieczne testowanie<\/h3>\n<p data-start=\"612\" data-end=\"911\">Po zamontowaniu wk\u0142adu dymnego ES3 w Solo 371, wk\u0142ad ten nagrzewa si\u0119 i wytwarza kontrolowany dym, kt\u00f3ry aktywuje czujniki dymu.<\/p>\n<p data-start=\"612\" data-end=\"911\">Pozwala to na przeprowadzenie test\u00f3w funkcjonalnych bez realnego ryzyka po\u017caru. Produkt zosta\u0142 zaprojektowany tak, aby by\u0142 wytrzyma\u0142y i niezawodny, a jednocze\u015bnie mia\u0142 minimalny wp\u0142yw na detektor po te\u015bcie.<\/p>\n<h3 data-start=\"913\" data-end=\"951\">\u0141atwa instalacja i konserwacja<\/h3>\n<p data-start=\"952\" data-end=\"1204\">Solo 371 mo\u017cna z \u0142atwo\u015bci\u0105 wymieni\u0107 w testerze Solo 365, co u\u0142atwia utrzymanie sprz\u0119tu w dobrym stanie podczas cyklicznych test\u00f3w na miejscu.<\/p>\n<p data-start=\"952\" data-end=\"1204\">Posiadanie sprawnego generatora dymu gwarantuje, \u017ce narz\u0119dzie testuj\u0105ce b\u0119dzie generowa\u0107 sp\u00f3jne i wiarygodne wyniki.<\/p>\n<h3 data-start=\"1206\" data-end=\"1233\">Zalety Solo 371<\/h3>\n<ul data-start=\"1234\" data-end=\"1402\">\n<li data-start=\"1234\" data-end=\"1276\">\n<p data-start=\"1236\" data-end=\"1276\">Jednostka zamienna do generatora dymu Solo 365<\/p>\n<\/li>\n<li data-start=\"1277\" data-end=\"1319\">\n<p data-start=\"1279\" data-end=\"1319\">Stosowa\u0107 razem z wk\u0142adem dymnym ES3<\/p>\n<\/li>\n<li data-start=\"1320\" data-end=\"1362\">\n<p data-start=\"1322\" data-end=\"1362\">Generuje kontrolowany dym testowy w bezpieczny spos\u00f3b<\/p>\n<\/li>\n<li data-start=\"1363\" data-end=\"1402\">\n<p data-start=\"1365\" data-end=\"1402\">\u0141atwy w instalacji i utrzymaniu<\/p>\n<\/li>\n<\/ul>\n<p data-start=\"1404\" data-end=\"1431\">SPECYFIKACJA TECHNICZNA:<\/p>\n<ul data-start=\"1432\" data-end=\"1626\">\n<li data-start=\"1432\" data-end=\"1472\">\n<p data-start=\"1434\" data-end=\"1472\">Produkt: Generator dymu \/ jednostka zamienna<\/p>\n<\/li>\n<li data-start=\"1473\" data-end=\"1493\">\n<p data-start=\"1475\" data-end=\"1493\">Model: Solo 371<\/p>\n<\/li>\n<li data-start=\"1494\" data-end=\"1534\">\n<p data-start=\"1496\" data-end=\"1534\">Do u\u017cytku z: testerem Solo 365<\/p>\n<\/li>\n<li data-start=\"1535\" data-end=\"1569\">\n<p data-start=\"1537\" data-end=\"1569\">Kompatybilny z: wk\u0142adem dymnym ES3<\/p>\n<\/li>\n<li data-start=\"1570\" data-end=\"1626\">\n<p data-start=\"1572\" data-end=\"1626\">Funkcja: Generowanie dymu testowego do testowania czujnik\u00f3w dymu<\/p>\n<\/li>\n<\/ul>","protected":false},"excerpt":{"rendered":"<p>Generator dymu Solo 371 to jednostka zamienna do testera czujnik\u00f3w dymu Solo 365, w kt\u00f3rej umieszczany jest wk\u0142ad dymny ES3 w celu wytworzenia dymu testowego.<\/p>\n<p>U\u0142atwia i zwi\u0119ksza niezawodno\u015b\u0107 test\u00f3w funkcjonalnych czujnik\u00f3w dymu. Odpowiedni dla serwisant\u00f3w i instalator\u00f3w.<\/p>","protected":false},"featured_media":162244,"template":"","meta":{"_acf_changed":false},"product_brand":[],"product_cat":[5072,5089],"product_tag":[],"class_list":{"0":"post-162245","1":"product","2":"type-product","3":"status-publish","4":"has-post-thumbnail","6":"product_cat-solo-365","7":"product_cat-solo-365-solo-365","8":"tm-no-options","10":"first","11":"instock","12":"taxable","13":"shipping-taxable","14":"purchasable","15":"product-type-simple"},"acf":[],"_links":{"self":[{"href":"https:\/\/secureus.se\/pl\/wp-json\/wp\/v2\/product\/162245","targetHints":{"allow":["GET"]}}],"collection":[{"href":"https:\/\/secureus.se\/pl\/wp-json\/wp\/v2\/product"}],"about":[{"href":"https:\/\/secureus.se\/pl\/wp-json\/wp\/v2\/types\/product"}],"wp:featuredmedia":[{"embeddable":true,"href":"https:\/\/secureus.se\/pl\/wp-json\/wp\/v2\/media\/162244"}],"wp:attachment":[{"href":"https:\/\/secureus.se\/pl\/wp-json\/wp\/v2\/media?parent=162245"}],"wp:term":[{"taxonomy":"product_brand","embeddable":true,"href":"https:\/\/secureus.se\/pl\/wp-json\/wp\/v2\/product_brand?post=162245"},{"taxonomy":"product_cat","embeddable":true,"href":"https:\/\/secureus.se\/pl\/wp-json\/wp\/v2\/product_cat?post=162245"},{"taxonomy":"product_tag","embeddable":true,"href":"https:\/\/secureus.se\/pl\/wp-json\/wp\/v2\/product_tag?post=162245"}],"curies":[{"name":"wp","href":"https:\/\/api.w.org\/{rel}","templated":true}]}}