{"id":162253,"date":"2025-11-21T12:21:23","date_gmt":"2025-11-21T11:21:23","guid":{"rendered":"https:\/\/secureus.se\/vd-provare-solo-461-batteridriven\/"},"modified":"2026-03-26T12:26:34","modified_gmt":"2026-03-26T11:26:34","slug":"vd-provare-solo-461-batteridriven","status":"publish","type":"product","link":"https:\/\/secureus.se\/pl\/vd-provare-solo-461-batteridriven\/","title":{"rendered":"Tester VD Solo 461 zasilany bateryjnie"},"content":{"rendered":"<h1>Tester VD Solo 461 zasilany bateryjnie<\/h1>\n<h3 data-start=\"335\" data-end=\"404\">Tester czujnik\u00f3w ciep\u0142a zasilany bateryjnie do u\u017cytku profesjonalnego<\/h3>\n<p data-start=\"405\" data-end=\"704\">Solo 461 to bezprzewodowy i zasilany bateryjnie tester VD s\u0142u\u017c\u0105cy do testowania funkcjonalno\u015bci czujek ciep\u0142a w systemach alarm\u00f3w przeciwpo\u017carowych.<\/p>\n<p data-start=\"405\" data-end=\"704\">Jest to rozwi\u0105zanie szczeg\u00f3lnie przydatne dla technik\u00f3w, kt\u00f3rzy potrzebuj\u0105 mobilnego i elastycznego rozwi\u0105zania do przeprowadzania test\u00f3w, nie b\u0119d\u0105c jednocze\u015bnie zale\u017cnymi od zasilania sieciowego.<\/p>\n<h3 data-start=\"706\" data-end=\"739\">Efektywne i bezpieczne testowanie<\/h3>\n<p data-start=\"740\" data-end=\"1104\">W przypadku Solo 461 wytwarzane jest gor\u0105ce powietrze, kt\u00f3re aktywuje czujniki ciep\u0142a o temperaturze wyzwalania do oko\u0142o 90 \u00b0C.<\/p>\n<p data-start=\"740\" data-end=\"1104\">Opatentowana konstrukcja zapewnia skuteczne skierowanie ciep\u0142a w stron\u0119 czujnika detektora, co przek\u0142ada si\u0119 na szybk\u0105 i niezawodn\u0105 aktywacj\u0119.<\/p>\n<p data-start=\"740\" data-end=\"1104\">Test rozpoczyna si\u0119 automatycznie w momencie uszkodzenia czujnika podczerwieni w os\u0142onie testowej.<\/p>\n<h3 data-start=\"1106\" data-end=\"1144\">Kompaktowy, elastyczny i \u0142atwy w u\u017cyciu<\/h3>\n<p data-start=\"1145\" data-end=\"1438\">Urz\u0105dzenie Solo 461 mo\u017cna \u0142atwo obs\u0142ugiwa\u0107 jedn\u0105 r\u0119k\u0105 lub w po\u0142\u0105czeniu z dr\u0105\u017ckami dost\u0119powymi (takimi jak Solo 101, Solo 108 lub Solo 100), co pozwala na dotarcie do czujnik\u00f3w w sufitach o wysoko\u015bci do oko\u0142o 9,3 m.<\/p>\n<p data-start=\"1145\" data-end=\"1438\">Dzi\u0119ki zasilaniu bateryjnemu mo\u017cna \u0142atwo przeprowadza\u0107 testy w wielu miejscach, bez konieczno\u015bci pod\u0142\u0105czenia do sieci.<\/p>\n<h3 data-start=\"1440\" data-end=\"1472\">Co jest wliczone i jakie s\u0105 korzy\u015bci<\/h3>\n<ul data-start=\"1473\" data-end=\"1905\">\n<li data-start=\"1473\" data-end=\"1537\">\n<p data-start=\"1475\" data-end=\"1537\">Dwa akumulatory (Solo 770) zapewniaj\u0105ce d\u0142ugi czas pracy<\/p>\n<\/li>\n<li data-start=\"1538\" data-end=\"1617\">\n<p data-start=\"1540\" data-end=\"1617\">Szybka \u0142adowarka (Solo 727) pod\u0142\u0105czana do sieci lub gniazda 12 V w samochodzie<\/p>\n<\/li>\n<li data-start=\"1618\" data-end=\"1690\">\n<p data-start=\"1620\" data-end=\"1690\">Przezroczysty kubek testowy zapewnia wyra\u017any widok wska\u017anika LED detektora<\/p>\n<\/li>\n<li data-start=\"1691\" data-end=\"1770\">\n<p data-start=\"1693\" data-end=\"1770\">Konstrukcja bezprzewodowa zapewniaj\u0105ca elastyczno\u015b\u0107 podczas pracy na wysoko\u015bci lub w ciasnych przestrzeniach<\/p>\n<\/li>\n<li data-start=\"1771\" data-end=\"1905\">\n<p data-start=\"1773\" data-end=\"1905\">Nadaje si\u0119 do czujnik\u00f3w ciep\u0142a o sta\u0142ej temperaturze, r\u00f3\u017cnicowych i kombinowanych do ok. 90 \u00b0C<\/p>\n<\/li>\n<\/ul>\n<p data-start=\"1907\" data-end=\"1934\">SPECYFIKACJA TECHNICZNA:<\/p>\n<ul data-start=\"1935\" data-end=\"2394\">\n<li data-start=\"1935\" data-end=\"1982\">\n<p data-start=\"1937\" data-end=\"1982\">Produkt: Tester czujnik\u00f3w ciep\u0142a zasilany bateryjnie<\/p>\n<\/li>\n<li data-start=\"1983\" data-end=\"2023\">\n<p data-start=\"1985\" data-end=\"2023\">Model: Solo 461 (dawniej Solo 460)<\/p>\n<\/li>\n<li data-start=\"2024\" data-end=\"2117\">\n<p data-start=\"2026\" data-end=\"2117\">Zasilanie: Zasilanie bateryjne, w tym 2 baterie Solo 770 i szybka \u0142adowarka Solo 727<\/p>\n<\/li>\n<li data-start=\"2118\" data-end=\"2168\">\n<p data-start=\"2120\" data-end=\"2168\">Funkcja: Testowanie funkcjonalne czujnik\u00f3w ciep\u0142a<\/p>\n<\/li>\n<li data-start=\"2169\" data-end=\"2212\">\n<p data-start=\"2171\" data-end=\"2212\">Temperatura: Do ok. 90 \u00b0C zadzia\u0142ania<\/p>\n<\/li>\n<li data-start=\"2213\" data-end=\"2294\">\n<p data-start=\"2215\" data-end=\"2294\">Kompatybilno\u015b\u0107: Czujniki punktowe\/cieplne z \u0142amliw\u0105 fotokom\u00f3rk\u0105, r\u00f3\u017cne marki<\/p>\n<\/li>\n<li data-start=\"2295\" data-end=\"2394\">\n<p data-start=\"2297\" data-end=\"2394\">Stosowa\u0107 z: pojedynczymi dr\u0105\u017ckami dost\u0119powymi do wysoko\u015bci do ok. 9,3 m<\/p>\n<\/li>\n<\/ul>","protected":false},"excerpt":{"rendered":"<p>Solo 461 to zasilany bateryjnie tester VD przeznaczony do testowania funkcjonalno\u015bci czujnik\u00f3w ciep\u0142a w temperaturze do oko\u0142o 90 \u00b0C.<\/p>\n<p>Urz\u0105dzenie jest bezprzewodowe i wyposa\u017cone w dwa akumulatory oraz szybk\u0105 \u0142adowark\u0119, co zapewnia \u0142atwo\u015b\u0107 i niezawodno\u015b\u0107 u\u017cytkowania.<\/p>\n<p>Przeznaczone dla instalator\u00f3w, technik\u00f3w i personelu serwisowego.<\/p>","protected":false},"featured_media":162252,"template":"","meta":{"_acf_changed":false},"product_brand":[],"product_cat":[2945,5088],"product_tag":[],"class_list":{"0":"post-162253","1":"product","2":"type-product","3":"status-publish","4":"has-post-thumbnail","6":"product_cat-solo","7":"product_cat-solo-solo","8":"tm-no-options","10":"first","11":"instock","12":"taxable","13":"shipping-taxable","14":"purchasable","15":"product-type-simple"},"acf":[],"_links":{"self":[{"href":"https:\/\/secureus.se\/pl\/wp-json\/wp\/v2\/product\/162253","targetHints":{"allow":["GET"]}}],"collection":[{"href":"https:\/\/secureus.se\/pl\/wp-json\/wp\/v2\/product"}],"about":[{"href":"https:\/\/secureus.se\/pl\/wp-json\/wp\/v2\/types\/product"}],"wp:featuredmedia":[{"embeddable":true,"href":"https:\/\/secureus.se\/pl\/wp-json\/wp\/v2\/media\/162252"}],"wp:attachment":[{"href":"https:\/\/secureus.se\/pl\/wp-json\/wp\/v2\/media?parent=162253"}],"wp:term":[{"taxonomy":"product_brand","embeddable":true,"href":"https:\/\/secureus.se\/pl\/wp-json\/wp\/v2\/product_brand?post=162253"},{"taxonomy":"product_cat","embeddable":true,"href":"https:\/\/secureus.se\/pl\/wp-json\/wp\/v2\/product_cat?post=162253"},{"taxonomy":"product_tag","embeddable":true,"href":"https:\/\/secureus.se\/pl\/wp-json\/wp\/v2\/product_tag?post=162253"}],"curies":[{"name":"wp","href":"https:\/\/api.w.org\/{rel}","templated":true}]}}