{"id":162265,"date":"2025-11-21T12:27:42","date_gmt":"2025-11-21T11:27:42","guid":{"rendered":"https:\/\/secureus.se\/genomskinlig-kopp-memban-for-solo-365-spare-1058-001\/"},"modified":"2026-04-23T12:58:23","modified_gmt":"2026-04-23T10:58:23","slug":"genomskinlig-kopp-memban-for-solo-365-spare-1058-001","status":"publish","type":"product","link":"https:\/\/secureus.se\/pl\/genomskinlig-kopp-memban-for-solo-365-spare-1058-001\/","title":{"rendered":"Przezroczysta miseczka i membrana do Solo 365 \u2013 cz\u0119\u015b\u0107 zamienna 1058-001"},"content":{"rendered":"<h1>Przezroczysta miseczka i membrana do Solo 365 \u2013 cz\u0119\u015b\u0107 zamienna 1058-001<\/h1>\n<h3 data-start=\"282\" data-end=\"329\">Cz\u0119\u015b\u0107 zamienna do testera czujnik\u00f3w dymu Solo 365<\/h3>\n<p data-start=\"330\" data-end=\"584\">Przezroczysta miseczka i membrana Spare 1058-001 to wa\u017cna cz\u0119\u015b\u0107 zamienna do testera Solo 365.<\/p>\n<p data-start=\"330\" data-end=\"584\">Funkcjonalna konstrukcja zapewnia prawid\u0142owe przeprowadzenie testu poprzez otoczenie dymu i utworzenie prawid\u0142owego punktu styku z czujnikiem dymu podczas przeprowadzania testu funkcjonalnego.<\/p>\n<h3 data-start=\"586\" data-end=\"627\">Dla lepszego i bardziej efektywnego testowania<\/h3>\n<p data-start=\"628\" data-end=\"952\">Przy regularnym stosowaniu urz\u0105dzenia Solo 365 miseczka i membrana mog\u0105 ulec zu\u017cyciu lub zanieczyszczeniu, co mo\u017ce mie\u0107 wp\u0142yw na dok\u0142adno\u015b\u0107 testu.<\/p>\n<p data-start=\"628\" data-end=\"952\">Zast\u0119puj\u0105c go przezroczyst\u0105 miseczk\u0105 z membran\u0105, uzyskasz optymaln\u0105 widoczno\u015b\u0107 i funkcjonalno\u015b\u0107 podczas ka\u017cdego testu, co jest kluczowe dla zapewnienia prawid\u0142owego dzia\u0142ania czujnik\u00f3w dymu.<\/p>\n<h3 data-start=\"954\" data-end=\"978\">\u0141atwa instalacja<\/h3>\n<p data-start=\"979\" data-end=\"1185\">Ta cz\u0119\u015b\u0107 zamienna jest \u0142atwa w monta\u017cu w testerze Solo 365 i nie wymaga u\u017cycia \u017cadnych specjalnych narz\u0119dzi.<\/p>\n<p data-start=\"979\" data-end=\"1185\">Przezroczysta konstrukcja zapewnia r\u00f3wnie\u017c dobr\u0105 widoczno\u015b\u0107 podczas test\u00f3w i u\u0142atwia przeprowadzanie sp\u00f3jnych test\u00f3w.<\/p>\n<h3 data-start=\"1187\" data-end=\"1220\">Zalety cz\u0119\u015bci zamiennych 1058-001<\/h3>\n<ul data-start=\"1221\" data-end=\"1399\">\n<li data-start=\"1221\" data-end=\"1256\">\n<p data-start=\"1223\" data-end=\"1256\">Cz\u0119\u015b\u0107 zamienna do testera Solo 365<\/p>\n<\/li>\n<li data-start=\"1257\" data-end=\"1306\">\n<p data-start=\"1259\" data-end=\"1306\">Przezroczysty kubek i membrana dla lepszej widoczno\u015bci<\/p>\n<\/li>\n<li data-start=\"1307\" data-end=\"1348\">\n<p data-start=\"1309\" data-end=\"1348\">Zapewnia prawid\u0142owe testy funkcjonalne<\/p>\n<\/li>\n<li data-start=\"1349\" data-end=\"1399\">\n<p data-start=\"1351\" data-end=\"1399\">\u0141atwa wymiana w przypadku zu\u017cycia lub zanieczyszczenia<\/p>\n<\/li>\n<\/ul>\n<p data-start=\"1401\" data-end=\"1428\">SPECYFIKACJA TECHNICZNA:<\/p>\n<ul data-start=\"1429\" data-end=\"1621\">\n<li data-start=\"1429\" data-end=\"1456\">\n<p data-start=\"1431\" data-end=\"1456\">Produkt: Kubek i przepona<\/p>\n<\/li>\n<li data-start=\"1457\" data-end=\"1483\">\n<p data-start=\"1459\" data-end=\"1483\">Model: Zapasowy 1058-001<\/p>\n<\/li>\n<li data-start=\"1484\" data-end=\"1512\">\n<p data-start=\"1486\" data-end=\"1512\">Pasuje do: Solo 365, wypr\u00f3buj<\/p>\n<\/li>\n<li data-start=\"1513\" data-end=\"1566\">\n<p data-start=\"1515\" data-end=\"1566\">Materia\u0142: Przezroczysty plastik (kubek) i membrana<\/p>\n<\/li>\n<li data-start=\"1567\" data-end=\"1621\">\n<p data-start=\"1569\" data-end=\"1621\">Funkcja: Zapewnienie prawid\u0142owego uszczelnienia podczas test\u00f3w<\/p>\n<\/li>\n<\/ul>","protected":false},"excerpt":{"rendered":"<p>Przezroczysta miseczka i membrana (zapasowa 1058-001) to cz\u0119\u015b\u0107 zamienna do testera czujnika dymu Solo 365.<\/p>\n<p>S\u0142u\u017cy do zatrzymywania dymu testowego i zapewnienia w\u0142a\u015bciwego kontaktu z detektorem podczas testu.<\/p>\n<p>Przeznaczone dla instalator\u00f3w i personelu serwisowego.<\/p>","protected":false},"featured_media":162264,"template":"","meta":{"_acf_changed":false},"product_brand":[],"product_cat":[5072,5089],"product_tag":[],"class_list":{"0":"post-162265","1":"product","2":"type-product","3":"status-publish","4":"has-post-thumbnail","6":"product_cat-solo-365","7":"product_cat-solo-365-solo-365","8":"tm-no-options","10":"first","11":"instock","12":"taxable","13":"shipping-taxable","14":"purchasable","15":"product-type-simple"},"acf":[],"_links":{"self":[{"href":"https:\/\/secureus.se\/pl\/wp-json\/wp\/v2\/product\/162265","targetHints":{"allow":["GET"]}}],"collection":[{"href":"https:\/\/secureus.se\/pl\/wp-json\/wp\/v2\/product"}],"about":[{"href":"https:\/\/secureus.se\/pl\/wp-json\/wp\/v2\/types\/product"}],"wp:featuredmedia":[{"embeddable":true,"href":"https:\/\/secureus.se\/pl\/wp-json\/wp\/v2\/media\/162264"}],"wp:attachment":[{"href":"https:\/\/secureus.se\/pl\/wp-json\/wp\/v2\/media?parent=162265"}],"wp:term":[{"taxonomy":"product_brand","embeddable":true,"href":"https:\/\/secureus.se\/pl\/wp-json\/wp\/v2\/product_brand?post=162265"},{"taxonomy":"product_cat","embeddable":true,"href":"https:\/\/secureus.se\/pl\/wp-json\/wp\/v2\/product_cat?post=162265"},{"taxonomy":"product_tag","embeddable":true,"href":"https:\/\/secureus.se\/pl\/wp-json\/wp\/v2\/product_tag?post=162265"}],"curies":[{"name":"wp","href":"https:\/\/api.w.org\/{rel}","templated":true}]}}