{"id":162267,"date":"2025-11-21T12:16:48","date_gmt":"2025-11-21T11:16:48","guid":{"rendered":"https:\/\/secureus.se\/forlangningskabel-5-m-solo-425\/"},"modified":"2026-04-23T12:46:59","modified_gmt":"2026-04-23T10:46:59","slug":"forlangningskabel-5-m-solo-425","status":"publish","type":"product","link":"https:\/\/secureus.se\/pl\/forlangningskabel-5-m-solo-425\/","title":{"rendered":"Przew\u00f3d przed\u0142u\u017caj\u0105cy 5 m Solo 425"},"content":{"rendered":"<h1>Przew\u00f3d przed\u0142u\u017caj\u0105cy 5 m Solo 425<\/h1>\n<h3 data-start=\"277\" data-end=\"313\">Przew\u00f3d przed\u0142u\u017caj\u0105cy do Solo 424<\/h3>\n<p data-start=\"314\" data-end=\"560\">Solo 425 to przed\u0142u\u017cacz o d\u0142ugo\u015bci 5 metr\u00f3w przeznaczony do zasilanych sieciowo tester\u00f3w napi\u0119cia Solo 424.<\/p>\n<p data-start=\"314\" data-end=\"560\">Je\u015bli potrzebujesz wi\u0119kszego zasi\u0119gu podczas testowania detektor\u00f3w ciep\u0142a, ten kabel u\u0142atwia dotarcie do wielu punkt\u00f3w testowych bez konieczno\u015bci ci\u0105g\u0142ego przesuwania przy\u0142\u0105cza zasilania.<\/p>\n<h3 data-start=\"562\" data-end=\"596\">Elastyczne u\u017cytkowanie na miejscu<\/h3>\n<p data-start=\"597\" data-end=\"826\">Przed\u0142u\u017cacz zapewnia wi\u0119ksz\u0105 swobod\u0119 pracy w wi\u0119kszych pomieszczeniach lub budynkach z niewielk\u0105 liczb\u0105 gniazdek elektrycznych.<\/p>\n<p data-start=\"597\" data-end=\"826\">Wsp\u00f3\u0142pracuje z urz\u0105dzeniem Solo 424 i umo\u017cliwia umieszczenie testera w dowolnym miejscu, nawet je\u015bli gniazdko \u015bcienne znajduje si\u0119 w pewnej odleg\u0142o\u015bci.<\/p>\n<h3 data-start=\"828\" data-end=\"855\">Zalety Solo 425<\/h3>\n<ul data-start=\"856\" data-end=\"999\">\n<li data-start=\"856\" data-end=\"893\">\n<p data-start=\"858\" data-end=\"893\">Dodatkowy kabel o d\u0142ugo\u015bci 5 m zapewniaj\u0105cy wi\u0119kszy zasi\u0119g<\/p>\n<\/li>\n<li data-start=\"894\" data-end=\"924\">\n<p data-start=\"896\" data-end=\"924\">Pasuje do testera Solo 424 VD<\/p>\n<\/li>\n<li data-start=\"925\" data-end=\"958\">\n<p data-start=\"927\" data-end=\"958\">\u0141atwy w u\u017cyciu i pod\u0142\u0105czeniu<\/p>\n<\/li>\n<li data-start=\"959\" data-end=\"999\">\n<p data-start=\"961\" data-end=\"999\">Poprawia wydajno\u015b\u0107 testowania<\/p>\n<\/li>\n<\/ul>\n<p data-start=\"1001\" data-end=\"1028\"><strong>SPECYFIKACJA TECHNICZNA:<\/strong><\/p>\n<ul data-start=\"1029\" data-end=\"1178\">\n<li data-start=\"1029\" data-end=\"1059\">\n<p data-start=\"1031\" data-end=\"1059\">Produkt: Przew\u00f3d przed\u0142u\u017caj\u0105cy<\/p>\n<\/li>\n<li data-start=\"1060\" data-end=\"1080\">\n<p data-start=\"1062\" data-end=\"1080\">Model: Solo 425<\/p>\n<\/li>\n<li data-start=\"1081\" data-end=\"1095\">\n<p data-start=\"1083\" data-end=\"1095\">D\u0142ugo\u015b\u0107: 5 m<\/p>\n<\/li>\n<li data-start=\"1096\" data-end=\"1132\">\n<p data-start=\"1098\" data-end=\"1132\">Stosowany z: testerem Solo 424 VD<\/p>\n<\/li>\n<li data-start=\"1133\" data-end=\"1178\">\n<p data-start=\"1135\" data-end=\"1178\">Funkcja: Zwi\u0119ksza zasi\u0119g po\u0142\u0105czenia sieciowego<\/p>\n<\/li>\n<\/ul>","protected":false},"excerpt":{"rendered":"<p>Kabel przed\u0142u\u017caj\u0105cy Solo 425 to 5-metrowy kabel sieciowy, zwi\u0119kszaj\u0105cy zasi\u0119g testera VD Solo 424 podczas testowania dzia\u0142ania czujek ciep\u0142a.<\/p>\n<p>Zapewnia dodatkow\u0105 elastyczno\u015b\u0107 podczas pracy na wi\u0119kszych powierzchniach. Odpowiedni dla instalator\u00f3w i personelu serwisowego.<\/p>","protected":false},"featured_media":162266,"template":"","meta":{"_acf_changed":false},"product_brand":[],"product_cat":[2945,5088,5074],"product_tag":[],"class_list":{"0":"post-162267","1":"product","2":"type-product","3":"status-publish","4":"has-post-thumbnail","6":"product_cat-solo","7":"product_cat-solo-solo","8":"product_cat-stromforsorjning-professionella-verktyg-for-prov-och-underhall","9":"tm-no-options","11":"first","12":"instock","13":"taxable","14":"shipping-taxable","15":"purchasable","16":"product-type-simple"},"acf":[],"_links":{"self":[{"href":"https:\/\/secureus.se\/pl\/wp-json\/wp\/v2\/product\/162267","targetHints":{"allow":["GET"]}}],"collection":[{"href":"https:\/\/secureus.se\/pl\/wp-json\/wp\/v2\/product"}],"about":[{"href":"https:\/\/secureus.se\/pl\/wp-json\/wp\/v2\/types\/product"}],"wp:featuredmedia":[{"embeddable":true,"href":"https:\/\/secureus.se\/pl\/wp-json\/wp\/v2\/media\/162266"}],"wp:attachment":[{"href":"https:\/\/secureus.se\/pl\/wp-json\/wp\/v2\/media?parent=162267"}],"wp:term":[{"taxonomy":"product_brand","embeddable":true,"href":"https:\/\/secureus.se\/pl\/wp-json\/wp\/v2\/product_brand?post=162267"},{"taxonomy":"product_cat","embeddable":true,"href":"https:\/\/secureus.se\/pl\/wp-json\/wp\/v2\/product_cat?post=162267"},{"taxonomy":"product_tag","embeddable":true,"href":"https:\/\/secureus.se\/pl\/wp-json\/wp\/v2\/product_tag?post=162267"}],"curies":[{"name":"wp","href":"https:\/\/api.w.org\/{rel}","templated":true}]}}