{"id":162269,"date":"2025-11-21T12:16:48","date_gmt":"2025-11-21T11:16:48","guid":{"rendered":"https:\/\/secureus.se\/snabbladdare-solo-727-for-batteri-solo-770\/"},"modified":"2026-04-08T16:01:46","modified_gmt":"2026-04-08T14:01:46","slug":"snabbladdare-solo-727-for-batteri-solo-770","status":"publish","type":"product","link":"https:\/\/secureus.se\/pl\/snabbladdare-solo-727-for-batteri-solo-770\/","title":{"rendered":"Szybka \u0142adowarka Solo 727 do akumulatora Solo 770"},"content":{"rendered":"<h1>Szybka \u0142adowarka Solo 727 do akumulatora Solo 770<\/h1>\n<h3 data-start=\"360\" data-end=\"403\">Szybka \u0142adowarka do baterii Solo 770<\/h3>\n<p data-start=\"404\" data-end=\"802\">Solo 727 to szybka \u0142adowarka opracowana specjalnie do akumulator\u00f3w Solo 770.<\/p>\n<p data-start=\"404\" data-end=\"802\">Baterie te s\u0105 stosowane w przeno\u015bnych testerach detektor\u00f3w, takich jak Solo 461 (tester detektor\u00f3w ciep\u0142a) i w testerach wielokryterialnych <strong data-start=\"610\" data-end=\"633\">Testifire 1000\/1001<\/strong> I <strong data-start=\"638\" data-end=\"661\">Testfire 2000\/2001<\/strong>, dzi\u0119ki czemu Solo 727 staje si\u0119 niezb\u0119dnym akcesorium pozwalaj\u0105cym na utrzymanie sprz\u0119tu testowego w gotowo\u015bci do pracy.<\/p>\n<h3 data-start=\"804\" data-end=\"837\">Szybkie i elastyczne \u0142adowanie<\/h3>\n<p data-start=\"838\" data-end=\"1183\">\u0141adowark\u0119 mo\u017cna pod\u0142\u0105czy\u0107 bezpo\u015brednio do standardowego gniazdka \u015bciennego 230 V lub do gniazda samochodowego 12 V, co zapewnia elastyczno\u015b\u0107 w miejscu pracy.<\/p>\n<p data-start=\"838\" data-end=\"1183\">Kabel ten zosta\u0142 zaprojektowany tak, aby zapewni\u0107 szybkie i bezpieczne \u0142adowanie urz\u0105dzenia Solo 770, a czerwone oznaczenie na kablu pozwala \u0142atwo zidentyfikowa\u0107 w\u0142a\u015bciwe pod\u0142\u0105czenie akumulatora.<\/p>\n<h3 data-start=\"1185\" data-end=\"1237\">\u0141atwy w u\u017cyciu i niezawodny zasilacz<\/h3>\n<p data-start=\"1238\" data-end=\"1525\">Dzi\u0119ki Solo 727 otrzymujesz stabilne rozwi\u0105zanie \u0142adowania, kt\u00f3re minimalizuje przestoje i gwarantuje, \u017ce Twoje akumulatory b\u0119d\u0105 gotowe, gdy ich potrzebujesz.<\/p>\n<p data-start=\"1238\" data-end=\"1525\">Dzi\u0119ki temu mo\u017cna \u0142atwo testowa\u0107 czujniki dymu, ciep\u0142a i tlenku w\u0119gla podczas instalacji, serwisowania lub konserwacji.<\/p>\n<p data-start=\"1527\" data-end=\"1554\">SPECYFIKACJA TECHNICZNA:<\/p>\n<ul data-start=\"1555\" data-end=\"1946\">\n<li data-start=\"1555\" data-end=\"1596\">\n<p data-start=\"1557\" data-end=\"1596\">Produkt: \u0141adowarka akumulator\u00f3w\/szybka \u0142adowarka<\/p>\n<\/li>\n<li data-start=\"1597\" data-end=\"1621\">\n<p data-start=\"1599\" data-end=\"1621\">Model: Solo 727\u2011001<\/p>\n<\/li>\n<li data-start=\"1622\" data-end=\"1686\">\n<p data-start=\"1624\" data-end=\"1686\">W zestawie: Szybka \u0142adowarka Solo 727 do Solo 770<\/p>\n<\/li>\n<li data-start=\"1687\" data-end=\"1727\">\n<p data-start=\"1689\" data-end=\"1727\">Kompatybilno\u015b\u0107: Solo 770 z bateri\u0105<\/p>\n<\/li>\n<li data-start=\"1728\" data-end=\"1792\">\n<p data-start=\"1730\" data-end=\"1792\">Zasilanie: przy\u0142\u0105cze \u015bcienne 230 V i gniazdo samochodowe 12 V<\/p>\n<\/li>\n<li data-start=\"1793\" data-end=\"1859\">\n<p data-start=\"1795\" data-end=\"1859\">Funkcja: \u0141adowanie akumulatora Solo 770 do sprz\u0119tu testowego<\/p>\n<\/li>\n<li data-start=\"1860\" data-end=\"1946\">\n<p data-start=\"1862\" data-end=\"1946\">Zastosowanie: \u0141aduje tylko bateri\u0119 Solo 770<\/p>\n<\/li>\n<\/ul>","protected":false},"excerpt":{"rendered":"<p data-start=\"0\" data-end=\"338\">Szybka \u0142adowarka Solo 727 to \u0142adowarka akumulator\u00f3w przeznaczona do uchwytu akumulatorowego Solo 770 stosowanego w sprz\u0119cie testowym, takim jak seria Solo 461 i Testifire.<\/p>\n<p data-start=\"0\" data-end=\"338\">Szybko \u0142aduje akumulator z napi\u0119cia 230 V lub 12 V.<\/p>\n<p data-start=\"0\" data-end=\"338\">Przeznaczone dla technik\u00f3w i personelu serwisowego potrzebuj\u0105cych szybkiego i niezawodnego \u017ar\u00f3d\u0142a zasilania.<\/p>\n<p data-start=\"340\" data-end=\"359\">","protected":false},"featured_media":162268,"template":"","meta":{"_acf_changed":false},"product_brand":[],"product_cat":[2945,5088,5074,2946],"product_tag":[],"class_list":{"0":"post-162269","1":"product","2":"type-product","3":"status-publish","4":"has-post-thumbnail","6":"product_cat-solo","7":"product_cat-solo-solo","8":"product_cat-stromforsorjning-professionella-verktyg-for-prov-och-underhall","9":"product_cat-testifire","10":"tm-no-options","12":"first","13":"instock","14":"taxable","15":"shipping-taxable","16":"purchasable","17":"product-type-simple"},"acf":[],"_links":{"self":[{"href":"https:\/\/secureus.se\/pl\/wp-json\/wp\/v2\/product\/162269","targetHints":{"allow":["GET"]}}],"collection":[{"href":"https:\/\/secureus.se\/pl\/wp-json\/wp\/v2\/product"}],"about":[{"href":"https:\/\/secureus.se\/pl\/wp-json\/wp\/v2\/types\/product"}],"wp:featuredmedia":[{"embeddable":true,"href":"https:\/\/secureus.se\/pl\/wp-json\/wp\/v2\/media\/162268"}],"wp:attachment":[{"href":"https:\/\/secureus.se\/pl\/wp-json\/wp\/v2\/media?parent=162269"}],"wp:term":[{"taxonomy":"product_brand","embeddable":true,"href":"https:\/\/secureus.se\/pl\/wp-json\/wp\/v2\/product_brand?post=162269"},{"taxonomy":"product_cat","embeddable":true,"href":"https:\/\/secureus.se\/pl\/wp-json\/wp\/v2\/product_cat?post=162269"},{"taxonomy":"product_tag","embeddable":true,"href":"https:\/\/secureus.se\/pl\/wp-json\/wp\/v2\/product_tag?post=162269"}],"curies":[{"name":"wp","href":"https:\/\/api.w.org\/{rel}","templated":true}]}}