{"id":162273,"date":"2025-11-21T12:10:21","date_gmt":"2025-11-21T11:10:21","guid":{"rendered":"https:\/\/secureus.se\/teleskopstang-45-m-solo-100-for-solo-och-testifire-produkterna\/"},"modified":"2026-03-26T12:23:21","modified_gmt":"2026-03-26T11:23:21","slug":"teleskopstang-45-m-solo-100-for-solo-och-testifire-produkterna","status":"publish","type":"product","link":"https:\/\/secureus.se\/pl\/teleskopstang-45-m-solo-100-for-solo-och-testifire-produkterna\/","title":{"rendered":"Tyczka teleskopowa 4,5 m Solo 100 do produkt\u00f3w Solo i Testifire"},"content":{"rendered":"<h1>Tyczka teleskopowa 4,5 m Solo 100 do produkt\u00f3w Solo i Testifire<\/h1>\n<h3 data-start=\"357\" data-end=\"406\">Elastyczny dr\u0105\u017cek teleskopowy do testowania na wysoko\u015bci<\/h3>\n<p data-start=\"407\" data-end=\"656\">Tyczka teleskopowa Solo 100 to profesjonalna i \u0142atwa w u\u017cyciu tyczka wykonana z w\u0142\u00f3kna szklanego, s\u0142u\u017c\u0105ca do kontroli dzia\u0142ania i serwisowania czujek w systemach sygnalizacji po\u017carowej.<\/p>\n<p data-start=\"407\" data-end=\"656\">Zapewnia stabilny zasi\u0119g bez konieczno\u015bci u\u017cycia drabiny i u\u0142atwia przeprowadzanie test\u00f3w czujnik\u00f3w zamontowanych na suficie.<\/p>\n<h3 data-start=\"658\" data-end=\"689\">Projekt i u\u017cytkowanie<\/h3>\n<p data-start=\"690\" data-end=\"1085\">Solo 100 sk\u0142ada si\u0119 z czterech sekcji teleskopowych, kt\u00f3re mo\u017cna rozsun\u0105\u0107 do 4,5 m, co zapewnia zasi\u0119g obejmuj\u0105cy zazwyczaj czujniki zamontowane na wysoko\u015bci do oko\u0142o 6 m nad pod\u0142og\u0105.<\/p>\n<p data-start=\"690\" data-end=\"1085\">Zamontuj narz\u0119dzie Solo lub Testifire na szczycie s\u0142upa, aby wykona\u0107 test detektora dymu, ciep\u0142a lub tlenku w\u0119gla bez konieczno\u015bci wspinania si\u0119 po drabinie.<\/p>\n<h3 data-start=\"1087\" data-end=\"1121\">Po\u0142\u0105cz, aby uzyska\u0107 jeszcze wy\u017csze sufity<\/h3>\n<p data-start=\"1122\" data-end=\"1402\">Je\u015bli zachodzi potrzeba si\u0119gni\u0119cia wy\u017cej, Solo 100 mo\u017cna po\u0142\u0105czy\u0107 z maksymalnie trzema dr\u0105\u017ckami przed\u0142u\u017caj\u0105cymi Solo 101, co pozwoli osi\u0105gn\u0105\u0107 \u0142\u0105czn\u0105 wysoko\u015b\u0107 testowania wynosz\u0105c\u0105 do oko\u0142o 9,3 m.<\/p>\n<p data-start=\"1122\" data-end=\"1402\">Dzi\u0119ki temu idealnie nadaje si\u0119 do du\u017cych pomieszcze\u0144, biur i innych budynk\u00f3w z wysokimi sufitami.<\/p>\n<h3 data-start=\"1404\" data-end=\"1431\">Zalety Solo 100<\/h3>\n<ul data-start=\"1432\" data-end=\"1718\">\n<li data-start=\"1432\" data-end=\"1487\">\n<p data-start=\"1434\" data-end=\"1487\">Czterosekcyjny kij teleskopowy zapewniaj\u0105cy elastyczn\u0105 d\u0142ugo\u015b\u0107<\/p>\n<\/li>\n<li data-start=\"1488\" data-end=\"1529\">\n<p data-start=\"1490\" data-end=\"1529\">Zasi\u0119g do ok. 6 m w pojedynk\u0119<\/p>\n<\/li>\n<li data-start=\"1530\" data-end=\"1597\">\n<p data-start=\"1532\" data-end=\"1597\">Mo\u017cna go wyd\u0142u\u017cy\u0107 do oko\u0142o 9,3 m za pomoc\u0105 dr\u0105\u017ck\u00f3w przed\u0142u\u017caj\u0105cych Solo 101<\/p>\n<\/li>\n<li data-start=\"1598\" data-end=\"1662\">\n<p data-start=\"1600\" data-end=\"1662\">Lekka i nieprzewodz\u0105ca konstrukcja z w\u0142\u00f3kna szklanego zapewniaj\u0105ca bezpieczne u\u017cytkowanie<\/p>\n<\/li>\n<li data-start=\"1663\" data-end=\"1718\">\n<p data-start=\"1665\" data-end=\"1718\">Kompatybilny z narz\u0119dziami testowymi Solo i Testifire<\/p>\n<\/li>\n<\/ul>\n<p data-start=\"1720\" data-end=\"1747\">SPECYFIKACJA TECHNICZNA:<\/p>\n<ul data-start=\"1748\" data-end=\"2212\">\n<li data-start=\"1748\" data-end=\"1774\">\n<p data-start=\"1750\" data-end=\"1774\">Produkt: Tyczka teleskopowa<\/p>\n<\/li>\n<li data-start=\"1775\" data-end=\"1795\">\n<p data-start=\"1777\" data-end=\"1795\">Model: Solo 100<\/p>\n<\/li>\n<li data-start=\"1796\" data-end=\"1820\">\n<p data-start=\"1798\" data-end=\"1820\">Sekcje: 4 sztuki<\/p>\n<\/li>\n<li data-start=\"1821\" data-end=\"1846\">\n<p data-start=\"1823\" data-end=\"1846\">D\u0142ugo\u015b\u0107 po roz\u0142o\u017ceniu: 4,5 m<\/p>\n<\/li>\n<li data-start=\"1847\" data-end=\"1939\">\n<p data-start=\"1849\" data-end=\"1939\">Zasi\u0119g: Do ok. 6 m wysoko\u015bci sufitu bez przed\u0142u\u017cenia<\/p>\n<\/li>\n<li data-start=\"1940\" data-end=\"2033\">\n<p data-start=\"1942\" data-end=\"2033\">Kompatybilny z: narz\u0119dziami testowymi Solo i Testifire<\/p>\n<\/li>\n<li data-start=\"2034\" data-end=\"2134\">\n<p data-start=\"2036\" data-end=\"2134\">Mo\u017cliwo\u015b\u0107 rozbudowy o: Do 3\u00d7 Solo 101 do ca\u0142kowitej wysoko\u015bci ~9,3 m<\/p>\n<\/li>\n<li data-start=\"2135\" data-end=\"2212\">\n<p data-start=\"2137\" data-end=\"2212\">Materia\u0142: W\u0142\u00f3kno szklane, nieprzewodz\u0105ce<\/p>\n<\/li>\n<\/ul>","protected":false},"excerpt":{"rendered":"<p>Tyczka teleskopowa Solo 100 to solidna, czterosekcyjna tyczka o d\u0142ugo\u015bci 4,5 m, umo\u017cliwiaj\u0105ca dost\u0119p do detektor\u00f3w znajduj\u0105cych si\u0119 na wysoko\u015bci sufitu do oko\u0142o 6 m.<\/p>\n<p>Jest kompatybilny z urz\u0105dzeniami testowymi Solo i Testifire i mo\u017cna go rozbudowa\u0107 za pomoc\u0105 pr\u0119t\u00f3w przed\u0142u\u017caj\u0105cych w celu uzyskania wi\u0119kszej wysoko\u015bci.<\/p>\n<p>Przeznaczone dla instalator\u00f3w i personelu serwisowego.<\/p>","protected":false},"featured_media":162272,"template":"","meta":{"_acf_changed":false},"product_brand":[],"product_cat":[2945,5070,5088,5072,5089,2946],"product_tag":[],"class_list":{"0":"post-162273","1":"product","2":"type-product","3":"status-publish","4":"has-post-thumbnail","6":"product_cat-solo","7":"product_cat-provstanger","8":"product_cat-solo-solo","9":"product_cat-solo-365","10":"product_cat-solo-365-solo-365","11":"product_cat-testifire","12":"tm-no-options","14":"first","15":"onbackorder","16":"taxable","17":"shipping-taxable","18":"purchasable","19":"product-type-simple"},"acf":[],"_links":{"self":[{"href":"https:\/\/secureus.se\/pl\/wp-json\/wp\/v2\/product\/162273","targetHints":{"allow":["GET"]}}],"collection":[{"href":"https:\/\/secureus.se\/pl\/wp-json\/wp\/v2\/product"}],"about":[{"href":"https:\/\/secureus.se\/pl\/wp-json\/wp\/v2\/types\/product"}],"wp:featuredmedia":[{"embeddable":true,"href":"https:\/\/secureus.se\/pl\/wp-json\/wp\/v2\/media\/162272"}],"wp:attachment":[{"href":"https:\/\/secureus.se\/pl\/wp-json\/wp\/v2\/media?parent=162273"}],"wp:term":[{"taxonomy":"product_brand","embeddable":true,"href":"https:\/\/secureus.se\/pl\/wp-json\/wp\/v2\/product_brand?post=162273"},{"taxonomy":"product_cat","embeddable":true,"href":"https:\/\/secureus.se\/pl\/wp-json\/wp\/v2\/product_cat?post=162273"},{"taxonomy":"product_tag","embeddable":true,"href":"https:\/\/secureus.se\/pl\/wp-json\/wp\/v2\/product_tag?post=162273"}],"curies":[{"name":"wp","href":"https:\/\/api.w.org\/{rel}","templated":true}]}}